{"id":10,"date":"2021-05-26T21:23:45","date_gmt":"2021-05-26T19:23:45","guid":{"rendered":"https:\/\/stemarie-stjoseph.fr\/college-st-joseph\/nos-parcours-contenu-pedagogique\/"},"modified":"2021-06-28T15:03:33","modified_gmt":"2021-06-28T13:03:33","slug":"nos-parcours-projet-pedagogique","status":"publish","type":"page","link":"https:\/\/stemarie-stjoseph.fr\/college-st-joseph\/nos-parcours-projet-pedagogique\/","title":{"rendered":"Projet p\u00e9dagogique"},"content":{"rendered":"\n<p>Notre communaut\u00e9 \u00e9ducative d\u2019inspiration chr\u00e9tienne est constitu\u00e9e des parents, des enseignants, des personnels d\u2019\u00e9ducation, d\u2019administration, de service avec et pour les jeunes.<\/p>\n\n\n\n<p>Notre volont\u00e9 est de transmettre des connaissances, un savoir et des savoir-faire qui permettent au jeune de s\u2019\u00e9panouir, d\u2019\u00eatre bien dans sa peau et de donner le meilleur de lui-m\u00eame.<\/p>\n\n\n\n<p>Pendant son cursus scolaire, le jeune se sera \u00ab \u00e9lev\u00e9 \u00bb, sera devenu autonome et aura acquis le go\u00fbt de l\u2019effort et le plaisir d\u2019apprendre. Il se sera forg\u00e9 une culture qui le rendra capable de r\u00e9flexion sur le monde qui l\u2019entoure et sur son avenir.<\/p>\n\n\n\n<p>Notre objectif est de former des jeunes respectueux des autres et de leurs diff\u00e9rences, des biens d\u2019autrui et de l\u2019environnement, des futurs citoyens croyant aux valeurs chr\u00e9tiennes, humanistes et morales, des \u00eatres qui soient responsables, humains, ouverts aux autres, au monde, \u00e0 la vie.<\/p>\n","protected":false},"excerpt":{"rendered":"<p>Notre communaut\u00e9 \u00e9ducative d\u2019inspiration chr\u00e9tienne est constitu\u00e9e des parents, des enseignants, des personnels d\u2019\u00e9ducation, d\u2019administration, de service avec et pour les jeunes. Notre volont\u00e9 est de transmettre des connaissances, un savoir et des savoir-faire qui permettent au jeune de s\u2019\u00e9panouir, d\u2019\u00eatre bien dans sa peau et de donner le meilleur de lui-m\u00eame. Pendant son cursus &hellip;<\/p>\n<p class=\"read-more\"> <a class=\"\" href=\"https:\/\/stemarie-stjoseph.fr\/college-st-joseph\/nos-parcours-projet-pedagogique\/\"> <span class=\"screen-reader-text\">Projet p\u00e9dagogique<\/span> Lire la suite\u00a0\u00bb<\/a><\/p>\n","protected":false},"author":4,"featured_media":0,"parent":0,"menu_order":0,"comment_status":"closed","ping_status":"closed","template":"","meta":{"site-sidebar-layout":"default","site-content-layout":"default","ast-main-header-display":"","ast-hfb-above-header-display":"","ast-hfb-below-header-display":"","ast-hfb-mobile-header-display":"","site-post-title":"","ast-breadcrumbs-content":"","ast-featured-img":"","footer-sml-layout":"","theme-transparent-header-meta":"default","adv-header-id-meta":"","stick-header-meta":"","header-above-stick-meta":"","header-main-stick-meta":"","header-below-stick-meta":"","footnotes":""},"yoast_head":"<!-- This site is optimized with the Yoast SEO plugin v24.5 - https:\/\/yoast.com\/wordpress\/plugins\/seo\/ -->\n<title>Projet p\u00e9dagogique - Coll\u00e8ge Saint Joseph<\/title>\n<meta name=\"robots\" content=\"index, follow, max-snippet:-1, max-image-preview:large, max-video-preview:-1\" \/>\n<link rel=\"canonical\" href=\"https:\/\/stemarie-stjoseph.fr\/college-st-joseph\/nos-parcours-projet-pedagogique\/\" \/>\n<meta property=\"og:locale\" content=\"fr_FR\" \/>\n<meta property=\"og:type\" content=\"article\" \/>\n<meta property=\"og:title\" content=\"Projet p\u00e9dagogique - Coll\u00e8ge Saint Joseph\" \/>\n<meta property=\"og:description\" content=\"Notre communaut\u00e9 \u00e9ducative d\u2019inspiration chr\u00e9tienne est constitu\u00e9e des parents, des enseignants, des personnels d\u2019\u00e9ducation, d\u2019administration, de service avec et pour les jeunes. Notre volont\u00e9 est de transmettre des connaissances, un savoir et des savoir-faire qui permettent au jeune de s\u2019\u00e9panouir, d\u2019\u00eatre bien dans sa peau et de donner le meilleur de lui-m\u00eame. Pendant son cursus &hellip; Projet p\u00e9dagogique Lire la suite\u00a0\u00bb\" \/>\n<meta property=\"og:url\" content=\"https:\/\/stemarie-stjoseph.fr\/college-st-joseph\/nos-parcours-projet-pedagogique\/\" \/>\n<meta property=\"og:site_name\" content=\"Coll\u00e8ge Saint Joseph\" \/>\n<meta property=\"article:modified_time\" content=\"2021-06-28T13:03:33+00:00\" \/>\n<meta name=\"twitter:card\" content=\"summary_large_image\" \/>\n<meta name=\"twitter:label1\" content=\"Dur\u00e9e de lecture estim\u00e9e\" \/>\n\t<meta name=\"twitter:data1\" content=\"1 minute\" \/>\n<script type=\"application\/ld+json\" class=\"yoast-schema-graph\">{\"@context\":\"https:\/\/schema.org\",\"@graph\":[{\"@type\":\"WebPage\",\"@id\":\"https:\/\/stemarie-stjoseph.fr\/college-st-joseph\/nos-parcours-projet-pedagogique\/\",\"url\":\"https:\/\/stemarie-stjoseph.fr\/college-st-joseph\/nos-parcours-projet-pedagogique\/\",\"name\":\"Projet p\u00e9dagogique - Coll\u00e8ge Saint Joseph\",\"isPartOf\":{\"@id\":\"https:\/\/stemarie-stjoseph.fr\/college-st-joseph\/#website\"},\"datePublished\":\"2021-05-26T19:23:45+00:00\",\"dateModified\":\"2021-06-28T13:03:33+00:00\",\"breadcrumb\":{\"@id\":\"https:\/\/stemarie-stjoseph.fr\/college-st-joseph\/nos-parcours-projet-pedagogique\/#breadcrumb\"},\"inLanguage\":\"fr-FR\",\"potentialAction\":[{\"@type\":\"ReadAction\",\"target\":[\"https:\/\/stemarie-stjoseph.fr\/college-st-joseph\/nos-parcours-projet-pedagogique\/\"]}]},{\"@type\":\"BreadcrumbList\",\"@id\":\"https:\/\/stemarie-stjoseph.fr\/college-st-joseph\/nos-parcours-projet-pedagogique\/#breadcrumb\",\"itemListElement\":[{\"@type\":\"ListItem\",\"position\":1,\"name\":\"Accueil\",\"item\":\"https:\/\/stemarie-stjoseph.fr\/college-st-joseph\/\"},{\"@type\":\"ListItem\",\"position\":2,\"name\":\"Projet p\u00e9dagogique\"}]},{\"@type\":\"WebSite\",\"@id\":\"https:\/\/stemarie-stjoseph.fr\/college-st-joseph\/#website\",\"url\":\"https:\/\/stemarie-stjoseph.fr\/college-st-joseph\/\",\"name\":\"Coll\u00e8ge Saint Joseph\",\"description\":\"Un site utilisant Groupe scolaire de Saint Beno\u00eet sur Loire\",\"potentialAction\":[{\"@type\":\"SearchAction\",\"target\":{\"@type\":\"EntryPoint\",\"urlTemplate\":\"https:\/\/stemarie-stjoseph.fr\/college-st-joseph\/?s={search_term_string}\"},\"query-input\":{\"@type\":\"PropertyValueSpecification\",\"valueRequired\":true,\"valueName\":\"search_term_string\"}}],\"inLanguage\":\"fr-FR\"}]}<\/script>\n<!-- \/ Yoast SEO plugin. -->","yoast_head_json":{"title":"Projet p\u00e9dagogique - Coll\u00e8ge Saint Joseph","robots":{"index":"index","follow":"follow","max-snippet":"max-snippet:-1","max-image-preview":"max-image-preview:large","max-video-preview":"max-video-preview:-1"},"canonical":"https:\/\/stemarie-stjoseph.fr\/college-st-joseph\/nos-parcours-projet-pedagogique\/","og_locale":"fr_FR","og_type":"article","og_title":"Projet p\u00e9dagogique - Coll\u00e8ge Saint Joseph","og_description":"Notre communaut\u00e9 \u00e9ducative d\u2019inspiration chr\u00e9tienne est constitu\u00e9e des parents, des enseignants, des personnels d\u2019\u00e9ducation, d\u2019administration, de service avec et pour les jeunes. Notre volont\u00e9 est de transmettre des connaissances, un savoir et des savoir-faire qui permettent au jeune de s\u2019\u00e9panouir, d\u2019\u00eatre bien dans sa peau et de donner le meilleur de lui-m\u00eame. Pendant son cursus &hellip; Projet p\u00e9dagogique Lire la suite\u00a0\u00bb","og_url":"https:\/\/stemarie-stjoseph.fr\/college-st-joseph\/nos-parcours-projet-pedagogique\/","og_site_name":"Coll\u00e8ge Saint Joseph","article_modified_time":"2021-06-28T13:03:33+00:00","twitter_card":"summary_large_image","twitter_misc":{"Dur\u00e9e de lecture estim\u00e9e":"1 minute"},"schema":{"@context":"https:\/\/schema.org","@graph":[{"@type":"WebPage","@id":"https:\/\/stemarie-stjoseph.fr\/college-st-joseph\/nos-parcours-projet-pedagogique\/","url":"https:\/\/stemarie-stjoseph.fr\/college-st-joseph\/nos-parcours-projet-pedagogique\/","name":"Projet p\u00e9dagogique - Coll\u00e8ge Saint Joseph","isPartOf":{"@id":"https:\/\/stemarie-stjoseph.fr\/college-st-joseph\/#website"},"datePublished":"2021-05-26T19:23:45+00:00","dateModified":"2021-06-28T13:03:33+00:00","breadcrumb":{"@id":"https:\/\/stemarie-stjoseph.fr\/college-st-joseph\/nos-parcours-projet-pedagogique\/#breadcrumb"},"inLanguage":"fr-FR","potentialAction":[{"@type":"ReadAction","target":["https:\/\/stemarie-stjoseph.fr\/college-st-joseph\/nos-parcours-projet-pedagogique\/"]}]},{"@type":"BreadcrumbList","@id":"https:\/\/stemarie-stjoseph.fr\/college-st-joseph\/nos-parcours-projet-pedagogique\/#breadcrumb","itemListElement":[{"@type":"ListItem","position":1,"name":"Accueil","item":"https:\/\/stemarie-stjoseph.fr\/college-st-joseph\/"},{"@type":"ListItem","position":2,"name":"Projet p\u00e9dagogique"}]},{"@type":"WebSite","@id":"https:\/\/stemarie-stjoseph.fr\/college-st-joseph\/#website","url":"https:\/\/stemarie-stjoseph.fr\/college-st-joseph\/","name":"Coll\u00e8ge Saint Joseph","description":"Un site utilisant Groupe scolaire de Saint Beno\u00eet sur Loire","potentialAction":[{"@type":"SearchAction","target":{"@type":"EntryPoint","urlTemplate":"https:\/\/stemarie-stjoseph.fr\/college-st-joseph\/?s={search_term_string}"},"query-input":{"@type":"PropertyValueSpecification","valueRequired":true,"valueName":"search_term_string"}}],"inLanguage":"fr-FR"}]}},"_links":{"self":[{"href":"https:\/\/stemarie-stjoseph.fr\/college-st-joseph\/wp-json\/wp\/v2\/pages\/10"}],"collection":[{"href":"https:\/\/stemarie-stjoseph.fr\/college-st-joseph\/wp-json\/wp\/v2\/pages"}],"about":[{"href":"https:\/\/stemarie-stjoseph.fr\/college-st-joseph\/wp-json\/wp\/v2\/types\/page"}],"author":[{"embeddable":true,"href":"https:\/\/stemarie-stjoseph.fr\/college-st-joseph\/wp-json\/wp\/v2\/users\/4"}],"replies":[{"embeddable":true,"href":"https:\/\/stemarie-stjoseph.fr\/college-st-joseph\/wp-json\/wp\/v2\/comments?post=10"}],"version-history":[{"count":4,"href":"https:\/\/stemarie-stjoseph.fr\/college-st-joseph\/wp-json\/wp\/v2\/pages\/10\/revisions"}],"predecessor-version":[{"id":300,"href":"https:\/\/stemarie-stjoseph.fr\/college-st-joseph\/wp-json\/wp\/v2\/pages\/10\/revisions\/300"}],"wp:attachment":[{"href":"https:\/\/stemarie-stjoseph.fr\/college-st-joseph\/wp-json\/wp\/v2\/media?parent=10"}],"curies":[{"name":"wp","href":"https:\/\/api.w.org\/{rel}","templated":true}]}}