{"id":12,"date":"2021-05-26T21:23:20","date_gmt":"2021-05-26T19:23:20","guid":{"rendered":"https:\/\/stemarie-stjoseph.fr\/college-st-joseph\/associations-ogec\/"},"modified":"2026-03-05T09:31:32","modified_gmt":"2026-03-05T08:31:32","slug":"associations-ogec","status":"publish","type":"page","link":"https:\/\/stemarie-stjoseph.fr\/college-st-joseph\/associations-ogec\/","title":{"rendered":"OGEC"},"content":{"rendered":"\n<p id=\"block-539728cb-9598-43fb-adc5-2ba66c7bbc3d\">L\u2019OGEC Saint Joseph Sainte Marie (Organisme de Gestion de l\u2019Enseignement Catholique) est une association r\u00e9gie par la loi du 1<sup>er<\/sup> Juillet 1901.<\/p>\n\n\n\n<p id=\"block-aa47e909-6713-43be-87a3-d989c3a88721\">Il a \u00e9t\u00e9 cr\u00e9\u00e9 le 30 Ao\u00fbt 2001 par la fusion de l\u2019OGEC du Coll\u00e8ge Saint Joseph et de l\u2019OGEC de l\u2019\u00c9cole Sainte Marie.<\/p>\n\n\n\n<p id=\"block-61e23577-bf69-4197-b21c-0c64d10d5a64\">Il adh\u00e8re \u00e0 l\u2019UDOGEC du Loiret. L\u2019UDOGEC du Loiret adh\u00e8re \u00e0 l\u2019UROGEC Centre Val de Loire. L\u2019UDOGEC et l\u2019UROGEC adh\u00e8re \u00e0 la FNOGEC.<\/p>\n\n\n\n<p id=\"block-1c871a7d-c019-4919-8b6c-9fd638af95b7\">Le Pr\u00e9sident de l\u2019OGEC est un \u00e9lu b\u00e9n\u00e9vole qui a comp\u00e9tence avec son Conseil d\u2019Administration, dans les domaines&nbsp;: sociaux, immobiliers, financiers, comptables, l\u00e9gislatifs et les relations avec les collectivit\u00e9s publiques.<\/p>\n\n\n\n<p id=\"block-02d93ed1-b31c-4175-b987-d89a0234d37d\">Le Pr\u00e9sident de l\u2019OGEC, en signant la <strong>Charte du Pr\u00e9sident<\/strong>, reconna\u00eet explicitement l\u2019autorit\u00e9 de l\u2019\u00c9v\u00eaque et de la tutelle de la Direction Interdioc\u00e9saine de l\u2019Enseignement Catholique Berry-Loiret.<\/p>\n\n\n\n<p id=\"block-4c69c8ef-3f80-4ce8-a21c-1f00ee22076b\">Tout ou partie des comp\u00e9tences du Pr\u00e9sident de l\u2019OGEC sont d\u00e9l\u00e9gu\u00e9es aux Chefs d\u2019\u00c9tablissement, salari\u00e9s de l\u2019OGEC.<\/p>\n\n\n\n<p id=\"block-f30582fd-2147-422a-a0c6-770f28ff89e7\">COMPOSITION DU CONSEIL D\u2019ADMINISTRATION AU 04 mars 2026<\/p>\n\n\n\n<p id=\"block-39706755-2e3b-4710-afb9-abf5c22cf12d\"><strong>Membres de droit&nbsp;:<\/strong><\/p>\n\n\n\n<p>M. Dominique DURIEZ, Directeur Interdioc\u00e9sain Berry Loiret<\/p>\n\n\n\n<p>Mme Anne de F\u00c9RAUDY, Pr\u00e9sidente de l\u2019UDOGEC du Loiret<\/p>\n\n\n\n<p>P\u00e8re Matthieu GILLET, Abb\u00e9 de l\u2019Abbaye de Fleury<\/p>\n\n\n\n<p>Mme Audrey BRIANDON, Pr\u00e9sidente de l\u2019APEL du Coll\u00e8ge<\/p>\n\n\n\n<p>Mme Aude GALINAND, Pr\u00e9sident de l\u2019APEL de l\u2019\u00c9cole<\/p>\n\n\n\n<p id=\"block-367c33f5-8fec-47b7-b719-c14c6290fc6a\"><strong>Membres \u00e9lus&nbsp;:<\/strong><\/p>\n\n\n\n<p>M. Fabien SOUESME, Pr\u00e9sident <\/p>\n\n\n\n<p>M. Jean-Fran\u00e7ois HALL, Vice-pr\u00e9sident<\/p>\n\n\n\n<p>Mme Charline PLOTTON, Secr\u00e9taire <\/p>\n\n\n\n<p>Mme S\u00e9verine BABAULT, Secr\u00e9taire adjointe <\/p>\n\n\n\n<p>M. Jean-Luc QU\u00c8VRE, Tr\u00e9sorier  <\/p>\n\n\n\n<p>M. S\u00e9bastien ZANCRISTOFORO, Tr\u00e9sorier adjoint <\/p>\n\n\n\n<p>M. Alain BOUTROUX, Administrateur  <\/p>\n\n\n\n<p>M. Jean-Pierre ERISS\u00c9, Administrateur<\/p>\n\n\n\n<p>M. Bernard BOUTRY, Administrateur<\/p>\n\n\n\n<p>M. Damien DE PALO, Administrateur<\/p>\n\n\n\n<p>Mme Anne-Aymone CAMBOURNAC, Administratrice<\/p>\n\n\n\n<p>M. Paul CHASSINE, Administrateur<\/p>\n","protected":false},"excerpt":{"rendered":"<p>L\u2019OGEC Saint Joseph Sainte Marie (Organisme de Gestion de l\u2019Enseignement Catholique) est une association r\u00e9gie par la loi du 1er Juillet 1901. Il a \u00e9t\u00e9 cr\u00e9\u00e9 le 30 Ao\u00fbt 2001 par la fusion de l\u2019OGEC du Coll\u00e8ge Saint Joseph et de l\u2019OGEC de l\u2019\u00c9cole Sainte Marie. Il adh\u00e8re \u00e0 l\u2019UDOGEC du Loiret. L\u2019UDOGEC du Loiret &hellip;<\/p>\n<p class=\"read-more\"> <a class=\"\" href=\"https:\/\/stemarie-stjoseph.fr\/college-st-joseph\/associations-ogec\/\"> <span class=\"screen-reader-text\">OGEC<\/span> Lire la suite\u00a0\u00bb<\/a><\/p>\n","protected":false},"author":4,"featured_media":0,"parent":0,"menu_order":0,"comment_status":"closed","ping_status":"closed","template":"","meta":{"site-sidebar-layout":"default","site-content-layout":"default","ast-main-header-display":"","ast-hfb-above-header-display":"","ast-hfb-below-header-display":"","ast-hfb-mobile-header-display":"","site-post-title":"","ast-breadcrumbs-content":"","ast-featured-img":"","footer-sml-layout":"","theme-transparent-header-meta":"default","adv-header-id-meta":"","stick-header-meta":"","header-above-stick-meta":"","header-main-stick-meta":"","header-below-stick-meta":"","footnotes":""},"yoast_head":"<!-- This site is optimized with the Yoast SEO plugin v24.5 - https:\/\/yoast.com\/wordpress\/plugins\/seo\/ -->\n<title>OGEC - Coll\u00e8ge Saint Joseph<\/title>\n<meta name=\"robots\" content=\"index, follow, max-snippet:-1, max-image-preview:large, max-video-preview:-1\" \/>\n<link rel=\"canonical\" href=\"https:\/\/stemarie-stjoseph.fr\/college-st-joseph\/associations-ogec\/\" \/>\n<meta property=\"og:locale\" content=\"fr_FR\" \/>\n<meta property=\"og:type\" content=\"article\" \/>\n<meta property=\"og:title\" content=\"OGEC - Coll\u00e8ge Saint Joseph\" \/>\n<meta property=\"og:description\" content=\"L\u2019OGEC Saint Joseph Sainte Marie (Organisme de Gestion de l\u2019Enseignement Catholique) est une association r\u00e9gie par la loi du 1er Juillet 1901. Il a \u00e9t\u00e9 cr\u00e9\u00e9 le 30 Ao\u00fbt 2001 par la fusion de l\u2019OGEC du Coll\u00e8ge Saint Joseph et de l\u2019OGEC de l\u2019\u00c9cole Sainte Marie. Il adh\u00e8re \u00e0 l\u2019UDOGEC du Loiret. L\u2019UDOGEC du Loiret &hellip; OGEC Lire la suite\u00a0\u00bb\" \/>\n<meta property=\"og:url\" content=\"https:\/\/stemarie-stjoseph.fr\/college-st-joseph\/associations-ogec\/\" \/>\n<meta property=\"og:site_name\" content=\"Coll\u00e8ge Saint Joseph\" \/>\n<meta property=\"article:modified_time\" content=\"2026-03-05T08:31:32+00:00\" \/>\n<meta name=\"twitter:card\" content=\"summary_large_image\" \/>\n<meta name=\"twitter:label1\" content=\"Dur\u00e9e de lecture estim\u00e9e\" \/>\n\t<meta name=\"twitter:data1\" content=\"2 minutes\" \/>\n<script type=\"application\/ld+json\" class=\"yoast-schema-graph\">{\"@context\":\"https:\/\/schema.org\",\"@graph\":[{\"@type\":\"WebPage\",\"@id\":\"https:\/\/stemarie-stjoseph.fr\/college-st-joseph\/associations-ogec\/\",\"url\":\"https:\/\/stemarie-stjoseph.fr\/college-st-joseph\/associations-ogec\/\",\"name\":\"OGEC - Coll\u00e8ge Saint Joseph\",\"isPartOf\":{\"@id\":\"https:\/\/stemarie-stjoseph.fr\/college-st-joseph\/#website\"},\"datePublished\":\"2021-05-26T19:23:20+00:00\",\"dateModified\":\"2026-03-05T08:31:32+00:00\",\"breadcrumb\":{\"@id\":\"https:\/\/stemarie-stjoseph.fr\/college-st-joseph\/associations-ogec\/#breadcrumb\"},\"inLanguage\":\"fr-FR\",\"potentialAction\":[{\"@type\":\"ReadAction\",\"target\":[\"https:\/\/stemarie-stjoseph.fr\/college-st-joseph\/associations-ogec\/\"]}]},{\"@type\":\"BreadcrumbList\",\"@id\":\"https:\/\/stemarie-stjoseph.fr\/college-st-joseph\/associations-ogec\/#breadcrumb\",\"itemListElement\":[{\"@type\":\"ListItem\",\"position\":1,\"name\":\"Accueil\",\"item\":\"https:\/\/stemarie-stjoseph.fr\/college-st-joseph\/\"},{\"@type\":\"ListItem\",\"position\":2,\"name\":\"OGEC\"}]},{\"@type\":\"WebSite\",\"@id\":\"https:\/\/stemarie-stjoseph.fr\/college-st-joseph\/#website\",\"url\":\"https:\/\/stemarie-stjoseph.fr\/college-st-joseph\/\",\"name\":\"Coll\u00e8ge Saint Joseph\",\"description\":\"Un site utilisant Groupe scolaire de Saint Beno\u00eet sur Loire\",\"potentialAction\":[{\"@type\":\"SearchAction\",\"target\":{\"@type\":\"EntryPoint\",\"urlTemplate\":\"https:\/\/stemarie-stjoseph.fr\/college-st-joseph\/?s={search_term_string}\"},\"query-input\":{\"@type\":\"PropertyValueSpecification\",\"valueRequired\":true,\"valueName\":\"search_term_string\"}}],\"inLanguage\":\"fr-FR\"}]}<\/script>\n<!-- \/ Yoast SEO plugin. -->","yoast_head_json":{"title":"OGEC - Coll\u00e8ge Saint Joseph","robots":{"index":"index","follow":"follow","max-snippet":"max-snippet:-1","max-image-preview":"max-image-preview:large","max-video-preview":"max-video-preview:-1"},"canonical":"https:\/\/stemarie-stjoseph.fr\/college-st-joseph\/associations-ogec\/","og_locale":"fr_FR","og_type":"article","og_title":"OGEC - Coll\u00e8ge Saint Joseph","og_description":"L\u2019OGEC Saint Joseph Sainte Marie (Organisme de Gestion de l\u2019Enseignement Catholique) est une association r\u00e9gie par la loi du 1er Juillet 1901. Il a \u00e9t\u00e9 cr\u00e9\u00e9 le 30 Ao\u00fbt 2001 par la fusion de l\u2019OGEC du Coll\u00e8ge Saint Joseph et de l\u2019OGEC de l\u2019\u00c9cole Sainte Marie. Il adh\u00e8re \u00e0 l\u2019UDOGEC du Loiret. L\u2019UDOGEC du Loiret &hellip; OGEC Lire la suite\u00a0\u00bb","og_url":"https:\/\/stemarie-stjoseph.fr\/college-st-joseph\/associations-ogec\/","og_site_name":"Coll\u00e8ge Saint Joseph","article_modified_time":"2026-03-05T08:31:32+00:00","twitter_card":"summary_large_image","twitter_misc":{"Dur\u00e9e de lecture estim\u00e9e":"2 minutes"},"schema":{"@context":"https:\/\/schema.org","@graph":[{"@type":"WebPage","@id":"https:\/\/stemarie-stjoseph.fr\/college-st-joseph\/associations-ogec\/","url":"https:\/\/stemarie-stjoseph.fr\/college-st-joseph\/associations-ogec\/","name":"OGEC - Coll\u00e8ge Saint Joseph","isPartOf":{"@id":"https:\/\/stemarie-stjoseph.fr\/college-st-joseph\/#website"},"datePublished":"2021-05-26T19:23:20+00:00","dateModified":"2026-03-05T08:31:32+00:00","breadcrumb":{"@id":"https:\/\/stemarie-stjoseph.fr\/college-st-joseph\/associations-ogec\/#breadcrumb"},"inLanguage":"fr-FR","potentialAction":[{"@type":"ReadAction","target":["https:\/\/stemarie-stjoseph.fr\/college-st-joseph\/associations-ogec\/"]}]},{"@type":"BreadcrumbList","@id":"https:\/\/stemarie-stjoseph.fr\/college-st-joseph\/associations-ogec\/#breadcrumb","itemListElement":[{"@type":"ListItem","position":1,"name":"Accueil","item":"https:\/\/stemarie-stjoseph.fr\/college-st-joseph\/"},{"@type":"ListItem","position":2,"name":"OGEC"}]},{"@type":"WebSite","@id":"https:\/\/stemarie-stjoseph.fr\/college-st-joseph\/#website","url":"https:\/\/stemarie-stjoseph.fr\/college-st-joseph\/","name":"Coll\u00e8ge Saint Joseph","description":"Un site utilisant Groupe scolaire de Saint Beno\u00eet sur Loire","potentialAction":[{"@type":"SearchAction","target":{"@type":"EntryPoint","urlTemplate":"https:\/\/stemarie-stjoseph.fr\/college-st-joseph\/?s={search_term_string}"},"query-input":{"@type":"PropertyValueSpecification","valueRequired":true,"valueName":"search_term_string"}}],"inLanguage":"fr-FR"}]}},"_links":{"self":[{"href":"https:\/\/stemarie-stjoseph.fr\/college-st-joseph\/wp-json\/wp\/v2\/pages\/12"}],"collection":[{"href":"https:\/\/stemarie-stjoseph.fr\/college-st-joseph\/wp-json\/wp\/v2\/pages"}],"about":[{"href":"https:\/\/stemarie-stjoseph.fr\/college-st-joseph\/wp-json\/wp\/v2\/types\/page"}],"author":[{"embeddable":true,"href":"https:\/\/stemarie-stjoseph.fr\/college-st-joseph\/wp-json\/wp\/v2\/users\/4"}],"replies":[{"embeddable":true,"href":"https:\/\/stemarie-stjoseph.fr\/college-st-joseph\/wp-json\/wp\/v2\/comments?post=12"}],"version-history":[{"count":16,"href":"https:\/\/stemarie-stjoseph.fr\/college-st-joseph\/wp-json\/wp\/v2\/pages\/12\/revisions"}],"predecessor-version":[{"id":439,"href":"https:\/\/stemarie-stjoseph.fr\/college-st-joseph\/wp-json\/wp\/v2\/pages\/12\/revisions\/439"}],"wp:attachment":[{"href":"https:\/\/stemarie-stjoseph.fr\/college-st-joseph\/wp-json\/wp\/v2\/media?parent=12"}],"curies":[{"name":"wp","href":"https:\/\/api.w.org\/{rel}","templated":true}]}}