{"id":133,"date":"2021-06-14T12:59:03","date_gmt":"2021-06-14T10:59:03","guid":{"rendered":"https:\/\/stemarie-stjoseph.fr\/college-st-joseph\/restoration-2\/"},"modified":"2021-06-25T09:03:32","modified_gmt":"2021-06-25T07:03:32","slug":"infos-pratiques-restauration","status":"publish","type":"page","link":"https:\/\/stemarie-stjoseph.fr\/college-st-joseph\/infos-pratiques-restauration\/","title":{"rendered":"Restauration"},"content":{"rendered":"\n<p>Le restaurant scolaire se trouve dans l\u2019enceinte de l\u2019\u00e9cole. Les repas sont pr\u00e9par\u00e9s sur place par nos deux personnels de restauration.<\/p>\n\n\n\n<table id=\"tablepress-2\" class=\"tablepress tablepress-id-2\">\n<thead>\n<tr class=\"row-1\">\n\t<td class=\"column-1\"><\/td><th class=\"column-2\">TARIFS (\u20ac)<\/th>\n<\/tr>\n<\/thead>\n<tbody class=\"row-striping row-hover\">\n<tr class=\"row-2\">\n\t<td class=\"column-1\">MATERNELLE<\/td><td class=\"column-2\">5.27<\/td>\n<\/tr>\n<tr class=\"row-3\">\n\t<td class=\"column-1\">PRIMAIRE<\/td><td class=\"column-2\">6.41<\/td>\n<\/tr>\n<tr class=\"row-4\">\n\t<td class=\"column-1\">COLL\u00c8GE<\/td><td class=\"column-2\">6.73<\/td>\n<\/tr>\n<tr class=\"row-5\">\n\t<td class=\"column-1\">3\u00e8me ENFANT \u00e0 l\u2019\u00e9cole<\/td><td class=\"column-2\">3.88<\/td>\n<\/tr>\n<tr class=\"row-6\">\n\t<td class=\"column-1\">OCCASIONNEL<\/td><td class=\"column-2\">7.45<\/td>\n<\/tr>\n<\/tbody>\n<\/table>\n<!-- #tablepress-2 from cache -->\n\n\n\n<div style=\"height:50px\" aria-hidden=\"true\" class=\"wp-block-spacer\"><\/div>\n\n\n\n<figure class=\"wp-block-gallery columns-3 is-cropped wp-block-gallery-1 is-layout-flex wp-block-gallery-is-layout-flex\"><ul class=\"blocks-gallery-grid\"><li class=\"blocks-gallery-item\"><figure><img fetchpriority=\"high\" decoding=\"async\" width=\"1024\" height=\"485\" src=\"https:\/\/stemarie-stjoseph.fr\/college-st-joseph\/wp-content\/uploads\/sites\/12\/2021\/06\/Restaurant_exterieur_1-2-1024x485.jpg\" alt=\"\" data-id=\"243\" data-full-url=\"https:\/\/stemarie-stjoseph.fr\/college-st-joseph\/wp-content\/uploads\/sites\/12\/2021\/06\/Restaurant_exterieur_1-2-scaled.jpg\" data-link=\"https:\/\/stemarie-stjoseph.fr\/college-st-joseph\/infos-pratiques-restauration\/restaurant_exterieur_1-2\/\" class=\"wp-image-243\" srcset=\"https:\/\/stemarie-stjoseph.fr\/college-st-joseph\/wp-content\/uploads\/sites\/12\/2021\/06\/Restaurant_exterieur_1-2-1024x485.jpg 1024w, https:\/\/stemarie-stjoseph.fr\/college-st-joseph\/wp-content\/uploads\/sites\/12\/2021\/06\/Restaurant_exterieur_1-2-300x142.jpg 300w, https:\/\/stemarie-stjoseph.fr\/college-st-joseph\/wp-content\/uploads\/sites\/12\/2021\/06\/Restaurant_exterieur_1-2-768x363.jpg 768w, https:\/\/stemarie-stjoseph.fr\/college-st-joseph\/wp-content\/uploads\/sites\/12\/2021\/06\/Restaurant_exterieur_1-2-1536x727.jpg 1536w, https:\/\/stemarie-stjoseph.fr\/college-st-joseph\/wp-content\/uploads\/sites\/12\/2021\/06\/Restaurant_exterieur_1-2-2048x969.jpg 2048w\" sizes=\"(max-width: 1024px) 100vw, 1024px\" \/><\/figure><\/li><li class=\"blocks-gallery-item\"><figure><img decoding=\"async\" width=\"1024\" height=\"683\" src=\"https:\/\/stemarie-stjoseph.fr\/college-st-joseph\/wp-content\/uploads\/sites\/12\/2021\/06\/Restaurant_interieur_1-1024x683.jpg\" alt=\"\" data-id=\"140\" data-full-url=\"https:\/\/stemarie-stjoseph.fr\/college-st-joseph\/wp-content\/uploads\/sites\/12\/2021\/06\/Restaurant_interieur_1-scaled.jpg\" data-link=\"https:\/\/stemarie-stjoseph.fr\/college-st-joseph\/infos-pratiques-restauration\/restaurant_interieur_1\/\" class=\"wp-image-140\" srcset=\"https:\/\/stemarie-stjoseph.fr\/college-st-joseph\/wp-content\/uploads\/sites\/12\/2021\/06\/Restaurant_interieur_1-1024x683.jpg 1024w, https:\/\/stemarie-stjoseph.fr\/college-st-joseph\/wp-content\/uploads\/sites\/12\/2021\/06\/Restaurant_interieur_1-300x200.jpg 300w, https:\/\/stemarie-stjoseph.fr\/college-st-joseph\/wp-content\/uploads\/sites\/12\/2021\/06\/Restaurant_interieur_1-768x512.jpg 768w, https:\/\/stemarie-stjoseph.fr\/college-st-joseph\/wp-content\/uploads\/sites\/12\/2021\/06\/Restaurant_interieur_1-1536x1024.jpg 1536w, https:\/\/stemarie-stjoseph.fr\/college-st-joseph\/wp-content\/uploads\/sites\/12\/2021\/06\/Restaurant_interieur_1-2048x1365.jpg 2048w\" sizes=\"(max-width: 1024px) 100vw, 1024px\" \/><\/figure><\/li><li class=\"blocks-gallery-item\"><figure><img decoding=\"async\" width=\"1024\" height=\"608\" src=\"https:\/\/stemarie-stjoseph.fr\/college-st-joseph\/wp-content\/uploads\/sites\/12\/2021\/06\/Restaurant_interieur_2-1024x608.jpg\" alt=\"\" data-id=\"141\" data-full-url=\"https:\/\/stemarie-stjoseph.fr\/college-st-joseph\/wp-content\/uploads\/sites\/12\/2021\/06\/Restaurant_interieur_2-scaled.jpg\" data-link=\"https:\/\/stemarie-stjoseph.fr\/college-st-joseph\/infos-pratiques-restauration\/restaurant_interieur_2\/\" class=\"wp-image-141\" srcset=\"https:\/\/stemarie-stjoseph.fr\/college-st-joseph\/wp-content\/uploads\/sites\/12\/2021\/06\/Restaurant_interieur_2-1024x608.jpg 1024w, https:\/\/stemarie-stjoseph.fr\/college-st-joseph\/wp-content\/uploads\/sites\/12\/2021\/06\/Restaurant_interieur_2-300x178.jpg 300w, https:\/\/stemarie-stjoseph.fr\/college-st-joseph\/wp-content\/uploads\/sites\/12\/2021\/06\/Restaurant_interieur_2-768x456.jpg 768w, https:\/\/stemarie-stjoseph.fr\/college-st-joseph\/wp-content\/uploads\/sites\/12\/2021\/06\/Restaurant_interieur_2-1536x912.jpg 1536w, https:\/\/stemarie-stjoseph.fr\/college-st-joseph\/wp-content\/uploads\/sites\/12\/2021\/06\/Restaurant_interieur_2-2048x1216.jpg 2048w\" sizes=\"(max-width: 1024px) 100vw, 1024px\" \/><\/figure><\/li><\/ul><\/figure>\n","protected":false},"excerpt":{"rendered":"<p>Le restaurant scolaire se trouve dans l\u2019enceinte de l\u2019\u00e9cole. Les repas sont pr\u00e9par\u00e9s sur place par nos deux personnels de restauration.<\/p>\n","protected":false},"author":4,"featured_media":0,"parent":0,"menu_order":0,"comment_status":"closed","ping_status":"closed","template":"","meta":{"site-sidebar-layout":"default","site-content-layout":"default","ast-main-header-display":"","ast-hfb-above-header-display":"","ast-hfb-below-header-display":"","ast-hfb-mobile-header-display":"","site-post-title":"","ast-breadcrumbs-content":"","ast-featured-img":"","footer-sml-layout":"","theme-transparent-header-meta":"default","adv-header-id-meta":"","stick-header-meta":"","header-above-stick-meta":"","header-main-stick-meta":"","header-below-stick-meta":"","footnotes":""},"yoast_head":"<!-- This site is optimized with the Yoast SEO plugin v24.5 - https:\/\/yoast.com\/wordpress\/plugins\/seo\/ -->\n<title>Restauration - Coll\u00e8ge Saint Joseph<\/title>\n<meta name=\"robots\" content=\"index, follow, max-snippet:-1, max-image-preview:large, max-video-preview:-1\" \/>\n<link rel=\"canonical\" href=\"https:\/\/stemarie-stjoseph.fr\/college-st-joseph\/infos-pratiques-restauration\/\" \/>\n<meta property=\"og:locale\" content=\"fr_FR\" \/>\n<meta property=\"og:type\" content=\"article\" \/>\n<meta property=\"og:title\" content=\"Restauration - Coll\u00e8ge Saint Joseph\" \/>\n<meta property=\"og:description\" content=\"Le restaurant scolaire se trouve dans l\u2019enceinte de l\u2019\u00e9cole. Les repas sont pr\u00e9par\u00e9s sur place par nos deux personnels de restauration.\" \/>\n<meta property=\"og:url\" content=\"https:\/\/stemarie-stjoseph.fr\/college-st-joseph\/infos-pratiques-restauration\/\" \/>\n<meta property=\"og:site_name\" content=\"Coll\u00e8ge Saint Joseph\" \/>\n<meta property=\"article:modified_time\" content=\"2021-06-25T07:03:32+00:00\" \/>\n<meta property=\"og:image\" content=\"https:\/\/stemarie-stjoseph.fr\/college-st-joseph\/wp-content\/uploads\/sites\/12\/2021\/06\/Restaurant_exterieur_1-2-1024x485.jpg\" \/>\n<meta name=\"twitter:card\" content=\"summary_large_image\" \/>\n<meta name=\"twitter:label1\" content=\"Dur\u00e9e de lecture estim\u00e9e\" \/>\n\t<meta name=\"twitter:data1\" content=\"1 minute\" \/>\n<script type=\"application\/ld+json\" class=\"yoast-schema-graph\">{\"@context\":\"https:\/\/schema.org\",\"@graph\":[{\"@type\":\"WebPage\",\"@id\":\"https:\/\/stemarie-stjoseph.fr\/college-st-joseph\/infos-pratiques-restauration\/\",\"url\":\"https:\/\/stemarie-stjoseph.fr\/college-st-joseph\/infos-pratiques-restauration\/\",\"name\":\"Restauration - Coll\u00e8ge Saint Joseph\",\"isPartOf\":{\"@id\":\"https:\/\/stemarie-stjoseph.fr\/college-st-joseph\/#website\"},\"primaryImageOfPage\":{\"@id\":\"https:\/\/stemarie-stjoseph.fr\/college-st-joseph\/infos-pratiques-restauration\/#primaryimage\"},\"image\":{\"@id\":\"https:\/\/stemarie-stjoseph.fr\/college-st-joseph\/infos-pratiques-restauration\/#primaryimage\"},\"thumbnailUrl\":\"https:\/\/stemarie-stjoseph.fr\/college-st-joseph\/wp-content\/uploads\/sites\/12\/2021\/06\/Restaurant_exterieur_1-2-1024x485.jpg\",\"datePublished\":\"2021-06-14T10:59:03+00:00\",\"dateModified\":\"2021-06-25T07:03:32+00:00\",\"breadcrumb\":{\"@id\":\"https:\/\/stemarie-stjoseph.fr\/college-st-joseph\/infos-pratiques-restauration\/#breadcrumb\"},\"inLanguage\":\"fr-FR\",\"potentialAction\":[{\"@type\":\"ReadAction\",\"target\":[\"https:\/\/stemarie-stjoseph.fr\/college-st-joseph\/infos-pratiques-restauration\/\"]}]},{\"@type\":\"ImageObject\",\"inLanguage\":\"fr-FR\",\"@id\":\"https:\/\/stemarie-stjoseph.fr\/college-st-joseph\/infos-pratiques-restauration\/#primaryimage\",\"url\":\"https:\/\/stemarie-stjoseph.fr\/college-st-joseph\/wp-content\/uploads\/sites\/12\/2021\/06\/Restaurant_exterieur_1-2-1024x485.jpg\",\"contentUrl\":\"https:\/\/stemarie-stjoseph.fr\/college-st-joseph\/wp-content\/uploads\/sites\/12\/2021\/06\/Restaurant_exterieur_1-2-1024x485.jpg\"},{\"@type\":\"BreadcrumbList\",\"@id\":\"https:\/\/stemarie-stjoseph.fr\/college-st-joseph\/infos-pratiques-restauration\/#breadcrumb\",\"itemListElement\":[{\"@type\":\"ListItem\",\"position\":1,\"name\":\"Accueil\",\"item\":\"https:\/\/stemarie-stjoseph.fr\/college-st-joseph\/\"},{\"@type\":\"ListItem\",\"position\":2,\"name\":\"Restauration\"}]},{\"@type\":\"WebSite\",\"@id\":\"https:\/\/stemarie-stjoseph.fr\/college-st-joseph\/#website\",\"url\":\"https:\/\/stemarie-stjoseph.fr\/college-st-joseph\/\",\"name\":\"Coll\u00e8ge Saint Joseph\",\"description\":\"Un site utilisant Groupe scolaire de Saint Beno\u00eet sur Loire\",\"potentialAction\":[{\"@type\":\"SearchAction\",\"target\":{\"@type\":\"EntryPoint\",\"urlTemplate\":\"https:\/\/stemarie-stjoseph.fr\/college-st-joseph\/?s={search_term_string}\"},\"query-input\":{\"@type\":\"PropertyValueSpecification\",\"valueRequired\":true,\"valueName\":\"search_term_string\"}}],\"inLanguage\":\"fr-FR\"}]}<\/script>\n<!-- \/ Yoast SEO plugin. -->","yoast_head_json":{"title":"Restauration - Coll\u00e8ge Saint Joseph","robots":{"index":"index","follow":"follow","max-snippet":"max-snippet:-1","max-image-preview":"max-image-preview:large","max-video-preview":"max-video-preview:-1"},"canonical":"https:\/\/stemarie-stjoseph.fr\/college-st-joseph\/infos-pratiques-restauration\/","og_locale":"fr_FR","og_type":"article","og_title":"Restauration - Coll\u00e8ge Saint Joseph","og_description":"Le restaurant scolaire se trouve dans l\u2019enceinte de l\u2019\u00e9cole. Les repas sont pr\u00e9par\u00e9s sur place par nos deux personnels de restauration.","og_url":"https:\/\/stemarie-stjoseph.fr\/college-st-joseph\/infos-pratiques-restauration\/","og_site_name":"Coll\u00e8ge Saint Joseph","article_modified_time":"2021-06-25T07:03:32+00:00","og_image":[{"url":"https:\/\/stemarie-stjoseph.fr\/college-st-joseph\/wp-content\/uploads\/sites\/12\/2021\/06\/Restaurant_exterieur_1-2-1024x485.jpg","type":"","width":"","height":""}],"twitter_card":"summary_large_image","twitter_misc":{"Dur\u00e9e de lecture estim\u00e9e":"1 minute"},"schema":{"@context":"https:\/\/schema.org","@graph":[{"@type":"WebPage","@id":"https:\/\/stemarie-stjoseph.fr\/college-st-joseph\/infos-pratiques-restauration\/","url":"https:\/\/stemarie-stjoseph.fr\/college-st-joseph\/infos-pratiques-restauration\/","name":"Restauration - Coll\u00e8ge Saint Joseph","isPartOf":{"@id":"https:\/\/stemarie-stjoseph.fr\/college-st-joseph\/#website"},"primaryImageOfPage":{"@id":"https:\/\/stemarie-stjoseph.fr\/college-st-joseph\/infos-pratiques-restauration\/#primaryimage"},"image":{"@id":"https:\/\/stemarie-stjoseph.fr\/college-st-joseph\/infos-pratiques-restauration\/#primaryimage"},"thumbnailUrl":"https:\/\/stemarie-stjoseph.fr\/college-st-joseph\/wp-content\/uploads\/sites\/12\/2021\/06\/Restaurant_exterieur_1-2-1024x485.jpg","datePublished":"2021-06-14T10:59:03+00:00","dateModified":"2021-06-25T07:03:32+00:00","breadcrumb":{"@id":"https:\/\/stemarie-stjoseph.fr\/college-st-joseph\/infos-pratiques-restauration\/#breadcrumb"},"inLanguage":"fr-FR","potentialAction":[{"@type":"ReadAction","target":["https:\/\/stemarie-stjoseph.fr\/college-st-joseph\/infos-pratiques-restauration\/"]}]},{"@type":"ImageObject","inLanguage":"fr-FR","@id":"https:\/\/stemarie-stjoseph.fr\/college-st-joseph\/infos-pratiques-restauration\/#primaryimage","url":"https:\/\/stemarie-stjoseph.fr\/college-st-joseph\/wp-content\/uploads\/sites\/12\/2021\/06\/Restaurant_exterieur_1-2-1024x485.jpg","contentUrl":"https:\/\/stemarie-stjoseph.fr\/college-st-joseph\/wp-content\/uploads\/sites\/12\/2021\/06\/Restaurant_exterieur_1-2-1024x485.jpg"},{"@type":"BreadcrumbList","@id":"https:\/\/stemarie-stjoseph.fr\/college-st-joseph\/infos-pratiques-restauration\/#breadcrumb","itemListElement":[{"@type":"ListItem","position":1,"name":"Accueil","item":"https:\/\/stemarie-stjoseph.fr\/college-st-joseph\/"},{"@type":"ListItem","position":2,"name":"Restauration"}]},{"@type":"WebSite","@id":"https:\/\/stemarie-stjoseph.fr\/college-st-joseph\/#website","url":"https:\/\/stemarie-stjoseph.fr\/college-st-joseph\/","name":"Coll\u00e8ge Saint Joseph","description":"Un site utilisant Groupe scolaire de Saint Beno\u00eet sur Loire","potentialAction":[{"@type":"SearchAction","target":{"@type":"EntryPoint","urlTemplate":"https:\/\/stemarie-stjoseph.fr\/college-st-joseph\/?s={search_term_string}"},"query-input":{"@type":"PropertyValueSpecification","valueRequired":true,"valueName":"search_term_string"}}],"inLanguage":"fr-FR"}]}},"_links":{"self":[{"href":"https:\/\/stemarie-stjoseph.fr\/college-st-joseph\/wp-json\/wp\/v2\/pages\/133"}],"collection":[{"href":"https:\/\/stemarie-stjoseph.fr\/college-st-joseph\/wp-json\/wp\/v2\/pages"}],"about":[{"href":"https:\/\/stemarie-stjoseph.fr\/college-st-joseph\/wp-json\/wp\/v2\/types\/page"}],"author":[{"embeddable":true,"href":"https:\/\/stemarie-stjoseph.fr\/college-st-joseph\/wp-json\/wp\/v2\/users\/4"}],"replies":[{"embeddable":true,"href":"https:\/\/stemarie-stjoseph.fr\/college-st-joseph\/wp-json\/wp\/v2\/comments?post=133"}],"version-history":[{"count":22,"href":"https:\/\/stemarie-stjoseph.fr\/college-st-joseph\/wp-json\/wp\/v2\/pages\/133\/revisions"}],"predecessor-version":[{"id":258,"href":"https:\/\/stemarie-stjoseph.fr\/college-st-joseph\/wp-json\/wp\/v2\/pages\/133\/revisions\/258"}],"wp:attachment":[{"href":"https:\/\/stemarie-stjoseph.fr\/college-st-joseph\/wp-json\/wp\/v2\/media?parent=133"}],"curies":[{"name":"wp","href":"https:\/\/api.w.org\/{rel}","templated":true}]}}