{"id":212,"date":"2021-06-15T15:24:03","date_gmt":"2021-06-15T13:24:03","guid":{"rendered":"https:\/\/stemarie-stjoseph.fr\/college-st-joseph\/?page_id=212"},"modified":"2025-02-05T14:11:35","modified_gmt":"2025-02-05T13:11:35","slug":"historique","status":"publish","type":"page","link":"https:\/\/stemarie-stjoseph.fr\/college-st-joseph\/historique\/","title":{"rendered":"Historique"},"content":{"rendered":"\n<p>Les deux \u00e9tablissements catholiques d&rsquo;enseignement Sainte Marie &#8211; Saint Joseph implant\u00e9s \u00e0 Saint Beno\u00eet sur Loire sont les fruits d&rsquo;un \u00e9v\u00e9nement spirituel fondateur : le 11 octobre 1944, les moines b\u00e9n\u00e9dictins r\u00e9tablissent la vie conventuelle \u00e0 l&rsquo;Abbaye de Fleury.<\/p>\n\n\n\n<p>Apr\u00e8s l&rsquo;ouverture d&rsquo;une \u00e9cole de filles par l&rsquo;Institut s\u00e9culier Sainte Marie en 1946, il est d\u00e9cid\u00e9 en octobre 1947 d&rsquo;ouvrir une \u00e9cole Saint Joseph, pour les gar\u00e7ons. Celle-ci est fond\u00e9e pour r\u00e9pondre au d\u00e9sir exprim\u00e9 par des parents d&rsquo;assurer \u00e0 leurs enfants une \u00e9ducation chr\u00e9tienne qui prolonge celle de la famille. Du c\u00f4t\u00e9 du monast\u00e8re, qui \u00e9tait aussi partie prenante, il semble que ce soit \u00ab le besoin de prendre contact avec la population et de s&rsquo;enraciner dans un milieu humain, qui ait motiv\u00e9 la d\u00e9cision \u00bb (P\u00e8re JEAN).<\/p>\n\n\n\n<p>Pendant une dizaine d&rsquo;ann\u00e9es, l\u2019\u00e9cole Saint Joseph dont la direction est assur\u00e9e l\u00e9galement par un religieux, P\u00e8re VINCENT, est organis\u00e9 avec une structure de classe unique dont l&rsquo;enseignement est dispens\u00e9 par un instituteur la\u00efc (six ma\u00eetres vont se succ\u00e9der pendant cette p\u00e9riode).<br>Le P\u00e8re JEAN assure l&rsquo;\u00e9ducation musicale et religieuse ; ce sera le d\u00e9but de la formation d&rsquo;une chorale d&rsquo;enfants de qualit\u00e9.<\/p>\n\n\n\n<p>En octobre 1958 intervient le recrutement de Monsieur Rapha\u00ebl DOGNIEZ qui prend en charge la classe unique (16 \u00e9l\u00e8ves). Parmi eux, cinq suivent le programme de 6<sup>\u00e8me&nbsp;<\/sup>; ils poursuivent leur scolarit\u00e9 en 5<sup>\u00e8me<\/sup> \u00e0 Orl\u00e9ans.<\/p>\n\n\n\n<p>Le 15 janvier 1961, visite de l&rsquo;Inspecteur primaire en vue du contrat avec l&rsquo;Etat.<\/p>\n\n\n\n<p>A la rentr\u00e9e de septembre 1963, L&rsquo;effectif croissant permet l&rsquo;ouverture d&rsquo;une deuxi\u00e8me classe primaire. Une nouvelle institutrice enseigne alors \u00e0 l&rsquo;\u00e9cole Saint Joseph qui compte 40 \u00e9l\u00e8ves. Ces deux classes obtiennent le contrat avec l\u2019Etat.<\/p>\n\n\n\n<p>A la rentr\u00e9e 1965, ouverture d&rsquo;un cours compl\u00e9mentaire avec une classe de 6<sup>\u00e8me<\/sup> dont l&rsquo;effectif est de 20 \u00e9l\u00e8ves. L&rsquo;\u00e9cole primaire est jumel\u00e9e avec Sainte Marie, et Saint-Joseph conservera en mixit\u00e9 les cours moyens.<\/p>\n\n\n\n<p>La premi\u00e8re classe de cinqui\u00e8me ouvrira en 1965, la premi\u00e8re quatri\u00e8me en 1971 et la premi\u00e8re troisi\u00e8me en 1972.<\/p>\n\n\n\n<p>A la rentr\u00e9e 1973, le cours compl\u00e9mentaire compte six classes formant un ensemble de 128 \u00e9l\u00e8ves. Cet effectif ne permet plus de conserver les classes de cours moyens, place du Grand Arcis. C&rsquo;est l&rsquo;\u00e9cole Sainte Marie qui va assurer la totalit\u00e9 du cycle primaire.<\/p>\n\n\n\n<p>En 1982 &#8211; 1983, l&rsquo;\u00e9tablissement devenu coll\u00e8ge (et non plus cours compl\u00e9mentaire) obtient le contrat d&rsquo;association. Le coll\u00e8ge Saint Joseph compte huit classes avec plus de 200 \u00e9l\u00e8ves.<\/p>\n\n\n\n<p>En septembre 1998, Madame Catherine COQUELET accepte d&rsquo;\u00eatre l&rsquo;animatrice en pastorale du coll\u00e8ge, poste nouvellement cr\u00e9\u00e9. Il est \u00e0 noter qu&rsquo;elle accepte cette mission b\u00e9n\u00e9volement.<\/p>\n\n\n\n<p>En septembre 2003, apr\u00e8s 25 ans pass\u00e9s au service de notre \u00e9tablissement, le P\u00e8re PLACIDE, dernier moine encore pr\u00e9sent au coll\u00e8ge, se retire pour raison de sant\u00e9. Il participait \u00e0 la pastorale et \u00e0 l&rsquo;\u00e9coute des jeunes.<\/p>\n\n\n\n<p>Les relations avec l&rsquo;\u00e9cole Sainte Marie ont particuli\u00e8rement \u00e9volu\u00e9 depuis 2001. Cette ann\u00e9e-l\u00e0, les deux OGEC fusionnent afin de mutualiser leurs moyens.<\/p>\n\n\n\n<p>En 2004, un pas suppl\u00e9mentaire est franchi avec la r\u00e9daction d&rsquo;un protocole de coordination entre les deux \u00e9tablissements catholiques de Saint Beno\u00eet Sur Loire qui permet la naissance de l\u2019ensemble scolaire Sainte Marie &#8211; Saint Joseph.<\/p>\n\n\n\n<p>Depuis, l&rsquo;effectif du coll\u00e8ge est rest\u00e9 stable pr\u00e9servant ainsi cette dimension humaine, qui autorise une attention et une \u00e9coute si fondamentale pour le d\u00e9veloppement de chaque jeune.<br>La p\u00e9rennit\u00e9 de la qualit\u00e9 de l&rsquo;enseignement dispens\u00e9 et de l&rsquo;engagement chr\u00e9tien de l&rsquo;\u00e9tablissement continue d&rsquo;\u00eatre la source d&rsquo;un avenir prometteur.<br>Enfin, le coll\u00e8ge ne pourrait vivre sans le concours des membres de sa communaut\u00e9 \u00e9ducative laquelle comprend l\u2019OGEC, l\u2019APEL, le personnel administratif et de service, les b\u00e9n\u00e9voles, les enseignants et les \u00e9l\u00e8ves<\/p>\n\n\n\n<p><strong>Les Chefs d&rsquo;\u00e9tablissement et administrateurs&nbsp;qui ont pr\u00e9sid\u00e9 aux destin\u00e9es du coll\u00e8ge Saint Joseph sont :<\/strong><\/p>\n\n\n\n<ul>\n<li>Les fondateurs : le P\u00e8re VINCENT et le P\u00e8re MARIANUS.<\/li>\n\n\n\n<li>Le P\u00e8re JEAN du 5 janvier 1951 au 30 juin 1979 ; il d\u00e9c\u00e9dera le 3 octobre 1982.<\/li>\n\n\n\n<li>Monsieur Rapha\u00ebl DOGNIEZ de 1958 \u00e0 1983. Il tient successivement les postes d&rsquo;instituteur, de professeur de lettres et d&rsquo;histoire et d&rsquo;administrateur aux cotes du P\u00e8re Jean\u00a0; deux profils associ\u00e9s auxquels le coll\u00e8ge Saint Joseph doit sa fid\u00e9lit\u00e9 dans la cr\u00e9ation et son enracinement dans la tradition.<\/li>\n<\/ul>\n\n\n\n<p><strong>Auront ensuite en charge la direction du coll\u00e8ge :<\/strong><\/p>\n\n\n\n<ul>\n<li>Monsieur Alain DARDE de septembre 1974 \u00e0 ao\u00fbt 1988<\/li>\n\n\n\n<li>Monsieur Patrick DEROY de septembre 1988 \u00e0 ao\u00fbt 1998<\/li>\n\n\n\n<li>Madame Catherine CHAMPENOIS, de septembre 1998 \u00e0 ao\u00fbt 2003<\/li>\n\n\n\n<li>Monsieur Fr\u00e9d\u00e9ric CAHU, de septembre 2003 \u00e0 ao\u00fbt 2007<\/li>\n\n\n\n<li>Monsieur Patrick CHERY de septembre 2007 \u00e0 ao\u00fbt 2012<\/li>\n\n\n\n<li>Monsieur Jean Baptiste BOGGIO, de septembre 2012 \u00e0 2016<\/li>\n\n\n\n<li>Monsieur St\u00e9phane BRUNEL, de septembre 2016 \u00e0 ao\u00fbt 2019<\/li>\n\n\n\n<li>Monsieur S\u00e9bastien TROJNAR, de septembre 2020 \u00e0 ao\u00fbt 2024<\/li>\n\n\n\n<li>Monsieur J\u00e9r\u00f4me VILAIN, depuis septembre 2024<\/li>\n<\/ul>\n\n\n\n<figure class=\"wp-block-gallery has-nested-images columns-default is-cropped wp-block-gallery-1 is-layout-flex wp-block-gallery-is-layout-flex\">\n<figure class=\"wp-block-image size-large\"><img fetchpriority=\"high\" decoding=\"async\" width=\"1024\" height=\"776\" data-id=\"271\" src=\"https:\/\/stemarie-stjoseph.fr\/college-st-joseph\/wp-content\/uploads\/sites\/12\/2021\/06\/College-St-Joseph-1-1024x776.jpg\" alt=\"\" class=\"wp-image-271\" srcset=\"https:\/\/stemarie-stjoseph.fr\/college-st-joseph\/wp-content\/uploads\/sites\/12\/2021\/06\/College-St-Joseph-1-1024x776.jpg 1024w, https:\/\/stemarie-stjoseph.fr\/college-st-joseph\/wp-content\/uploads\/sites\/12\/2021\/06\/College-St-Joseph-1-300x227.jpg 300w, https:\/\/stemarie-stjoseph.fr\/college-st-joseph\/wp-content\/uploads\/sites\/12\/2021\/06\/College-St-Joseph-1-768x582.jpg 768w, https:\/\/stemarie-stjoseph.fr\/college-st-joseph\/wp-content\/uploads\/sites\/12\/2021\/06\/College-St-Joseph-1-1536x1164.jpg 1536w, https:\/\/stemarie-stjoseph.fr\/college-st-joseph\/wp-content\/uploads\/sites\/12\/2021\/06\/College-St-Joseph-1-2048x1552.jpg 2048w\" sizes=\"(max-width: 1024px) 100vw, 1024px\" \/><figcaption class=\"wp-element-caption\">Ancien b\u00e2timent en fond de cour (2010)<\/figcaption><\/figure>\n\n\n\n<figure class=\"wp-block-image size-large\"><img decoding=\"async\" width=\"1024\" height=\"768\" data-id=\"270\" src=\"https:\/\/stemarie-stjoseph.fr\/college-st-joseph\/wp-content\/uploads\/sites\/12\/2021\/06\/College-St-Joseph-2-1-1024x768.jpg\" alt=\"\" class=\"wp-image-270\" srcset=\"https:\/\/stemarie-stjoseph.fr\/college-st-joseph\/wp-content\/uploads\/sites\/12\/2021\/06\/College-St-Joseph-2-1-1024x768.jpg 1024w, https:\/\/stemarie-stjoseph.fr\/college-st-joseph\/wp-content\/uploads\/sites\/12\/2021\/06\/College-St-Joseph-2-1-300x225.jpg 300w, https:\/\/stemarie-stjoseph.fr\/college-st-joseph\/wp-content\/uploads\/sites\/12\/2021\/06\/College-St-Joseph-2-1-768x576.jpg 768w, https:\/\/stemarie-stjoseph.fr\/college-st-joseph\/wp-content\/uploads\/sites\/12\/2021\/06\/College-St-Joseph-2-1-1536x1152.jpg 1536w, https:\/\/stemarie-stjoseph.fr\/college-st-joseph\/wp-content\/uploads\/sites\/12\/2021\/06\/College-St-Joseph-2-1-2048x1536.jpg 2048w\" sizes=\"(max-width: 1024px) 100vw, 1024px\" \/><figcaption class=\"wp-element-caption\">Construction du nouveau b\u00e2timent en fond de cour (2011)<\/figcaption><\/figure>\n<\/figure>\n","protected":false},"excerpt":{"rendered":"<p>Les deux \u00e9tablissements catholiques d&rsquo;enseignement Sainte Marie &#8211; Saint Joseph implant\u00e9s \u00e0 Saint Beno\u00eet sur Loire sont les fruits d&rsquo;un \u00e9v\u00e9nement spirituel fondateur : le 11 octobre 1944, les moines b\u00e9n\u00e9dictins r\u00e9tablissent la vie conventuelle \u00e0 l&rsquo;Abbaye de Fleury. Apr\u00e8s l&rsquo;ouverture d&rsquo;une \u00e9cole de filles par l&rsquo;Institut s\u00e9culier Sainte Marie en 1946, il est d\u00e9cid\u00e9 &hellip;<\/p>\n<p class=\"read-more\"> <a class=\"\" href=\"https:\/\/stemarie-stjoseph.fr\/college-st-joseph\/historique\/\"> <span class=\"screen-reader-text\">Historique<\/span> Lire la suite\u00a0\u00bb<\/a><\/p>\n","protected":false},"author":4,"featured_media":0,"parent":0,"menu_order":0,"comment_status":"closed","ping_status":"closed","template":"","meta":{"site-sidebar-layout":"default","site-content-layout":"default","ast-main-header-display":"","ast-hfb-above-header-display":"","ast-hfb-below-header-display":"","ast-hfb-mobile-header-display":"","site-post-title":"","ast-breadcrumbs-content":"","ast-featured-img":"","footer-sml-layout":"","theme-transparent-header-meta":"default","adv-header-id-meta":"","stick-header-meta":"","header-above-stick-meta":"","header-main-stick-meta":"","header-below-stick-meta":"","footnotes":""},"yoast_head":"<!-- This site is optimized with the Yoast SEO plugin v24.5 - https:\/\/yoast.com\/wordpress\/plugins\/seo\/ -->\n<title>Historique - Coll\u00e8ge Saint Joseph<\/title>\n<meta name=\"robots\" content=\"index, follow, max-snippet:-1, max-image-preview:large, max-video-preview:-1\" \/>\n<link rel=\"canonical\" href=\"https:\/\/stemarie-stjoseph.fr\/college-st-joseph\/historique\/\" \/>\n<meta property=\"og:locale\" content=\"fr_FR\" \/>\n<meta property=\"og:type\" content=\"article\" \/>\n<meta property=\"og:title\" content=\"Historique - Coll\u00e8ge Saint Joseph\" \/>\n<meta property=\"og:description\" content=\"Les deux \u00e9tablissements catholiques d&rsquo;enseignement Sainte Marie &#8211; Saint Joseph implant\u00e9s \u00e0 Saint Beno\u00eet sur Loire sont les fruits d&rsquo;un \u00e9v\u00e9nement spirituel fondateur : le 11 octobre 1944, les moines b\u00e9n\u00e9dictins r\u00e9tablissent la vie conventuelle \u00e0 l&rsquo;Abbaye de Fleury. Apr\u00e8s l&rsquo;ouverture d&rsquo;une \u00e9cole de filles par l&rsquo;Institut s\u00e9culier Sainte Marie en 1946, il est d\u00e9cid\u00e9 &hellip; Historique Lire la suite\u00a0\u00bb\" \/>\n<meta property=\"og:url\" content=\"https:\/\/stemarie-stjoseph.fr\/college-st-joseph\/historique\/\" \/>\n<meta property=\"og:site_name\" content=\"Coll\u00e8ge Saint Joseph\" \/>\n<meta property=\"article:modified_time\" content=\"2025-02-05T13:11:35+00:00\" \/>\n<meta property=\"og:image\" content=\"https:\/\/stemarie-stjoseph.fr\/college-st-joseph\/wp-content\/uploads\/sites\/12\/2021\/06\/College-St-Joseph-1-scaled.jpg\" \/>\n\t<meta property=\"og:image:width\" content=\"2560\" \/>\n\t<meta property=\"og:image:height\" content=\"1940\" \/>\n\t<meta property=\"og:image:type\" content=\"image\/jpeg\" \/>\n<meta name=\"twitter:card\" content=\"summary_large_image\" \/>\n<meta name=\"twitter:label1\" content=\"Dur\u00e9e de lecture estim\u00e9e\" \/>\n\t<meta name=\"twitter:data1\" content=\"5 minutes\" \/>\n<script type=\"application\/ld+json\" class=\"yoast-schema-graph\">{\"@context\":\"https:\/\/schema.org\",\"@graph\":[{\"@type\":\"WebPage\",\"@id\":\"https:\/\/stemarie-stjoseph.fr\/college-st-joseph\/historique\/\",\"url\":\"https:\/\/stemarie-stjoseph.fr\/college-st-joseph\/historique\/\",\"name\":\"Historique - Coll\u00e8ge Saint Joseph\",\"isPartOf\":{\"@id\":\"https:\/\/stemarie-stjoseph.fr\/college-st-joseph\/#website\"},\"primaryImageOfPage\":{\"@id\":\"https:\/\/stemarie-stjoseph.fr\/college-st-joseph\/historique\/#primaryimage\"},\"image\":{\"@id\":\"https:\/\/stemarie-stjoseph.fr\/college-st-joseph\/historique\/#primaryimage\"},\"thumbnailUrl\":\"https:\/\/stemarie-stjoseph.fr\/college-st-joseph\/wp-content\/uploads\/sites\/12\/2021\/06\/College-St-Joseph-1-1024x776.jpg\",\"datePublished\":\"2021-06-15T13:24:03+00:00\",\"dateModified\":\"2025-02-05T13:11:35+00:00\",\"breadcrumb\":{\"@id\":\"https:\/\/stemarie-stjoseph.fr\/college-st-joseph\/historique\/#breadcrumb\"},\"inLanguage\":\"fr-FR\",\"potentialAction\":[{\"@type\":\"ReadAction\",\"target\":[\"https:\/\/stemarie-stjoseph.fr\/college-st-joseph\/historique\/\"]}]},{\"@type\":\"ImageObject\",\"inLanguage\":\"fr-FR\",\"@id\":\"https:\/\/stemarie-stjoseph.fr\/college-st-joseph\/historique\/#primaryimage\",\"url\":\"https:\/\/stemarie-stjoseph.fr\/college-st-joseph\/wp-content\/uploads\/sites\/12\/2021\/06\/College-St-Joseph-1-1024x776.jpg\",\"contentUrl\":\"https:\/\/stemarie-stjoseph.fr\/college-st-joseph\/wp-content\/uploads\/sites\/12\/2021\/06\/College-St-Joseph-1-1024x776.jpg\"},{\"@type\":\"BreadcrumbList\",\"@id\":\"https:\/\/stemarie-stjoseph.fr\/college-st-joseph\/historique\/#breadcrumb\",\"itemListElement\":[{\"@type\":\"ListItem\",\"position\":1,\"name\":\"Accueil\",\"item\":\"https:\/\/stemarie-stjoseph.fr\/college-st-joseph\/\"},{\"@type\":\"ListItem\",\"position\":2,\"name\":\"Historique\"}]},{\"@type\":\"WebSite\",\"@id\":\"https:\/\/stemarie-stjoseph.fr\/college-st-joseph\/#website\",\"url\":\"https:\/\/stemarie-stjoseph.fr\/college-st-joseph\/\",\"name\":\"Coll\u00e8ge Saint Joseph\",\"description\":\"Un site utilisant Groupe scolaire de Saint Beno\u00eet sur Loire\",\"potentialAction\":[{\"@type\":\"SearchAction\",\"target\":{\"@type\":\"EntryPoint\",\"urlTemplate\":\"https:\/\/stemarie-stjoseph.fr\/college-st-joseph\/?s={search_term_string}\"},\"query-input\":{\"@type\":\"PropertyValueSpecification\",\"valueRequired\":true,\"valueName\":\"search_term_string\"}}],\"inLanguage\":\"fr-FR\"}]}<\/script>\n<!-- \/ Yoast SEO plugin. -->","yoast_head_json":{"title":"Historique - Coll\u00e8ge Saint Joseph","robots":{"index":"index","follow":"follow","max-snippet":"max-snippet:-1","max-image-preview":"max-image-preview:large","max-video-preview":"max-video-preview:-1"},"canonical":"https:\/\/stemarie-stjoseph.fr\/college-st-joseph\/historique\/","og_locale":"fr_FR","og_type":"article","og_title":"Historique - Coll\u00e8ge Saint Joseph","og_description":"Les deux \u00e9tablissements catholiques d&rsquo;enseignement Sainte Marie &#8211; Saint Joseph implant\u00e9s \u00e0 Saint Beno\u00eet sur Loire sont les fruits d&rsquo;un \u00e9v\u00e9nement spirituel fondateur : le 11 octobre 1944, les moines b\u00e9n\u00e9dictins r\u00e9tablissent la vie conventuelle \u00e0 l&rsquo;Abbaye de Fleury. Apr\u00e8s l&rsquo;ouverture d&rsquo;une \u00e9cole de filles par l&rsquo;Institut s\u00e9culier Sainte Marie en 1946, il est d\u00e9cid\u00e9 &hellip; Historique Lire la suite\u00a0\u00bb","og_url":"https:\/\/stemarie-stjoseph.fr\/college-st-joseph\/historique\/","og_site_name":"Coll\u00e8ge Saint Joseph","article_modified_time":"2025-02-05T13:11:35+00:00","og_image":[{"width":2560,"height":1940,"url":"https:\/\/stemarie-stjoseph.fr\/college-st-joseph\/wp-content\/uploads\/sites\/12\/2021\/06\/College-St-Joseph-1-scaled.jpg","type":"image\/jpeg"}],"twitter_card":"summary_large_image","twitter_misc":{"Dur\u00e9e de lecture estim\u00e9e":"5 minutes"},"schema":{"@context":"https:\/\/schema.org","@graph":[{"@type":"WebPage","@id":"https:\/\/stemarie-stjoseph.fr\/college-st-joseph\/historique\/","url":"https:\/\/stemarie-stjoseph.fr\/college-st-joseph\/historique\/","name":"Historique - Coll\u00e8ge Saint Joseph","isPartOf":{"@id":"https:\/\/stemarie-stjoseph.fr\/college-st-joseph\/#website"},"primaryImageOfPage":{"@id":"https:\/\/stemarie-stjoseph.fr\/college-st-joseph\/historique\/#primaryimage"},"image":{"@id":"https:\/\/stemarie-stjoseph.fr\/college-st-joseph\/historique\/#primaryimage"},"thumbnailUrl":"https:\/\/stemarie-stjoseph.fr\/college-st-joseph\/wp-content\/uploads\/sites\/12\/2021\/06\/College-St-Joseph-1-1024x776.jpg","datePublished":"2021-06-15T13:24:03+00:00","dateModified":"2025-02-05T13:11:35+00:00","breadcrumb":{"@id":"https:\/\/stemarie-stjoseph.fr\/college-st-joseph\/historique\/#breadcrumb"},"inLanguage":"fr-FR","potentialAction":[{"@type":"ReadAction","target":["https:\/\/stemarie-stjoseph.fr\/college-st-joseph\/historique\/"]}]},{"@type":"ImageObject","inLanguage":"fr-FR","@id":"https:\/\/stemarie-stjoseph.fr\/college-st-joseph\/historique\/#primaryimage","url":"https:\/\/stemarie-stjoseph.fr\/college-st-joseph\/wp-content\/uploads\/sites\/12\/2021\/06\/College-St-Joseph-1-1024x776.jpg","contentUrl":"https:\/\/stemarie-stjoseph.fr\/college-st-joseph\/wp-content\/uploads\/sites\/12\/2021\/06\/College-St-Joseph-1-1024x776.jpg"},{"@type":"BreadcrumbList","@id":"https:\/\/stemarie-stjoseph.fr\/college-st-joseph\/historique\/#breadcrumb","itemListElement":[{"@type":"ListItem","position":1,"name":"Accueil","item":"https:\/\/stemarie-stjoseph.fr\/college-st-joseph\/"},{"@type":"ListItem","position":2,"name":"Historique"}]},{"@type":"WebSite","@id":"https:\/\/stemarie-stjoseph.fr\/college-st-joseph\/#website","url":"https:\/\/stemarie-stjoseph.fr\/college-st-joseph\/","name":"Coll\u00e8ge Saint Joseph","description":"Un site utilisant Groupe scolaire de Saint Beno\u00eet sur Loire","potentialAction":[{"@type":"SearchAction","target":{"@type":"EntryPoint","urlTemplate":"https:\/\/stemarie-stjoseph.fr\/college-st-joseph\/?s={search_term_string}"},"query-input":{"@type":"PropertyValueSpecification","valueRequired":true,"valueName":"search_term_string"}}],"inLanguage":"fr-FR"}]}},"_links":{"self":[{"href":"https:\/\/stemarie-stjoseph.fr\/college-st-joseph\/wp-json\/wp\/v2\/pages\/212"}],"collection":[{"href":"https:\/\/stemarie-stjoseph.fr\/college-st-joseph\/wp-json\/wp\/v2\/pages"}],"about":[{"href":"https:\/\/stemarie-stjoseph.fr\/college-st-joseph\/wp-json\/wp\/v2\/types\/page"}],"author":[{"embeddable":true,"href":"https:\/\/stemarie-stjoseph.fr\/college-st-joseph\/wp-json\/wp\/v2\/users\/4"}],"replies":[{"embeddable":true,"href":"https:\/\/stemarie-stjoseph.fr\/college-st-joseph\/wp-json\/wp\/v2\/comments?post=212"}],"version-history":[{"count":9,"href":"https:\/\/stemarie-stjoseph.fr\/college-st-joseph\/wp-json\/wp\/v2\/pages\/212\/revisions"}],"predecessor-version":[{"id":410,"href":"https:\/\/stemarie-stjoseph.fr\/college-st-joseph\/wp-json\/wp\/v2\/pages\/212\/revisions\/410"}],"wp:attachment":[{"href":"https:\/\/stemarie-stjoseph.fr\/college-st-joseph\/wp-json\/wp\/v2\/media?parent=212"}],"curies":[{"name":"wp","href":"https:\/\/api.w.org\/{rel}","templated":true}]}}