{"id":219,"date":"2021-06-15T15:29:10","date_gmt":"2021-06-15T13:29:10","guid":{"rendered":"https:\/\/stemarie-stjoseph.fr\/college-st-joseph\/?page_id=219"},"modified":"2026-03-04T11:00:44","modified_gmt":"2026-03-04T10:00:44","slug":"nos-parcours-enseignement","status":"publish","type":"page","link":"https:\/\/stemarie-stjoseph.fr\/college-st-joseph\/nos-parcours-enseignement\/","title":{"rendered":"Enseignement"},"content":{"rendered":"\n<p>Le coll\u00e8ge accueille 232 \u00e9l\u00e8ves r\u00e9partis dans 2 classes par niveau. L&rsquo;encadrement et la formation sont assur\u00e9s par 20 enseignants, une responsable de vie scolaire et une \u00e9ducatrice de vie scolaire.<\/p>\n\n\n\n<h5 class=\"wp-block-heading has-text-color\" style=\"color:#ffb20b\"><strong>CYCLE 3 DE CONSOLIDATION : 6<sup>\u00c8ME<\/sup><\/strong><\/h5>\n\n\n\n<p>La 6<sup>\u00e8me<\/sup>&nbsp;est rattach\u00e9e au cycle 3 de l\u2019\u00e9cole primaire : fin du primaire, adaptation au rythme du coll\u00e8ge, initiation des \u00e9l\u00e8ves aux changements de disciplines.<\/p>\n\n\n\n<p>Une premi\u00e8re langue vivante \u00e9trang\u00e8re : Anglais<\/p>\n\n\n\n<p>Un dispositif bilangue Anglais-Allemand est propos\u00e9 : l\u2019apprentissage d\u2019une deuxi\u00e8me langue est possible d\u00e8s la 6\u00e8me.<\/p>\n\n\n\n<p>Un dispositif de suivi sp\u00e9cifique est propos\u00e9 : le coll\u00e8ge Saint Joseph organise un accompagnement p\u00e9dagogique pour aider les \u00e9l\u00e8ves \u00e0 l&rsquo;entr\u00e9e au coll\u00e8ge et permettre \u00e0 tous de progresser au mieux dans ses apprentissages. L\u2019\u00e9quipe p\u00e9dagogique assure \u00e0 chaque \u00e9l\u00e8ve une prise en compte de ses besoins et de ses capacit\u00e9s. L\u2019accompagnement p\u00e9dagogique est dispens\u00e9 pour un petit groupe d\u2019\u00e9l\u00e8ves en fran\u00e7ais, math\u00e9matiques, anglais et histoire \u2013 g\u00e9ographie.<\/p>\n\n\n\n<h5 class=\"wp-block-heading has-text-color\" style=\"color:#ffb20b\"><strong>CYCLE 4 D&rsquo;APPROFONDISSEMENT : 5<sup>\u00c8ME<\/sup>&nbsp;,4<sup>\u00c8ME<\/sup>, 3<sup>\u00c8ME<\/sup><\/strong><\/h5>\n\n\n\n<p>La 5\u00e8me marque le d\u00e9but du cycle 4.<\/p>\n\n\n\n<p>Choix d\u2019une seconde langue vivante : Allemand ou Espagnol<\/p>\n\n\n\n<p>Des enseignements facultatifs : LCA latin, initiation LCE anglais, chant choral.<\/p>\n\n\n\n<p>En 4\u00e8me d\u00e9bute une r\u00e9flexion sur les diff\u00e9rentes fili\u00e8res envisageables apr\u00e8s la 3\u00e8me.<\/p>\n\n\n\n<p>La poursuite des enseignements facultatifs : LCA latin, LCE anglais, chant choral.<\/p>\n\n\n\n<p>La 3\u00e8me : pr\u00e9paration au lyc\u00e9e avec ses m\u00e9thodes de travail, un premier examen national, une orientation active.<\/p>\n\n\n\n<p>La poursuite des enseignements facultatifs : LCA latin, LCE anglais, chant choral, initiation au japonais.<\/p>\n\n\n\n<h5 class=\"wp-block-heading has-text-color\" style=\"color:#ffb20b\"><strong>LES ENSEIGNEMENTS OBLIGATOIRES<\/strong><\/h5>\n\n\n\n<ul>\n<li>Fran\u00e7ais : 5 s\u00e9ances de 50 min<\/li>\n\n\n\n<li>Math\u00e9matiques : 5,5 s\u00e9ances de 50 min<\/li>\n\n\n\n<li>Histoire g\u00e9ographie et enseignement moral et civique :&nbsp; 3 s\u00e9ances de 50 min<\/li>\n\n\n\n<li>Anglais : 4 s\u00e9ances de 50 min<\/li>\n\n\n\n<li>Espagnol ou allemand : 2,5 s\u00e9ances de 50 min (\u00e0 partir de la 5\u00e8me)<\/li>\n\n\n\n<li>Education physique et sportive :&nbsp; 3,5 s\u00e9ances de 50 min<\/li>\n\n\n\n<li>Technologie : 1 s\u00e9ance de 50 min<\/li>\n\n\n\n<li>Sciences de la vie et de la terre : 1,5 s\u00e9ance de 50 min<\/li>\n\n\n\n<li>Physique chimie : 1,5 s\u00e9ance de 50 min<\/li>\n\n\n\n<li>Arts plastiques : 1s\u00e9ance de 50 min<\/li>\n\n\n\n<li>Education musicale : 1 s\u00e9ance de 50 min<\/li>\n<\/ul>\n\n\n\n<h5 class=\"wp-block-heading has-text-color\" style=\"color:#ffb20b\"><strong>LES ENSEIGNEMENTS FACULTATIFS<\/strong><\/h5>\n\n\n\n<ul>\n<li>Bilangue allemand-anglais : 2 s\u00e9ances de 50 min en 6\u00e8me<\/li>\n\n\n\n<li>LCE Anglais et LCA Latin : 1 s\u00e9ance de 50 min \u00e0 partir de la 5\u00e8me<\/li>\n\n\n\n<li>Chant choral&nbsp;: 1 s\u00e9ance de 50 min<\/li>\n\n\n\n<li>Initiation au japonais : 1 s\u00e9ance \u00e0 partir de la 3\u00e8me<\/li>\n<\/ul>\n","protected":false},"excerpt":{"rendered":"<p>Le coll\u00e8ge accueille 232 \u00e9l\u00e8ves r\u00e9partis dans 2 classes par niveau. L&rsquo;encadrement et la formation sont assur\u00e9s par 20 enseignants, une responsable de vie scolaire et une \u00e9ducatrice de vie scolaire. CYCLE 3 DE CONSOLIDATION : 6\u00c8ME La 6\u00e8me&nbsp;est rattach\u00e9e au cycle 3 de l\u2019\u00e9cole primaire : fin du primaire, adaptation au rythme du coll\u00e8ge, &hellip;<\/p>\n<p class=\"read-more\"> <a class=\"\" href=\"https:\/\/stemarie-stjoseph.fr\/college-st-joseph\/nos-parcours-enseignement\/\"> <span class=\"screen-reader-text\">Enseignement<\/span> Lire la suite\u00a0\u00bb<\/a><\/p>\n","protected":false},"author":4,"featured_media":0,"parent":0,"menu_order":0,"comment_status":"closed","ping_status":"closed","template":"","meta":{"site-sidebar-layout":"default","site-content-layout":"default","ast-main-header-display":"","ast-hfb-above-header-display":"","ast-hfb-below-header-display":"","ast-hfb-mobile-header-display":"","site-post-title":"","ast-breadcrumbs-content":"","ast-featured-img":"","footer-sml-layout":"","theme-transparent-header-meta":"default","adv-header-id-meta":"","stick-header-meta":"","header-above-stick-meta":"","header-main-stick-meta":"","header-below-stick-meta":"","footnotes":""},"yoast_head":"<!-- This site is optimized with the Yoast SEO plugin v24.5 - https:\/\/yoast.com\/wordpress\/plugins\/seo\/ -->\n<title>Enseignement - Coll\u00e8ge Saint Joseph<\/title>\n<meta name=\"description\" content=\"Les enseignements dispens\u00e9s au coll\u00e8ge Saint Joseph permettent \u00e0 chacun de s&#039;\u00e9panouir et de d\u00e9velopper son potentiel.\" \/>\n<meta name=\"robots\" content=\"index, follow, max-snippet:-1, max-image-preview:large, max-video-preview:-1\" \/>\n<link rel=\"canonical\" href=\"https:\/\/stemarie-stjoseph.fr\/college-st-joseph\/nos-parcours-enseignement\/\" \/>\n<meta property=\"og:locale\" content=\"fr_FR\" \/>\n<meta property=\"og:type\" content=\"article\" \/>\n<meta property=\"og:title\" content=\"Enseignement - Coll\u00e8ge Saint Joseph\" \/>\n<meta property=\"og:description\" content=\"Les enseignements dispens\u00e9s au coll\u00e8ge Saint Joseph permettent \u00e0 chacun de s&#039;\u00e9panouir et de d\u00e9velopper son potentiel.\" \/>\n<meta property=\"og:url\" content=\"https:\/\/stemarie-stjoseph.fr\/college-st-joseph\/nos-parcours-enseignement\/\" \/>\n<meta property=\"og:site_name\" content=\"Coll\u00e8ge Saint Joseph\" \/>\n<meta property=\"article:modified_time\" content=\"2026-03-04T10:00:44+00:00\" \/>\n<meta name=\"twitter:card\" content=\"summary_large_image\" \/>\n<meta name=\"twitter:label1\" content=\"Dur\u00e9e de lecture estim\u00e9e\" \/>\n\t<meta name=\"twitter:data1\" content=\"2 minutes\" \/>\n<script type=\"application\/ld+json\" class=\"yoast-schema-graph\">{\"@context\":\"https:\/\/schema.org\",\"@graph\":[{\"@type\":\"WebPage\",\"@id\":\"https:\/\/stemarie-stjoseph.fr\/college-st-joseph\/nos-parcours-enseignement\/\",\"url\":\"https:\/\/stemarie-stjoseph.fr\/college-st-joseph\/nos-parcours-enseignement\/\",\"name\":\"Enseignement - Coll\u00e8ge Saint Joseph\",\"isPartOf\":{\"@id\":\"https:\/\/stemarie-stjoseph.fr\/college-st-joseph\/#website\"},\"datePublished\":\"2021-06-15T13:29:10+00:00\",\"dateModified\":\"2026-03-04T10:00:44+00:00\",\"description\":\"Les enseignements dispens\u00e9s au coll\u00e8ge Saint Joseph permettent \u00e0 chacun de s'\u00e9panouir et de d\u00e9velopper son potentiel.\",\"breadcrumb\":{\"@id\":\"https:\/\/stemarie-stjoseph.fr\/college-st-joseph\/nos-parcours-enseignement\/#breadcrumb\"},\"inLanguage\":\"fr-FR\",\"potentialAction\":[{\"@type\":\"ReadAction\",\"target\":[\"https:\/\/stemarie-stjoseph.fr\/college-st-joseph\/nos-parcours-enseignement\/\"]}]},{\"@type\":\"BreadcrumbList\",\"@id\":\"https:\/\/stemarie-stjoseph.fr\/college-st-joseph\/nos-parcours-enseignement\/#breadcrumb\",\"itemListElement\":[{\"@type\":\"ListItem\",\"position\":1,\"name\":\"Accueil\",\"item\":\"https:\/\/stemarie-stjoseph.fr\/college-st-joseph\/\"},{\"@type\":\"ListItem\",\"position\":2,\"name\":\"Enseignement\"}]},{\"@type\":\"WebSite\",\"@id\":\"https:\/\/stemarie-stjoseph.fr\/college-st-joseph\/#website\",\"url\":\"https:\/\/stemarie-stjoseph.fr\/college-st-joseph\/\",\"name\":\"Coll\u00e8ge Saint Joseph\",\"description\":\"Un site utilisant Groupe scolaire de Saint Beno\u00eet sur Loire\",\"potentialAction\":[{\"@type\":\"SearchAction\",\"target\":{\"@type\":\"EntryPoint\",\"urlTemplate\":\"https:\/\/stemarie-stjoseph.fr\/college-st-joseph\/?s={search_term_string}\"},\"query-input\":{\"@type\":\"PropertyValueSpecification\",\"valueRequired\":true,\"valueName\":\"search_term_string\"}}],\"inLanguage\":\"fr-FR\"}]}<\/script>\n<!-- \/ Yoast SEO plugin. -->","yoast_head_json":{"title":"Enseignement - Coll\u00e8ge Saint Joseph","description":"Les enseignements dispens\u00e9s au coll\u00e8ge Saint Joseph permettent \u00e0 chacun de s'\u00e9panouir et de d\u00e9velopper son potentiel.","robots":{"index":"index","follow":"follow","max-snippet":"max-snippet:-1","max-image-preview":"max-image-preview:large","max-video-preview":"max-video-preview:-1"},"canonical":"https:\/\/stemarie-stjoseph.fr\/college-st-joseph\/nos-parcours-enseignement\/","og_locale":"fr_FR","og_type":"article","og_title":"Enseignement - Coll\u00e8ge Saint Joseph","og_description":"Les enseignements dispens\u00e9s au coll\u00e8ge Saint Joseph permettent \u00e0 chacun de s'\u00e9panouir et de d\u00e9velopper son potentiel.","og_url":"https:\/\/stemarie-stjoseph.fr\/college-st-joseph\/nos-parcours-enseignement\/","og_site_name":"Coll\u00e8ge Saint Joseph","article_modified_time":"2026-03-04T10:00:44+00:00","twitter_card":"summary_large_image","twitter_misc":{"Dur\u00e9e de lecture estim\u00e9e":"2 minutes"},"schema":{"@context":"https:\/\/schema.org","@graph":[{"@type":"WebPage","@id":"https:\/\/stemarie-stjoseph.fr\/college-st-joseph\/nos-parcours-enseignement\/","url":"https:\/\/stemarie-stjoseph.fr\/college-st-joseph\/nos-parcours-enseignement\/","name":"Enseignement - Coll\u00e8ge Saint Joseph","isPartOf":{"@id":"https:\/\/stemarie-stjoseph.fr\/college-st-joseph\/#website"},"datePublished":"2021-06-15T13:29:10+00:00","dateModified":"2026-03-04T10:00:44+00:00","description":"Les enseignements dispens\u00e9s au coll\u00e8ge Saint Joseph permettent \u00e0 chacun de s'\u00e9panouir et de d\u00e9velopper son potentiel.","breadcrumb":{"@id":"https:\/\/stemarie-stjoseph.fr\/college-st-joseph\/nos-parcours-enseignement\/#breadcrumb"},"inLanguage":"fr-FR","potentialAction":[{"@type":"ReadAction","target":["https:\/\/stemarie-stjoseph.fr\/college-st-joseph\/nos-parcours-enseignement\/"]}]},{"@type":"BreadcrumbList","@id":"https:\/\/stemarie-stjoseph.fr\/college-st-joseph\/nos-parcours-enseignement\/#breadcrumb","itemListElement":[{"@type":"ListItem","position":1,"name":"Accueil","item":"https:\/\/stemarie-stjoseph.fr\/college-st-joseph\/"},{"@type":"ListItem","position":2,"name":"Enseignement"}]},{"@type":"WebSite","@id":"https:\/\/stemarie-stjoseph.fr\/college-st-joseph\/#website","url":"https:\/\/stemarie-stjoseph.fr\/college-st-joseph\/","name":"Coll\u00e8ge Saint Joseph","description":"Un site utilisant Groupe scolaire de Saint Beno\u00eet sur Loire","potentialAction":[{"@type":"SearchAction","target":{"@type":"EntryPoint","urlTemplate":"https:\/\/stemarie-stjoseph.fr\/college-st-joseph\/?s={search_term_string}"},"query-input":{"@type":"PropertyValueSpecification","valueRequired":true,"valueName":"search_term_string"}}],"inLanguage":"fr-FR"}]}},"_links":{"self":[{"href":"https:\/\/stemarie-stjoseph.fr\/college-st-joseph\/wp-json\/wp\/v2\/pages\/219"}],"collection":[{"href":"https:\/\/stemarie-stjoseph.fr\/college-st-joseph\/wp-json\/wp\/v2\/pages"}],"about":[{"href":"https:\/\/stemarie-stjoseph.fr\/college-st-joseph\/wp-json\/wp\/v2\/types\/page"}],"author":[{"embeddable":true,"href":"https:\/\/stemarie-stjoseph.fr\/college-st-joseph\/wp-json\/wp\/v2\/users\/4"}],"replies":[{"embeddable":true,"href":"https:\/\/stemarie-stjoseph.fr\/college-st-joseph\/wp-json\/wp\/v2\/comments?post=219"}],"version-history":[{"count":6,"href":"https:\/\/stemarie-stjoseph.fr\/college-st-joseph\/wp-json\/wp\/v2\/pages\/219\/revisions"}],"predecessor-version":[{"id":419,"href":"https:\/\/stemarie-stjoseph.fr\/college-st-joseph\/wp-json\/wp\/v2\/pages\/219\/revisions\/419"}],"wp:attachment":[{"href":"https:\/\/stemarie-stjoseph.fr\/college-st-joseph\/wp-json\/wp\/v2\/media?parent=219"}],"curies":[{"name":"wp","href":"https:\/\/api.w.org\/{rel}","templated":true}]}}