{"id":4,"date":"2021-05-31T07:24:25","date_gmt":"2021-05-31T06:24:25","guid":{"rendered":"https:\/\/stemarie-stjoseph.fr\/college-st-joseph\/inscrire-mon-enfant\/"},"modified":"2026-03-04T11:11:04","modified_gmt":"2026-03-04T10:11:04","slug":"inscrire-mon-enfant","status":"publish","type":"page","link":"https:\/\/stemarie-stjoseph.fr\/college-st-joseph\/inscrire-mon-enfant\/","title":{"rendered":"Inscrire mon enfant"},"content":{"rendered":"\n<p>L&rsquo;inscription \u00e0 l\u2019\u00e9cole Sainte Marie ou au Coll\u00e8ge Saint Joseph se fait uniquement sur rendez-vous.<\/p>\n\n\n\n<p>Les parents souhaitant inscrire leurs enfants doivent prendre contact&nbsp;:<\/p>\n\n\n\n<ul>\n<li>pour l\u2019\u00e9cole Sainte Marie avec Mme Isabelle PELLETIER, chef d\u2019\u00e9tablissement au 02 55 47 11 90\n<ul>\n<li>Lors de l\u2019entretien les familles devront se pr\u00e9senter avec le livret de famille, les cartes d&rsquo;identit\u00e9s des deux parents et le carnet de sant\u00e9 de l\u2019enfant.<\/li>\n<\/ul>\n<\/li>\n<\/ul>\n\n\n\n<ul>\n<li>pour le coll\u00e8ge Saint Joseph\u00a0avec le secr\u00e9tariat au 02 55 47 11 90, \u00e0 partir de d\u00e9but novembre.\n<ul>\n<li>Lors de l&rsquo;entretien, les familles devront se pr\u00e9senter avec leur enfant et ses bulletins de CM1.<\/li>\n\n\n\n<li>Si la r\u00e9ponse pour une admission dans notre \u00e9tablissement est positive, un dossier d\u2019inscription sera donn\u00e9 \u00e0 la famille.<\/li>\n\n\n\n<li>Les familles seront re\u00e7ues par M. J\u00e9r\u00f4me VILAIN, chef d\u2019\u00e9tablissement.<\/li>\n<\/ul>\n<\/li>\n<\/ul>\n","protected":false},"excerpt":{"rendered":"<p>L&rsquo;inscription \u00e0 l\u2019\u00e9cole Sainte Marie ou au Coll\u00e8ge Saint Joseph se fait uniquement sur rendez-vous. Les parents souhaitant inscrire leurs enfants doivent prendre contact&nbsp;:<\/p>\n","protected":false},"author":4,"featured_media":0,"parent":0,"menu_order":0,"comment_status":"closed","ping_status":"closed","template":"","meta":{"site-sidebar-layout":"default","site-content-layout":"default","ast-main-header-display":"","ast-hfb-above-header-display":"","ast-hfb-below-header-display":"","ast-hfb-mobile-header-display":"","site-post-title":"","ast-breadcrumbs-content":"","ast-featured-img":"","footer-sml-layout":"","theme-transparent-header-meta":"default","adv-header-id-meta":"","stick-header-meta":"","header-above-stick-meta":"","header-main-stick-meta":"","header-below-stick-meta":"","footnotes":""},"yoast_head":"<!-- This site is optimized with the Yoast SEO plugin v24.5 - https:\/\/yoast.com\/wordpress\/plugins\/seo\/ -->\n<title>Inscrire mon enfant - Coll\u00e8ge Saint Joseph<\/title>\n<meta name=\"description\" content=\"L&#039;inscription \u00e0 l\u2019\u00e9cole Sainte Marie ou au Coll\u00e8ge Saint Joseph se fait uniquement sur rendez-vous. Les informations de contacts sont not\u00e9es ci-dessous :\" \/>\n<meta name=\"robots\" content=\"index, follow, max-snippet:-1, max-image-preview:large, max-video-preview:-1\" \/>\n<link rel=\"canonical\" href=\"https:\/\/stemarie-stjoseph.fr\/college-st-joseph\/inscrire-mon-enfant\/\" \/>\n<meta property=\"og:locale\" content=\"fr_FR\" \/>\n<meta property=\"og:type\" content=\"article\" \/>\n<meta property=\"og:title\" content=\"Inscrire mon enfant - Coll\u00e8ge Saint Joseph\" \/>\n<meta property=\"og:description\" content=\"L&#039;inscription \u00e0 l\u2019\u00e9cole Sainte Marie ou au Coll\u00e8ge Saint Joseph se fait uniquement sur rendez-vous. Les informations de contacts sont not\u00e9es ci-dessous :\" \/>\n<meta property=\"og:url\" content=\"https:\/\/stemarie-stjoseph.fr\/college-st-joseph\/inscrire-mon-enfant\/\" \/>\n<meta property=\"og:site_name\" content=\"Coll\u00e8ge Saint Joseph\" \/>\n<meta property=\"article:modified_time\" content=\"2026-03-04T10:11:04+00:00\" \/>\n<meta name=\"twitter:card\" content=\"summary_large_image\" \/>\n<meta name=\"twitter:label1\" content=\"Dur\u00e9e de lecture estim\u00e9e\" \/>\n\t<meta name=\"twitter:data1\" content=\"1 minute\" \/>\n<script type=\"application\/ld+json\" class=\"yoast-schema-graph\">{\"@context\":\"https:\/\/schema.org\",\"@graph\":[{\"@type\":\"WebPage\",\"@id\":\"https:\/\/stemarie-stjoseph.fr\/college-st-joseph\/inscrire-mon-enfant\/\",\"url\":\"https:\/\/stemarie-stjoseph.fr\/college-st-joseph\/inscrire-mon-enfant\/\",\"name\":\"Inscrire mon enfant - Coll\u00e8ge Saint Joseph\",\"isPartOf\":{\"@id\":\"https:\/\/stemarie-stjoseph.fr\/college-st-joseph\/#website\"},\"datePublished\":\"2021-05-31T06:24:25+00:00\",\"dateModified\":\"2026-03-04T10:11:04+00:00\",\"description\":\"L'inscription \u00e0 l\u2019\u00e9cole Sainte Marie ou au Coll\u00e8ge Saint Joseph se fait uniquement sur rendez-vous. Les informations de contacts sont not\u00e9es ci-dessous :\",\"breadcrumb\":{\"@id\":\"https:\/\/stemarie-stjoseph.fr\/college-st-joseph\/inscrire-mon-enfant\/#breadcrumb\"},\"inLanguage\":\"fr-FR\",\"potentialAction\":[{\"@type\":\"ReadAction\",\"target\":[\"https:\/\/stemarie-stjoseph.fr\/college-st-joseph\/inscrire-mon-enfant\/\"]}]},{\"@type\":\"BreadcrumbList\",\"@id\":\"https:\/\/stemarie-stjoseph.fr\/college-st-joseph\/inscrire-mon-enfant\/#breadcrumb\",\"itemListElement\":[{\"@type\":\"ListItem\",\"position\":1,\"name\":\"Accueil\",\"item\":\"https:\/\/stemarie-stjoseph.fr\/college-st-joseph\/\"},{\"@type\":\"ListItem\",\"position\":2,\"name\":\"Inscrire mon enfant\"}]},{\"@type\":\"WebSite\",\"@id\":\"https:\/\/stemarie-stjoseph.fr\/college-st-joseph\/#website\",\"url\":\"https:\/\/stemarie-stjoseph.fr\/college-st-joseph\/\",\"name\":\"Coll\u00e8ge Saint Joseph\",\"description\":\"Un site utilisant Groupe scolaire de Saint Beno\u00eet sur Loire\",\"potentialAction\":[{\"@type\":\"SearchAction\",\"target\":{\"@type\":\"EntryPoint\",\"urlTemplate\":\"https:\/\/stemarie-stjoseph.fr\/college-st-joseph\/?s={search_term_string}\"},\"query-input\":{\"@type\":\"PropertyValueSpecification\",\"valueRequired\":true,\"valueName\":\"search_term_string\"}}],\"inLanguage\":\"fr-FR\"}]}<\/script>\n<!-- \/ Yoast SEO plugin. -->","yoast_head_json":{"title":"Inscrire mon enfant - Coll\u00e8ge Saint Joseph","description":"L'inscription \u00e0 l\u2019\u00e9cole Sainte Marie ou au Coll\u00e8ge Saint Joseph se fait uniquement sur rendez-vous. Les informations de contacts sont not\u00e9es ci-dessous :","robots":{"index":"index","follow":"follow","max-snippet":"max-snippet:-1","max-image-preview":"max-image-preview:large","max-video-preview":"max-video-preview:-1"},"canonical":"https:\/\/stemarie-stjoseph.fr\/college-st-joseph\/inscrire-mon-enfant\/","og_locale":"fr_FR","og_type":"article","og_title":"Inscrire mon enfant - Coll\u00e8ge Saint Joseph","og_description":"L'inscription \u00e0 l\u2019\u00e9cole Sainte Marie ou au Coll\u00e8ge Saint Joseph se fait uniquement sur rendez-vous. Les informations de contacts sont not\u00e9es ci-dessous :","og_url":"https:\/\/stemarie-stjoseph.fr\/college-st-joseph\/inscrire-mon-enfant\/","og_site_name":"Coll\u00e8ge Saint Joseph","article_modified_time":"2026-03-04T10:11:04+00:00","twitter_card":"summary_large_image","twitter_misc":{"Dur\u00e9e de lecture estim\u00e9e":"1 minute"},"schema":{"@context":"https:\/\/schema.org","@graph":[{"@type":"WebPage","@id":"https:\/\/stemarie-stjoseph.fr\/college-st-joseph\/inscrire-mon-enfant\/","url":"https:\/\/stemarie-stjoseph.fr\/college-st-joseph\/inscrire-mon-enfant\/","name":"Inscrire mon enfant - Coll\u00e8ge Saint Joseph","isPartOf":{"@id":"https:\/\/stemarie-stjoseph.fr\/college-st-joseph\/#website"},"datePublished":"2021-05-31T06:24:25+00:00","dateModified":"2026-03-04T10:11:04+00:00","description":"L'inscription \u00e0 l\u2019\u00e9cole Sainte Marie ou au Coll\u00e8ge Saint Joseph se fait uniquement sur rendez-vous. Les informations de contacts sont not\u00e9es ci-dessous :","breadcrumb":{"@id":"https:\/\/stemarie-stjoseph.fr\/college-st-joseph\/inscrire-mon-enfant\/#breadcrumb"},"inLanguage":"fr-FR","potentialAction":[{"@type":"ReadAction","target":["https:\/\/stemarie-stjoseph.fr\/college-st-joseph\/inscrire-mon-enfant\/"]}]},{"@type":"BreadcrumbList","@id":"https:\/\/stemarie-stjoseph.fr\/college-st-joseph\/inscrire-mon-enfant\/#breadcrumb","itemListElement":[{"@type":"ListItem","position":1,"name":"Accueil","item":"https:\/\/stemarie-stjoseph.fr\/college-st-joseph\/"},{"@type":"ListItem","position":2,"name":"Inscrire mon enfant"}]},{"@type":"WebSite","@id":"https:\/\/stemarie-stjoseph.fr\/college-st-joseph\/#website","url":"https:\/\/stemarie-stjoseph.fr\/college-st-joseph\/","name":"Coll\u00e8ge Saint Joseph","description":"Un site utilisant Groupe scolaire de Saint Beno\u00eet sur Loire","potentialAction":[{"@type":"SearchAction","target":{"@type":"EntryPoint","urlTemplate":"https:\/\/stemarie-stjoseph.fr\/college-st-joseph\/?s={search_term_string}"},"query-input":{"@type":"PropertyValueSpecification","valueRequired":true,"valueName":"search_term_string"}}],"inLanguage":"fr-FR"}]}},"_links":{"self":[{"href":"https:\/\/stemarie-stjoseph.fr\/college-st-joseph\/wp-json\/wp\/v2\/pages\/4"}],"collection":[{"href":"https:\/\/stemarie-stjoseph.fr\/college-st-joseph\/wp-json\/wp\/v2\/pages"}],"about":[{"href":"https:\/\/stemarie-stjoseph.fr\/college-st-joseph\/wp-json\/wp\/v2\/types\/page"}],"author":[{"embeddable":true,"href":"https:\/\/stemarie-stjoseph.fr\/college-st-joseph\/wp-json\/wp\/v2\/users\/4"}],"replies":[{"embeddable":true,"href":"https:\/\/stemarie-stjoseph.fr\/college-st-joseph\/wp-json\/wp\/v2\/comments?post=4"}],"version-history":[{"count":7,"href":"https:\/\/stemarie-stjoseph.fr\/college-st-joseph\/wp-json\/wp\/v2\/pages\/4\/revisions"}],"predecessor-version":[{"id":424,"href":"https:\/\/stemarie-stjoseph.fr\/college-st-joseph\/wp-json\/wp\/v2\/pages\/4\/revisions\/424"}],"wp:attachment":[{"href":"https:\/\/stemarie-stjoseph.fr\/college-st-joseph\/wp-json\/wp\/v2\/media?parent=4"}],"curies":[{"name":"wp","href":"https:\/\/api.w.org\/{rel}","templated":true}]}}