{"id":6,"date":"2021-05-29T14:10:36","date_gmt":"2021-05-29T13:10:36","guid":{"rendered":"https:\/\/stemarie-stjoseph.fr\/college-st-joseph\/nous-contacter\/"},"modified":"2026-03-04T11:12:18","modified_gmt":"2026-03-04T10:12:18","slug":"nous-contacter","status":"publish","type":"page","link":"https:\/\/stemarie-stjoseph.fr\/college-st-joseph\/nous-contacter\/","title":{"rendered":"Nous contacter"},"content":{"rendered":"\n<div class=\"wp-block-columns is-layout-flex wp-container-core-columns-is-layout-1 wp-block-columns-is-layout-flex\">\n<div class=\"wp-block-column is-layout-flow wp-block-column-is-layout-flow\" style=\"flex-basis:50%\">\n<p><strong>Ecole Sainte Marie<\/strong><\/p>\n\n\n\n<p>Chef d\u2019\u00e9tablissement : Mme Isabelle PELLETIER<\/p>\n\n\n\n<div style=\"height:111px\" aria-hidden=\"true\" class=\"wp-block-spacer\"><\/div>\n\n\n\n<p>Comptabilit\u00e9 des familles : Mme Sandra GOYARD<\/p>\n\n\n\n<p><strong>T\u00e9l\u00e9phone <\/strong>: 02 55 47 11 90<\/p>\n\n\n\n<p><strong>Mail <\/strong>: <a href=\"mailto:direction45.sainte.marie@gmail.com\">direction45.sainte.marie@gmail.com<\/a><\/p>\n\n\n\n<p><strong><strong>Horaires de classe <\/strong>:&nbsp;<\/strong>8h45 \u00e0 12h00 et 13h30 \u00e0 16h30, les lundis, mardis, jeudis et vendredis.<\/p>\n\n\n\n<p><strong>Acc\u00e8s <\/strong>:<\/p>\n\n\n\n<div class=\"wp-block-webfactory-map\"><div class=\"wp-block-webfactory-map\"><iframe title=\"Map\" width=\"100%\" height=\"300px\" src=\"https:\/\/www.google.com\/maps\/embed\/v1\/place?q=13%20Place%20du%20Grand%20Arcis%2C%2045730%20Saint-Beno%C3%AEt-sur-Loire&amp;maptype=roadmap&amp;zoom=14&amp;key=AIzaSyC_ViLQIfxdfhAiTGyA2XV_cZ7jAjGTRFk\" frameborder=\"0\"><\/iframe><\/div><\/div>\n<\/div>\n\n\n\n<div class=\"wp-block-column is-layout-flow wp-block-column-is-layout-flow\" style=\"flex-basis:50%\">\n<p><strong>Coll\u00e8ge Saint Joseph<\/strong><\/p>\n\n\n\n<p>Chef d\u2019\u00e9tablissement : M. J\u00e9r\u00f4me VILAIN<\/p>\n\n\n\n<p>Responsable vie scolaire : Mme Murielle SEN\u00c9<\/p>\n\n\n\n<p>Secr\u00e9tariat : Mme Murielle MARTINS<\/p>\n\n\n\n<p>Comptabilit\u00e9 des familles : Mme Sandra GOYARD<\/p>\n\n\n\n<p><strong>T\u00e9l\u00e9phone <\/strong>: 02 55 47 11 90<\/p>\n\n\n\n<p><strong>Mail <\/strong>: <a href=\"mailto:secretariat@stjo45.org\">secretariat@stjo45.org<\/a><\/p>\n\n\n\n<p><strong>Horaires du secr\u00e9tariat <\/strong>: 8h15 \u2013 11h30 \/ 12h30 -17h00 (ferm\u00e9 le mercredi apr\u00e8s-midi et le samedi)<\/p>\n\n\n\n<p><strong>Acc\u00e8s <\/strong>:<\/p>\n\n\n\n<div class=\"wp-block-webfactory-map\"><div class=\"wp-block-webfactory-map\"><iframe title=\"Map\" width=\"100%\" height=\"300px\" src=\"https:\/\/www.google.com\/maps\/embed\/v1\/place?q=6%20Place%20du%20Grand%20Arcis%2C%2045730%20Saint-Beno%C3%AEt-sur-Loire&amp;maptype=roadmap&amp;zoom=14&amp;key=AIzaSyC_ViLQIfxdfhAiTGyA2XV_cZ7jAjGTRFk\" frameborder=\"0\"><\/iframe><\/div><\/div>\n<\/div>\n<\/div>\n","protected":false},"excerpt":{"rendered":"<p>Ecole Sainte Marie Chef d\u2019\u00e9tablissement : Mme Isabelle PELLETIER Comptabilit\u00e9 des familles : Mme Sandra GOYARD T\u00e9l\u00e9phone : 02 55 47 11 90 Mail : direction45.sainte.marie@gmail.com Horaires de classe :&nbsp;8h45 \u00e0 12h00 et 13h30 \u00e0 16h30, les lundis, mardis, jeudis et vendredis. Acc\u00e8s : Coll\u00e8ge Saint Joseph Chef d\u2019\u00e9tablissement : M. J\u00e9r\u00f4me VILAIN Responsable vie &hellip;<\/p>\n<p class=\"read-more\"> <a class=\"\" href=\"https:\/\/stemarie-stjoseph.fr\/college-st-joseph\/nous-contacter\/\"> <span class=\"screen-reader-text\">Nous contacter<\/span> Lire la suite\u00a0\u00bb<\/a><\/p>\n","protected":false},"author":4,"featured_media":0,"parent":0,"menu_order":0,"comment_status":"closed","ping_status":"closed","template":"","meta":{"site-sidebar-layout":"default","site-content-layout":"default","ast-main-header-display":"","ast-hfb-above-header-display":"","ast-hfb-below-header-display":"","ast-hfb-mobile-header-display":"","site-post-title":"","ast-breadcrumbs-content":"","ast-featured-img":"","footer-sml-layout":"","theme-transparent-header-meta":"default","adv-header-id-meta":"","stick-header-meta":"","header-above-stick-meta":"","header-main-stick-meta":"","header-below-stick-meta":"","footnotes":""},"yoast_head":"<!-- This site is optimized with the Yoast SEO plugin v24.5 - https:\/\/yoast.com\/wordpress\/plugins\/seo\/ -->\n<title>Nous contacter - Coll\u00e8ge Saint Joseph<\/title>\n<meta name=\"robots\" content=\"index, follow, max-snippet:-1, max-image-preview:large, max-video-preview:-1\" \/>\n<link rel=\"canonical\" href=\"https:\/\/stemarie-stjoseph.fr\/college-st-joseph\/nous-contacter\/\" \/>\n<meta property=\"og:locale\" content=\"fr_FR\" \/>\n<meta property=\"og:type\" content=\"article\" \/>\n<meta property=\"og:title\" content=\"Nous contacter - Coll\u00e8ge Saint Joseph\" \/>\n<meta property=\"og:description\" content=\"Ecole Sainte Marie Chef d\u2019\u00e9tablissement : Mme Isabelle PELLETIER Comptabilit\u00e9 des familles : Mme Sandra GOYARD T\u00e9l\u00e9phone : 02 55 47 11 90 Mail : direction45.sainte.marie@gmail.com Horaires de classe :&nbsp;8h45 \u00e0 12h00 et 13h30 \u00e0 16h30, les lundis, mardis, jeudis et vendredis. Acc\u00e8s : Coll\u00e8ge Saint Joseph Chef d\u2019\u00e9tablissement : M. J\u00e9r\u00f4me VILAIN Responsable vie &hellip; Nous contacter Lire la suite\u00a0\u00bb\" \/>\n<meta property=\"og:url\" content=\"https:\/\/stemarie-stjoseph.fr\/college-st-joseph\/nous-contacter\/\" \/>\n<meta property=\"og:site_name\" content=\"Coll\u00e8ge Saint Joseph\" \/>\n<meta property=\"article:modified_time\" content=\"2026-03-04T10:12:18+00:00\" \/>\n<meta name=\"twitter:card\" content=\"summary_large_image\" \/>\n<meta name=\"twitter:label1\" content=\"Dur\u00e9e de lecture estim\u00e9e\" \/>\n\t<meta name=\"twitter:data1\" content=\"1 minute\" \/>\n<script type=\"application\/ld+json\" class=\"yoast-schema-graph\">{\"@context\":\"https:\/\/schema.org\",\"@graph\":[{\"@type\":\"WebPage\",\"@id\":\"https:\/\/stemarie-stjoseph.fr\/college-st-joseph\/nous-contacter\/\",\"url\":\"https:\/\/stemarie-stjoseph.fr\/college-st-joseph\/nous-contacter\/\",\"name\":\"Nous contacter - Coll\u00e8ge Saint Joseph\",\"isPartOf\":{\"@id\":\"https:\/\/stemarie-stjoseph.fr\/college-st-joseph\/#website\"},\"datePublished\":\"2021-05-29T13:10:36+00:00\",\"dateModified\":\"2026-03-04T10:12:18+00:00\",\"breadcrumb\":{\"@id\":\"https:\/\/stemarie-stjoseph.fr\/college-st-joseph\/nous-contacter\/#breadcrumb\"},\"inLanguage\":\"fr-FR\",\"potentialAction\":[{\"@type\":\"ReadAction\",\"target\":[\"https:\/\/stemarie-stjoseph.fr\/college-st-joseph\/nous-contacter\/\"]}]},{\"@type\":\"BreadcrumbList\",\"@id\":\"https:\/\/stemarie-stjoseph.fr\/college-st-joseph\/nous-contacter\/#breadcrumb\",\"itemListElement\":[{\"@type\":\"ListItem\",\"position\":1,\"name\":\"Accueil\",\"item\":\"https:\/\/stemarie-stjoseph.fr\/college-st-joseph\/\"},{\"@type\":\"ListItem\",\"position\":2,\"name\":\"Nous contacter\"}]},{\"@type\":\"WebSite\",\"@id\":\"https:\/\/stemarie-stjoseph.fr\/college-st-joseph\/#website\",\"url\":\"https:\/\/stemarie-stjoseph.fr\/college-st-joseph\/\",\"name\":\"Coll\u00e8ge Saint Joseph\",\"description\":\"Un site utilisant Groupe scolaire de Saint Beno\u00eet sur Loire\",\"potentialAction\":[{\"@type\":\"SearchAction\",\"target\":{\"@type\":\"EntryPoint\",\"urlTemplate\":\"https:\/\/stemarie-stjoseph.fr\/college-st-joseph\/?s={search_term_string}\"},\"query-input\":{\"@type\":\"PropertyValueSpecification\",\"valueRequired\":true,\"valueName\":\"search_term_string\"}}],\"inLanguage\":\"fr-FR\"}]}<\/script>\n<!-- \/ Yoast SEO plugin. -->","yoast_head_json":{"title":"Nous contacter - Coll\u00e8ge Saint Joseph","robots":{"index":"index","follow":"follow","max-snippet":"max-snippet:-1","max-image-preview":"max-image-preview:large","max-video-preview":"max-video-preview:-1"},"canonical":"https:\/\/stemarie-stjoseph.fr\/college-st-joseph\/nous-contacter\/","og_locale":"fr_FR","og_type":"article","og_title":"Nous contacter - Coll\u00e8ge Saint Joseph","og_description":"Ecole Sainte Marie Chef d\u2019\u00e9tablissement : Mme Isabelle PELLETIER Comptabilit\u00e9 des familles : Mme Sandra GOYARD T\u00e9l\u00e9phone : 02 55 47 11 90 Mail : direction45.sainte.marie@gmail.com Horaires de classe :&nbsp;8h45 \u00e0 12h00 et 13h30 \u00e0 16h30, les lundis, mardis, jeudis et vendredis. Acc\u00e8s : Coll\u00e8ge Saint Joseph Chef d\u2019\u00e9tablissement : M. J\u00e9r\u00f4me VILAIN Responsable vie &hellip; Nous contacter Lire la suite\u00a0\u00bb","og_url":"https:\/\/stemarie-stjoseph.fr\/college-st-joseph\/nous-contacter\/","og_site_name":"Coll\u00e8ge Saint Joseph","article_modified_time":"2026-03-04T10:12:18+00:00","twitter_card":"summary_large_image","twitter_misc":{"Dur\u00e9e de lecture estim\u00e9e":"1 minute"},"schema":{"@context":"https:\/\/schema.org","@graph":[{"@type":"WebPage","@id":"https:\/\/stemarie-stjoseph.fr\/college-st-joseph\/nous-contacter\/","url":"https:\/\/stemarie-stjoseph.fr\/college-st-joseph\/nous-contacter\/","name":"Nous contacter - Coll\u00e8ge Saint Joseph","isPartOf":{"@id":"https:\/\/stemarie-stjoseph.fr\/college-st-joseph\/#website"},"datePublished":"2021-05-29T13:10:36+00:00","dateModified":"2026-03-04T10:12:18+00:00","breadcrumb":{"@id":"https:\/\/stemarie-stjoseph.fr\/college-st-joseph\/nous-contacter\/#breadcrumb"},"inLanguage":"fr-FR","potentialAction":[{"@type":"ReadAction","target":["https:\/\/stemarie-stjoseph.fr\/college-st-joseph\/nous-contacter\/"]}]},{"@type":"BreadcrumbList","@id":"https:\/\/stemarie-stjoseph.fr\/college-st-joseph\/nous-contacter\/#breadcrumb","itemListElement":[{"@type":"ListItem","position":1,"name":"Accueil","item":"https:\/\/stemarie-stjoseph.fr\/college-st-joseph\/"},{"@type":"ListItem","position":2,"name":"Nous contacter"}]},{"@type":"WebSite","@id":"https:\/\/stemarie-stjoseph.fr\/college-st-joseph\/#website","url":"https:\/\/stemarie-stjoseph.fr\/college-st-joseph\/","name":"Coll\u00e8ge Saint Joseph","description":"Un site utilisant Groupe scolaire de Saint Beno\u00eet sur Loire","potentialAction":[{"@type":"SearchAction","target":{"@type":"EntryPoint","urlTemplate":"https:\/\/stemarie-stjoseph.fr\/college-st-joseph\/?s={search_term_string}"},"query-input":{"@type":"PropertyValueSpecification","valueRequired":true,"valueName":"search_term_string"}}],"inLanguage":"fr-FR"}]}},"_links":{"self":[{"href":"https:\/\/stemarie-stjoseph.fr\/college-st-joseph\/wp-json\/wp\/v2\/pages\/6"}],"collection":[{"href":"https:\/\/stemarie-stjoseph.fr\/college-st-joseph\/wp-json\/wp\/v2\/pages"}],"about":[{"href":"https:\/\/stemarie-stjoseph.fr\/college-st-joseph\/wp-json\/wp\/v2\/types\/page"}],"author":[{"embeddable":true,"href":"https:\/\/stemarie-stjoseph.fr\/college-st-joseph\/wp-json\/wp\/v2\/users\/4"}],"replies":[{"embeddable":true,"href":"https:\/\/stemarie-stjoseph.fr\/college-st-joseph\/wp-json\/wp\/v2\/comments?post=6"}],"version-history":[{"count":18,"href":"https:\/\/stemarie-stjoseph.fr\/college-st-joseph\/wp-json\/wp\/v2\/pages\/6\/revisions"}],"predecessor-version":[{"id":425,"href":"https:\/\/stemarie-stjoseph.fr\/college-st-joseph\/wp-json\/wp\/v2\/pages\/6\/revisions\/425"}],"wp:attachment":[{"href":"https:\/\/stemarie-stjoseph.fr\/college-st-joseph\/wp-json\/wp\/v2\/media?parent=6"}],"curies":[{"name":"wp","href":"https:\/\/api.w.org\/{rel}","templated":true}]}}