{"id":9,"date":"2021-05-26T21:23:06","date_gmt":"2021-05-26T19:23:06","guid":{"rendered":"https:\/\/stemarie-stjoseph.fr\/college-st-joseph\/associations-apel\/"},"modified":"2021-06-25T09:03:31","modified_gmt":"2021-06-25T07:03:31","slug":"associations-apel","status":"publish","type":"page","link":"https:\/\/stemarie-stjoseph.fr\/college-st-joseph\/associations-apel\/","title":{"rendered":"APEL"},"content":{"rendered":"\n<p>&nbsp;<strong>QUI SOMMES-NOUS ?<\/strong><\/p>\n\n\n\n<p>Constitu\u00e9e en association loi 1901, l\u2019APEL, repr\u00e9sente l\u2019ensemble des familles du coll\u00e8ge Saint Joseph. Nous sommes la seule association de parents reconnue dans les statuts de l\u2019enseignement catholique.&nbsp;L\u2019APEL est la plus importante association nationale de parents d\u2019\u00e9l\u00e8ves. Elle regroupe 6500 APEL d\u2019\u00e9tablissements et 810000 familles adh\u00e8res.&nbsp;Chaque ann\u00e9e, l\u2019APEL du coll\u00e8ge est au c\u00f4t\u00e9 de l\u2019\u00e9quipe \u00e9ducative. Des membres du bureau participent au conseil d\u2019\u00e9tablissement et le pr\u00e9sident est un membre de droit de l\u2019OGEC.<\/p>\n\n\n\n<p>&nbsp;<strong>LA STRUCTURE DE NOTRE MOUVEMENT <\/strong><\/p>\n\n\n\n<ul><li>APEL du coll\u00e8ge Saint Joseph<\/li><li>APEL du d\u00e9partement du Loiret<\/li><li>APEL de l\u2019Acad\u00e9mie d\u2019Orl\u00e9ans-Tours<\/li><li>APEL Nationale<\/li><\/ul>\n\n\n\n<p>Notre repr\u00e9sentation au niveau national ne peut \u00eatre effective que si localement le nombre de familles est important. Plus nous serons nombreux, mieux nous pourrons nous faire entendre aupr\u00e8s des instances d\u00e9cisionnelles. Si nous sommes des repr\u00e9sentants b\u00e9n\u00e9voles au niveau local, des permanents nous repr\u00e9sentent au niveau de l\u2019APEL du d\u00e9partement du Loiret et au niveau de l\u2019APEL Nationale.<\/p>\n\n\n\n<p>&nbsp;<strong>A QUOI SERT LA COTISATION POUR L\u2019APEL ?<\/strong><\/p>\n\n\n\n<p>Une partie de cette cotisation est revers\u00e9e \u00e0 l\u2019APEL D\u00e9partementale et \u00e0 l\u2019APEL Nationale. Une partie revient \u00e0 l\u2019APEL du coll\u00e8ge et chaque adh\u00e9rent est abonn\u00e9 \u00e0 la revue \u00ab FAMILLE ET EDUCATION \u00bb (parution bimestrielle).<\/p>\n\n\n\n<p>&nbsp;<strong>LES ACTIONS DE L\u2019APEL<\/strong><\/p>\n\n\n\n<p>Chaque ann\u00e9e, nous organisons plusieurs manifestations afin de collecter des fonds (conf\u00e9rence d\u00e9bat avec un intervenant ext\u00e9rieur, march\u00e9 de No\u00ebl, soir\u00e9e dansante\u2026).&nbsp;Ces actions financent une partie des diff\u00e9rentes activit\u00e9s ou \u00e9quipements entrant dans l\u2019am\u00e9lioration des conditions de vie des \u00e9l\u00e8ves au coll\u00e8ge (sortie de classes, \u00e9quipements, journ\u00e9e \u00e0 th\u00e8me\u2026).&nbsp;Pour la r\u00e9alisation de ces actions l\u2019APEL sollicite les parents d\u2019\u00e9l\u00e8ves. La participation de chacun nous aide dans l\u2019organisation de ces manifestations. Elles donnent toujours lieu \u00e0 des rencontres conviviales.<\/p>\n","protected":false},"excerpt":{"rendered":"<p>&nbsp;QUI SOMMES-NOUS ? Constitu\u00e9e en association loi 1901, l\u2019APEL, repr\u00e9sente l\u2019ensemble des familles du coll\u00e8ge Saint Joseph. Nous sommes la seule association de parents reconnue dans les statuts de l\u2019enseignement catholique.&nbsp;L\u2019APEL est la plus importante association nationale de parents d\u2019\u00e9l\u00e8ves. Elle regroupe 6500 APEL d\u2019\u00e9tablissements et 810000 familles adh\u00e8res.&nbsp;Chaque ann\u00e9e, l\u2019APEL du coll\u00e8ge est au &hellip;<\/p>\n<p class=\"read-more\"> <a class=\"\" href=\"https:\/\/stemarie-stjoseph.fr\/college-st-joseph\/associations-apel\/\"> <span class=\"screen-reader-text\">APEL<\/span> Lire la suite\u00a0\u00bb<\/a><\/p>\n","protected":false},"author":4,"featured_media":0,"parent":0,"menu_order":0,"comment_status":"closed","ping_status":"closed","template":"","meta":{"site-sidebar-layout":"default","site-content-layout":"default","ast-main-header-display":"","ast-hfb-above-header-display":"","ast-hfb-below-header-display":"","ast-hfb-mobile-header-display":"","site-post-title":"","ast-breadcrumbs-content":"","ast-featured-img":"","footer-sml-layout":"","theme-transparent-header-meta":"default","adv-header-id-meta":"","stick-header-meta":"","header-above-stick-meta":"","header-main-stick-meta":"","header-below-stick-meta":"","footnotes":""},"yoast_head":"<!-- This site is optimized with the Yoast SEO plugin v24.5 - https:\/\/yoast.com\/wordpress\/plugins\/seo\/ -->\n<title>APEL - Coll\u00e8ge Saint Joseph<\/title>\n<meta name=\"robots\" content=\"index, follow, max-snippet:-1, max-image-preview:large, max-video-preview:-1\" \/>\n<link rel=\"canonical\" href=\"https:\/\/stemarie-stjoseph.fr\/college-st-joseph\/associations-apel\/\" \/>\n<meta property=\"og:locale\" content=\"fr_FR\" \/>\n<meta property=\"og:type\" content=\"article\" \/>\n<meta property=\"og:title\" content=\"APEL - Coll\u00e8ge Saint Joseph\" \/>\n<meta property=\"og:description\" content=\"&nbsp;QUI SOMMES-NOUS ? Constitu\u00e9e en association loi 1901, l\u2019APEL, repr\u00e9sente l\u2019ensemble des familles du coll\u00e8ge Saint Joseph. Nous sommes la seule association de parents reconnue dans les statuts de l\u2019enseignement catholique.&nbsp;L\u2019APEL est la plus importante association nationale de parents d\u2019\u00e9l\u00e8ves. Elle regroupe 6500 APEL d\u2019\u00e9tablissements et 810000 familles adh\u00e8res.&nbsp;Chaque ann\u00e9e, l\u2019APEL du coll\u00e8ge est au &hellip; APEL Lire la suite\u00a0\u00bb\" \/>\n<meta property=\"og:url\" content=\"https:\/\/stemarie-stjoseph.fr\/college-st-joseph\/associations-apel\/\" \/>\n<meta property=\"og:site_name\" content=\"Coll\u00e8ge Saint Joseph\" \/>\n<meta property=\"article:modified_time\" content=\"2021-06-25T07:03:31+00:00\" \/>\n<meta name=\"twitter:card\" content=\"summary_large_image\" \/>\n<meta name=\"twitter:label1\" content=\"Dur\u00e9e de lecture estim\u00e9e\" \/>\n\t<meta name=\"twitter:data1\" content=\"2 minutes\" \/>\n<script type=\"application\/ld+json\" class=\"yoast-schema-graph\">{\"@context\":\"https:\/\/schema.org\",\"@graph\":[{\"@type\":\"WebPage\",\"@id\":\"https:\/\/stemarie-stjoseph.fr\/college-st-joseph\/associations-apel\/\",\"url\":\"https:\/\/stemarie-stjoseph.fr\/college-st-joseph\/associations-apel\/\",\"name\":\"APEL - Coll\u00e8ge Saint Joseph\",\"isPartOf\":{\"@id\":\"https:\/\/stemarie-stjoseph.fr\/college-st-joseph\/#website\"},\"datePublished\":\"2021-05-26T19:23:06+00:00\",\"dateModified\":\"2021-06-25T07:03:31+00:00\",\"breadcrumb\":{\"@id\":\"https:\/\/stemarie-stjoseph.fr\/college-st-joseph\/associations-apel\/#breadcrumb\"},\"inLanguage\":\"fr-FR\",\"potentialAction\":[{\"@type\":\"ReadAction\",\"target\":[\"https:\/\/stemarie-stjoseph.fr\/college-st-joseph\/associations-apel\/\"]}]},{\"@type\":\"BreadcrumbList\",\"@id\":\"https:\/\/stemarie-stjoseph.fr\/college-st-joseph\/associations-apel\/#breadcrumb\",\"itemListElement\":[{\"@type\":\"ListItem\",\"position\":1,\"name\":\"Accueil\",\"item\":\"https:\/\/stemarie-stjoseph.fr\/college-st-joseph\/\"},{\"@type\":\"ListItem\",\"position\":2,\"name\":\"APEL\"}]},{\"@type\":\"WebSite\",\"@id\":\"https:\/\/stemarie-stjoseph.fr\/college-st-joseph\/#website\",\"url\":\"https:\/\/stemarie-stjoseph.fr\/college-st-joseph\/\",\"name\":\"Coll\u00e8ge Saint Joseph\",\"description\":\"Un site utilisant Groupe scolaire de Saint Beno\u00eet sur Loire\",\"potentialAction\":[{\"@type\":\"SearchAction\",\"target\":{\"@type\":\"EntryPoint\",\"urlTemplate\":\"https:\/\/stemarie-stjoseph.fr\/college-st-joseph\/?s={search_term_string}\"},\"query-input\":{\"@type\":\"PropertyValueSpecification\",\"valueRequired\":true,\"valueName\":\"search_term_string\"}}],\"inLanguage\":\"fr-FR\"}]}<\/script>\n<!-- \/ Yoast SEO plugin. -->","yoast_head_json":{"title":"APEL - Coll\u00e8ge Saint Joseph","robots":{"index":"index","follow":"follow","max-snippet":"max-snippet:-1","max-image-preview":"max-image-preview:large","max-video-preview":"max-video-preview:-1"},"canonical":"https:\/\/stemarie-stjoseph.fr\/college-st-joseph\/associations-apel\/","og_locale":"fr_FR","og_type":"article","og_title":"APEL - Coll\u00e8ge Saint Joseph","og_description":"&nbsp;QUI SOMMES-NOUS ? Constitu\u00e9e en association loi 1901, l\u2019APEL, repr\u00e9sente l\u2019ensemble des familles du coll\u00e8ge Saint Joseph. Nous sommes la seule association de parents reconnue dans les statuts de l\u2019enseignement catholique.&nbsp;L\u2019APEL est la plus importante association nationale de parents d\u2019\u00e9l\u00e8ves. Elle regroupe 6500 APEL d\u2019\u00e9tablissements et 810000 familles adh\u00e8res.&nbsp;Chaque ann\u00e9e, l\u2019APEL du coll\u00e8ge est au &hellip; APEL Lire la suite\u00a0\u00bb","og_url":"https:\/\/stemarie-stjoseph.fr\/college-st-joseph\/associations-apel\/","og_site_name":"Coll\u00e8ge Saint Joseph","article_modified_time":"2021-06-25T07:03:31+00:00","twitter_card":"summary_large_image","twitter_misc":{"Dur\u00e9e de lecture estim\u00e9e":"2 minutes"},"schema":{"@context":"https:\/\/schema.org","@graph":[{"@type":"WebPage","@id":"https:\/\/stemarie-stjoseph.fr\/college-st-joseph\/associations-apel\/","url":"https:\/\/stemarie-stjoseph.fr\/college-st-joseph\/associations-apel\/","name":"APEL - Coll\u00e8ge Saint Joseph","isPartOf":{"@id":"https:\/\/stemarie-stjoseph.fr\/college-st-joseph\/#website"},"datePublished":"2021-05-26T19:23:06+00:00","dateModified":"2021-06-25T07:03:31+00:00","breadcrumb":{"@id":"https:\/\/stemarie-stjoseph.fr\/college-st-joseph\/associations-apel\/#breadcrumb"},"inLanguage":"fr-FR","potentialAction":[{"@type":"ReadAction","target":["https:\/\/stemarie-stjoseph.fr\/college-st-joseph\/associations-apel\/"]}]},{"@type":"BreadcrumbList","@id":"https:\/\/stemarie-stjoseph.fr\/college-st-joseph\/associations-apel\/#breadcrumb","itemListElement":[{"@type":"ListItem","position":1,"name":"Accueil","item":"https:\/\/stemarie-stjoseph.fr\/college-st-joseph\/"},{"@type":"ListItem","position":2,"name":"APEL"}]},{"@type":"WebSite","@id":"https:\/\/stemarie-stjoseph.fr\/college-st-joseph\/#website","url":"https:\/\/stemarie-stjoseph.fr\/college-st-joseph\/","name":"Coll\u00e8ge Saint Joseph","description":"Un site utilisant Groupe scolaire de Saint Beno\u00eet sur Loire","potentialAction":[{"@type":"SearchAction","target":{"@type":"EntryPoint","urlTemplate":"https:\/\/stemarie-stjoseph.fr\/college-st-joseph\/?s={search_term_string}"},"query-input":{"@type":"PropertyValueSpecification","valueRequired":true,"valueName":"search_term_string"}}],"inLanguage":"fr-FR"}]}},"_links":{"self":[{"href":"https:\/\/stemarie-stjoseph.fr\/college-st-joseph\/wp-json\/wp\/v2\/pages\/9"}],"collection":[{"href":"https:\/\/stemarie-stjoseph.fr\/college-st-joseph\/wp-json\/wp\/v2\/pages"}],"about":[{"href":"https:\/\/stemarie-stjoseph.fr\/college-st-joseph\/wp-json\/wp\/v2\/types\/page"}],"author":[{"embeddable":true,"href":"https:\/\/stemarie-stjoseph.fr\/college-st-joseph\/wp-json\/wp\/v2\/users\/4"}],"replies":[{"embeddable":true,"href":"https:\/\/stemarie-stjoseph.fr\/college-st-joseph\/wp-json\/wp\/v2\/comments?post=9"}],"version-history":[{"count":1,"href":"https:\/\/stemarie-stjoseph.fr\/college-st-joseph\/wp-json\/wp\/v2\/pages\/9\/revisions"}],"predecessor-version":[{"id":190,"href":"https:\/\/stemarie-stjoseph.fr\/college-st-joseph\/wp-json\/wp\/v2\/pages\/9\/revisions\/190"}],"wp:attachment":[{"href":"https:\/\/stemarie-stjoseph.fr\/college-st-joseph\/wp-json\/wp\/v2\/media?parent=9"}],"curies":[{"name":"wp","href":"https:\/\/api.w.org\/{rel}","templated":true}]}}