{"id":96,"date":"2021-06-14T13:15:51","date_gmt":"2021-06-14T11:15:51","guid":{"rendered":"https:\/\/stemarie-stjoseph.fr\/college-st-joseph\/?page_id=96"},"modified":"2026-03-04T12:26:26","modified_gmt":"2026-03-04T11:26:26","slug":"infos-pratiques-horaires","status":"publish","type":"page","link":"https:\/\/stemarie-stjoseph.fr\/college-st-joseph\/infos-pratiques-horaires\/","title":{"rendered":"Horaires"},"content":{"rendered":"\n<p>Les cours sont dispens\u00e9s de 8h55 \u00e0 16h45 le lundi, mardi, jeudi et vendredi. Le mercredi de 8h55 \u00e0 12h30.<\/p>\n\n\n\n<p>Le coll\u00e8ge ouvre ses portes d\u00e8s 8h15 tous les jours.<\/p>\n\n\n\n<p>Un temps d&rsquo;\u00e9tude accompagn\u00e9e est propos\u00e9 jusqu&rsquo;\u00e0 18h le lundi, mardi, jeudi et vendredi.<\/p>\n","protected":false},"excerpt":{"rendered":"<p>Les cours sont dispens\u00e9s de 8h55 \u00e0 16h45 le lundi, mardi, jeudi et vendredi. Le mercredi de 8h55 \u00e0 12h30. Le coll\u00e8ge ouvre ses portes d\u00e8s 8h15 tous les jours. Un temps d&rsquo;\u00e9tude accompagn\u00e9e est propos\u00e9 jusqu&rsquo;\u00e0 18h le lundi, mardi, jeudi et vendredi.<\/p>\n","protected":false},"author":4,"featured_media":0,"parent":0,"menu_order":0,"comment_status":"closed","ping_status":"closed","template":"","meta":{"site-sidebar-layout":"default","site-content-layout":"default","ast-main-header-display":"","ast-hfb-above-header-display":"","ast-hfb-below-header-display":"","ast-hfb-mobile-header-display":"","site-post-title":"","ast-breadcrumbs-content":"","ast-featured-img":"","footer-sml-layout":"","theme-transparent-header-meta":"default","adv-header-id-meta":"","stick-header-meta":"","header-above-stick-meta":"","header-main-stick-meta":"","header-below-stick-meta":"","footnotes":""},"yoast_head":"<!-- This site is optimized with the Yoast SEO plugin v24.5 - https:\/\/yoast.com\/wordpress\/plugins\/seo\/ -->\n<title>Horaires - Coll\u00e8ge Saint Joseph<\/title>\n<meta name=\"robots\" content=\"index, follow, max-snippet:-1, max-image-preview:large, max-video-preview:-1\" \/>\n<link rel=\"canonical\" href=\"https:\/\/stemarie-stjoseph.fr\/college-st-joseph\/infos-pratiques-horaires\/\" \/>\n<meta property=\"og:locale\" content=\"fr_FR\" \/>\n<meta property=\"og:type\" content=\"article\" \/>\n<meta property=\"og:title\" content=\"Horaires - Coll\u00e8ge Saint Joseph\" \/>\n<meta property=\"og:description\" content=\"Les cours sont dispens\u00e9s de 8h55 \u00e0 16h45 le lundi, mardi, jeudi et vendredi. Le mercredi de 8h55 \u00e0 12h30. Le coll\u00e8ge ouvre ses portes d\u00e8s 8h15 tous les jours. Un temps d&rsquo;\u00e9tude accompagn\u00e9e est propos\u00e9 jusqu&rsquo;\u00e0 18h le lundi, mardi, jeudi et vendredi.\" \/>\n<meta property=\"og:url\" content=\"https:\/\/stemarie-stjoseph.fr\/college-st-joseph\/infos-pratiques-horaires\/\" \/>\n<meta property=\"og:site_name\" content=\"Coll\u00e8ge Saint Joseph\" \/>\n<meta property=\"article:modified_time\" content=\"2026-03-04T11:26:26+00:00\" \/>\n<meta name=\"twitter:card\" content=\"summary_large_image\" \/>\n<meta name=\"twitter:label1\" content=\"Dur\u00e9e de lecture estim\u00e9e\" \/>\n\t<meta name=\"twitter:data1\" content=\"1 minute\" \/>\n<script type=\"application\/ld+json\" class=\"yoast-schema-graph\">{\"@context\":\"https:\/\/schema.org\",\"@graph\":[{\"@type\":\"WebPage\",\"@id\":\"https:\/\/stemarie-stjoseph.fr\/college-st-joseph\/infos-pratiques-horaires\/\",\"url\":\"https:\/\/stemarie-stjoseph.fr\/college-st-joseph\/infos-pratiques-horaires\/\",\"name\":\"Horaires - Coll\u00e8ge Saint Joseph\",\"isPartOf\":{\"@id\":\"https:\/\/stemarie-stjoseph.fr\/college-st-joseph\/#website\"},\"datePublished\":\"2021-06-14T11:15:51+00:00\",\"dateModified\":\"2026-03-04T11:26:26+00:00\",\"breadcrumb\":{\"@id\":\"https:\/\/stemarie-stjoseph.fr\/college-st-joseph\/infos-pratiques-horaires\/#breadcrumb\"},\"inLanguage\":\"fr-FR\",\"potentialAction\":[{\"@type\":\"ReadAction\",\"target\":[\"https:\/\/stemarie-stjoseph.fr\/college-st-joseph\/infos-pratiques-horaires\/\"]}]},{\"@type\":\"BreadcrumbList\",\"@id\":\"https:\/\/stemarie-stjoseph.fr\/college-st-joseph\/infos-pratiques-horaires\/#breadcrumb\",\"itemListElement\":[{\"@type\":\"ListItem\",\"position\":1,\"name\":\"Accueil\",\"item\":\"https:\/\/stemarie-stjoseph.fr\/college-st-joseph\/\"},{\"@type\":\"ListItem\",\"position\":2,\"name\":\"Horaires\"}]},{\"@type\":\"WebSite\",\"@id\":\"https:\/\/stemarie-stjoseph.fr\/college-st-joseph\/#website\",\"url\":\"https:\/\/stemarie-stjoseph.fr\/college-st-joseph\/\",\"name\":\"Coll\u00e8ge Saint Joseph\",\"description\":\"Un site utilisant Groupe scolaire de Saint Beno\u00eet sur Loire\",\"potentialAction\":[{\"@type\":\"SearchAction\",\"target\":{\"@type\":\"EntryPoint\",\"urlTemplate\":\"https:\/\/stemarie-stjoseph.fr\/college-st-joseph\/?s={search_term_string}\"},\"query-input\":{\"@type\":\"PropertyValueSpecification\",\"valueRequired\":true,\"valueName\":\"search_term_string\"}}],\"inLanguage\":\"fr-FR\"}]}<\/script>\n<!-- \/ Yoast SEO plugin. -->","yoast_head_json":{"title":"Horaires - Coll\u00e8ge Saint Joseph","robots":{"index":"index","follow":"follow","max-snippet":"max-snippet:-1","max-image-preview":"max-image-preview:large","max-video-preview":"max-video-preview:-1"},"canonical":"https:\/\/stemarie-stjoseph.fr\/college-st-joseph\/infos-pratiques-horaires\/","og_locale":"fr_FR","og_type":"article","og_title":"Horaires - Coll\u00e8ge Saint Joseph","og_description":"Les cours sont dispens\u00e9s de 8h55 \u00e0 16h45 le lundi, mardi, jeudi et vendredi. Le mercredi de 8h55 \u00e0 12h30. Le coll\u00e8ge ouvre ses portes d\u00e8s 8h15 tous les jours. Un temps d&rsquo;\u00e9tude accompagn\u00e9e est propos\u00e9 jusqu&rsquo;\u00e0 18h le lundi, mardi, jeudi et vendredi.","og_url":"https:\/\/stemarie-stjoseph.fr\/college-st-joseph\/infos-pratiques-horaires\/","og_site_name":"Coll\u00e8ge Saint Joseph","article_modified_time":"2026-03-04T11:26:26+00:00","twitter_card":"summary_large_image","twitter_misc":{"Dur\u00e9e de lecture estim\u00e9e":"1 minute"},"schema":{"@context":"https:\/\/schema.org","@graph":[{"@type":"WebPage","@id":"https:\/\/stemarie-stjoseph.fr\/college-st-joseph\/infos-pratiques-horaires\/","url":"https:\/\/stemarie-stjoseph.fr\/college-st-joseph\/infos-pratiques-horaires\/","name":"Horaires - Coll\u00e8ge Saint Joseph","isPartOf":{"@id":"https:\/\/stemarie-stjoseph.fr\/college-st-joseph\/#website"},"datePublished":"2021-06-14T11:15:51+00:00","dateModified":"2026-03-04T11:26:26+00:00","breadcrumb":{"@id":"https:\/\/stemarie-stjoseph.fr\/college-st-joseph\/infos-pratiques-horaires\/#breadcrumb"},"inLanguage":"fr-FR","potentialAction":[{"@type":"ReadAction","target":["https:\/\/stemarie-stjoseph.fr\/college-st-joseph\/infos-pratiques-horaires\/"]}]},{"@type":"BreadcrumbList","@id":"https:\/\/stemarie-stjoseph.fr\/college-st-joseph\/infos-pratiques-horaires\/#breadcrumb","itemListElement":[{"@type":"ListItem","position":1,"name":"Accueil","item":"https:\/\/stemarie-stjoseph.fr\/college-st-joseph\/"},{"@type":"ListItem","position":2,"name":"Horaires"}]},{"@type":"WebSite","@id":"https:\/\/stemarie-stjoseph.fr\/college-st-joseph\/#website","url":"https:\/\/stemarie-stjoseph.fr\/college-st-joseph\/","name":"Coll\u00e8ge Saint Joseph","description":"Un site utilisant Groupe scolaire de Saint Beno\u00eet sur Loire","potentialAction":[{"@type":"SearchAction","target":{"@type":"EntryPoint","urlTemplate":"https:\/\/stemarie-stjoseph.fr\/college-st-joseph\/?s={search_term_string}"},"query-input":{"@type":"PropertyValueSpecification","valueRequired":true,"valueName":"search_term_string"}}],"inLanguage":"fr-FR"}]}},"_links":{"self":[{"href":"https:\/\/stemarie-stjoseph.fr\/college-st-joseph\/wp-json\/wp\/v2\/pages\/96"}],"collection":[{"href":"https:\/\/stemarie-stjoseph.fr\/college-st-joseph\/wp-json\/wp\/v2\/pages"}],"about":[{"href":"https:\/\/stemarie-stjoseph.fr\/college-st-joseph\/wp-json\/wp\/v2\/types\/page"}],"author":[{"embeddable":true,"href":"https:\/\/stemarie-stjoseph.fr\/college-st-joseph\/wp-json\/wp\/v2\/users\/4"}],"replies":[{"embeddable":true,"href":"https:\/\/stemarie-stjoseph.fr\/college-st-joseph\/wp-json\/wp\/v2\/comments?post=96"}],"version-history":[{"count":4,"href":"https:\/\/stemarie-stjoseph.fr\/college-st-joseph\/wp-json\/wp\/v2\/pages\/96\/revisions"}],"predecessor-version":[{"id":430,"href":"https:\/\/stemarie-stjoseph.fr\/college-st-joseph\/wp-json\/wp\/v2\/pages\/96\/revisions\/430"}],"wp:attachment":[{"href":"https:\/\/stemarie-stjoseph.fr\/college-st-joseph\/wp-json\/wp\/v2\/media?parent=96"}],"curies":[{"name":"wp","href":"https:\/\/api.w.org\/{rel}","templated":true}]}}