{"id":415,"date":"2021-05-26T21:06:10","date_gmt":"2021-05-26T19:06:10","guid":{"rendered":"https:\/\/stemarie-stjoseph.fr\/ecole-ste-marie\/nos-parcours-equipe-pedagogique\/"},"modified":"2025-02-05T15:12:26","modified_gmt":"2025-02-05T14:12:26","slug":"nos-parcours-equipe-pedagogique","status":"publish","type":"page","link":"https:\/\/stemarie-stjoseph.fr\/ecole-ste-marie\/nos-parcours-equipe-pedagogique\/","title":{"rendered":"\u00c9quipe p\u00e9dagogique"},"content":{"rendered":"\n<figure class=\"wp-block-table aligncenter\"><table><tbody><tr><td class=\"has-text-align-center\" data-align=\"center\">Isabelle PELLETIER<\/td><\/tr><tr><td class=\"has-text-align-center\" data-align=\"center\">Chef d&rsquo;\u00e9tablissement<\/td><\/tr><\/tbody><\/table><\/figure>\n\n\n\n<p class=\"has-text-align-center\"><strong><br>L&rsquo;\u00e9quipe enseignante<\/strong><\/p>\n\n\n\n<figure class=\"wp-block-table aligncenter\"><table><tbody><tr><td class=\"has-text-align-center\" data-align=\"center\">Armelle GUIRLET<\/td><td class=\"has-text-align-center\" data-align=\"center\">Emmanuelle RADZIETA<\/td><td class=\"has-text-align-center\" data-align=\"center\">Laurence ROCHE<\/td><\/tr><\/tbody><\/table><\/figure>\n\n\n\n<div style=\"height:10px\" aria-hidden=\"true\" class=\"wp-block-spacer\"><\/div>\n\n\n\n<figure class=\"wp-block-table aligncenter\"><table><tbody><tr><td class=\"has-text-align-center\" data-align=\"center\">Daphn\u00e9 TARDY<\/td><td class=\"has-text-align-center\" data-align=\"center\">Aude ARTES<\/td><td class=\"has-text-align-center\" data-align=\"center\">Isabelle PELLETIER<\/td><\/tr><\/tbody><\/table><\/figure>\n\n\n\n<p class=\"has-text-align-center\">&nbsp;&nbsp;&nbsp;&nbsp;<\/p>\n\n\n\n<p class=\"has-text-align-center\">&nbsp;&nbsp;&nbsp; Pour accompagner les \u00e9l\u00e8ves au quotidien dans les classes ou sur le temps de cantine:&nbsp;&nbsp;<\/p>\n\n\n\n<figure class=\"wp-block-table aligncenter\"><table><tbody><tr><td class=\"has-text-align-center\" data-align=\"center\">Christelle NAVARRE<\/td><td class=\"has-text-align-center\" data-align=\"center\">&nbsp;Lor\u00e8ne TRASBOT<\/td><td class=\"has-text-align-center\" data-align=\"center\">Aur\u00e9lie MARTIN<\/td><td>Ma\u00ebva PERLUZZO<\/td><\/tr><tr><td class=\"has-text-align-center\" data-align=\"center\">ASEM<\/td><td class=\"has-text-align-center\" data-align=\"center\">ASEM<\/td><td class=\"has-text-align-center\" data-align=\"center\">Personnel d&rsquo;entretien<\/td><td>Apprenti ASEM<\/td><\/tr><\/tbody><\/table><\/figure>\n\n\n\n<p><\/p>\n\n\n\n<p class=\"has-text-align-center\"><strong>Accompagnement pastorale<\/strong><\/p>\n\n\n\n<figure class=\"wp-block-table aligncenter\"><table><tbody><tr><td class=\"has-text-align-center\" data-align=\"center\">P\u00e8re Michel RABOURDIN<\/td><td class=\"has-text-align-center\" data-align=\"center\">Didier ADAM<\/td><\/tr><tr><td class=\"has-text-align-center\" data-align=\"center\">Pr\u00eatre r\u00e9f\u00e9rent<\/td><td class=\"has-text-align-center\" data-align=\"center\">Diacre r\u00e9f\u00e9rent<\/td><\/tr><\/tbody><\/table><\/figure>\n\n\n\n<p><\/p>\n\n\n\n<p class=\"has-text-align-center\"><strong>Equipe BEP-ASH<\/strong><\/p>\n\n\n\n<p class=\"has-text-align-center\">Besoins Educatifs Particuliers &#8211; Adaptation scolaire et aide \u00e0 la Scolarisation des \u00e9l\u00e8ves en situation de Handicap<\/p>\n\n\n\n<figure class=\"wp-block-table aligncenter\"><table><tbody><tr><td class=\"has-text-align-center\" data-align=\"center\">Delphine BARBEREAU<\/td><td class=\"has-text-align-center\" data-align=\"center\">Marie-Agn\u00e8s BRETHE<\/td><\/tr><tr><td class=\"has-text-align-center\" data-align=\"center\">Enseignant sp\u00e9cialis\u00e9<\/td><td class=\"has-text-align-center\" data-align=\"center\">Psychologue scolaire<\/td><\/tr><\/tbody><\/table><\/figure>\n\n\n\n<p class=\"has-text-align-center\">&nbsp;   <\/p>\n","protected":false},"excerpt":{"rendered":"<p>Isabelle PELLETIER Chef d&rsquo;\u00e9tablissement L&rsquo;\u00e9quipe enseignante Armelle GUIRLET Emmanuelle RADZIETA Laurence ROCHE Daphn\u00e9 TARDY Aude ARTES Isabelle PELLETIER &nbsp;&nbsp;&nbsp;&nbsp; &nbsp;&nbsp;&nbsp; Pour accompagner les \u00e9l\u00e8ves au quotidien dans les classes ou sur le temps de cantine:&nbsp;&nbsp; Christelle NAVARRE &nbsp;Lor\u00e8ne TRASBOT Aur\u00e9lie MARTIN Ma\u00ebva PERLUZZO ASEM ASEM Personnel d&rsquo;entretien Apprenti ASEM Accompagnement pastorale P\u00e8re Michel RABOURDIN Didier &hellip;<\/p>\n<p class=\"read-more\"> <a class=\"\" href=\"https:\/\/stemarie-stjoseph.fr\/ecole-ste-marie\/nos-parcours-equipe-pedagogique\/\"> <span class=\"screen-reader-text\">\u00c9quipe p\u00e9dagogique<\/span> Lire la suite\u00a0\u00bb<\/a><\/p>\n","protected":false},"author":5,"featured_media":0,"parent":0,"menu_order":0,"comment_status":"closed","ping_status":"closed","template":"","meta":{"site-sidebar-layout":"default","site-content-layout":"default","ast-main-header-display":"","ast-hfb-above-header-display":"","ast-hfb-below-header-display":"","ast-hfb-mobile-header-display":"","site-post-title":"","ast-breadcrumbs-content":"","ast-featured-img":"","footer-sml-layout":"","theme-transparent-header-meta":"default","adv-header-id-meta":"","stick-header-meta":"","header-above-stick-meta":"","header-main-stick-meta":"","header-below-stick-meta":"","footnotes":""},"yoast_head":"<!-- This site is optimized with the Yoast SEO plugin v24.5 - https:\/\/yoast.com\/wordpress\/plugins\/seo\/ -->\n<title>\u00c9quipe p\u00e9dagogique - \u00c9cole Sainte Marie<\/title>\n<meta name=\"robots\" content=\"index, follow, max-snippet:-1, max-image-preview:large, max-video-preview:-1\" \/>\n<link rel=\"canonical\" href=\"https:\/\/stemarie-stjoseph.fr\/ecole-ste-marie\/nos-parcours-equipe-pedagogique\/\" \/>\n<meta property=\"og:locale\" content=\"fr_FR\" \/>\n<meta property=\"og:type\" content=\"article\" \/>\n<meta property=\"og:title\" content=\"\u00c9quipe p\u00e9dagogique - \u00c9cole Sainte Marie\" \/>\n<meta property=\"og:description\" content=\"Isabelle PELLETIER Chef d&rsquo;\u00e9tablissement L&rsquo;\u00e9quipe enseignante Armelle GUIRLET Emmanuelle RADZIETA Laurence ROCHE Daphn\u00e9 TARDY Aude ARTES Isabelle PELLETIER &nbsp;&nbsp;&nbsp;&nbsp; &nbsp;&nbsp;&nbsp; Pour accompagner les \u00e9l\u00e8ves au quotidien dans les classes ou sur le temps de cantine:&nbsp;&nbsp; Christelle NAVARRE &nbsp;Lor\u00e8ne TRASBOT Aur\u00e9lie MARTIN Ma\u00ebva PERLUZZO ASEM ASEM Personnel d&rsquo;entretien Apprenti ASEM Accompagnement pastorale P\u00e8re Michel RABOURDIN Didier &hellip; \u00c9quipe p\u00e9dagogique Lire la suite\u00a0\u00bb\" \/>\n<meta property=\"og:url\" content=\"https:\/\/stemarie-stjoseph.fr\/ecole-ste-marie\/nos-parcours-equipe-pedagogique\/\" \/>\n<meta property=\"og:site_name\" content=\"\u00c9cole Sainte Marie\" \/>\n<meta property=\"article:modified_time\" content=\"2025-02-05T14:12:26+00:00\" \/>\n<meta name=\"twitter:card\" content=\"summary_large_image\" \/>\n<meta name=\"twitter:label1\" content=\"Dur\u00e9e de lecture estim\u00e9e\" \/>\n\t<meta name=\"twitter:data1\" content=\"1 minute\" \/>\n<script type=\"application\/ld+json\" class=\"yoast-schema-graph\">{\"@context\":\"https:\/\/schema.org\",\"@graph\":[{\"@type\":\"WebPage\",\"@id\":\"https:\/\/stemarie-stjoseph.fr\/ecole-ste-marie\/nos-parcours-equipe-pedagogique\/\",\"url\":\"https:\/\/stemarie-stjoseph.fr\/ecole-ste-marie\/nos-parcours-equipe-pedagogique\/\",\"name\":\"\u00c9quipe p\u00e9dagogique - \u00c9cole Sainte Marie\",\"isPartOf\":{\"@id\":\"https:\/\/stemarie-stjoseph.fr\/ecole-ste-marie\/#website\"},\"datePublished\":\"2021-05-26T19:06:10+00:00\",\"dateModified\":\"2025-02-05T14:12:26+00:00\",\"breadcrumb\":{\"@id\":\"https:\/\/stemarie-stjoseph.fr\/ecole-ste-marie\/nos-parcours-equipe-pedagogique\/#breadcrumb\"},\"inLanguage\":\"fr-FR\",\"potentialAction\":[{\"@type\":\"ReadAction\",\"target\":[\"https:\/\/stemarie-stjoseph.fr\/ecole-ste-marie\/nos-parcours-equipe-pedagogique\/\"]}]},{\"@type\":\"BreadcrumbList\",\"@id\":\"https:\/\/stemarie-stjoseph.fr\/ecole-ste-marie\/nos-parcours-equipe-pedagogique\/#breadcrumb\",\"itemListElement\":[{\"@type\":\"ListItem\",\"position\":1,\"name\":\"Accueil\",\"item\":\"https:\/\/stemarie-stjoseph.fr\/ecole-ste-marie\/\"},{\"@type\":\"ListItem\",\"position\":2,\"name\":\"\u00c9quipe p\u00e9dagogique\"}]},{\"@type\":\"WebSite\",\"@id\":\"https:\/\/stemarie-stjoseph.fr\/ecole-ste-marie\/#website\",\"url\":\"https:\/\/stemarie-stjoseph.fr\/ecole-ste-marie\/\",\"name\":\"Groupe Scolaire de Saint Beno\u00eet sur Loire\",\"description\":\"Un site utilisant WordPress\",\"publisher\":{\"@id\":\"https:\/\/stemarie-stjoseph.fr\/ecole-ste-marie\/#organization\"},\"potentialAction\":[{\"@type\":\"SearchAction\",\"target\":{\"@type\":\"EntryPoint\",\"urlTemplate\":\"https:\/\/stemarie-stjoseph.fr\/ecole-ste-marie\/?s={search_term_string}\"},\"query-input\":{\"@type\":\"PropertyValueSpecification\",\"valueRequired\":true,\"valueName\":\"search_term_string\"}}],\"inLanguage\":\"fr-FR\"},{\"@type\":\"Organization\",\"@id\":\"https:\/\/stemarie-stjoseph.fr\/ecole-ste-marie\/#organization\",\"name\":\"Etablissement d'enseignement catholique Saint Benoit sur Loire\",\"url\":\"https:\/\/stemarie-stjoseph.fr\/ecole-ste-marie\/\",\"logo\":{\"@type\":\"ImageObject\",\"inLanguage\":\"fr-FR\",\"@id\":\"https:\/\/stemarie-stjoseph.fr\/ecole-ste-marie\/#\/schema\/logo\/image\/\",\"url\":\"https:\/\/stemarie-stjoseph.fr\/ecole-ste-marie\/wp-content\/uploads\/sites\/6\/2021\/05\/logo-enseignement-catholique.png\",\"contentUrl\":\"https:\/\/stemarie-stjoseph.fr\/ecole-ste-marie\/wp-content\/uploads\/sites\/6\/2021\/05\/logo-enseignement-catholique.png\",\"width\":999,\"height\":602,\"caption\":\"Etablissement d'enseignement catholique Saint Benoit sur Loire\"},\"image\":{\"@id\":\"https:\/\/stemarie-stjoseph.fr\/ecole-ste-marie\/#\/schema\/logo\/image\/\"}}]}<\/script>\n<!-- \/ Yoast SEO plugin. -->","yoast_head_json":{"title":"\u00c9quipe p\u00e9dagogique - \u00c9cole Sainte Marie","robots":{"index":"index","follow":"follow","max-snippet":"max-snippet:-1","max-image-preview":"max-image-preview:large","max-video-preview":"max-video-preview:-1"},"canonical":"https:\/\/stemarie-stjoseph.fr\/ecole-ste-marie\/nos-parcours-equipe-pedagogique\/","og_locale":"fr_FR","og_type":"article","og_title":"\u00c9quipe p\u00e9dagogique - \u00c9cole Sainte Marie","og_description":"Isabelle PELLETIER Chef d&rsquo;\u00e9tablissement L&rsquo;\u00e9quipe enseignante Armelle GUIRLET Emmanuelle RADZIETA Laurence ROCHE Daphn\u00e9 TARDY Aude ARTES Isabelle PELLETIER &nbsp;&nbsp;&nbsp;&nbsp; &nbsp;&nbsp;&nbsp; Pour accompagner les \u00e9l\u00e8ves au quotidien dans les classes ou sur le temps de cantine:&nbsp;&nbsp; Christelle NAVARRE &nbsp;Lor\u00e8ne TRASBOT Aur\u00e9lie MARTIN Ma\u00ebva PERLUZZO ASEM ASEM Personnel d&rsquo;entretien Apprenti ASEM Accompagnement pastorale P\u00e8re Michel RABOURDIN Didier &hellip; \u00c9quipe p\u00e9dagogique Lire la suite\u00a0\u00bb","og_url":"https:\/\/stemarie-stjoseph.fr\/ecole-ste-marie\/nos-parcours-equipe-pedagogique\/","og_site_name":"\u00c9cole Sainte Marie","article_modified_time":"2025-02-05T14:12:26+00:00","twitter_card":"summary_large_image","twitter_misc":{"Dur\u00e9e de lecture estim\u00e9e":"1 minute"},"schema":{"@context":"https:\/\/schema.org","@graph":[{"@type":"WebPage","@id":"https:\/\/stemarie-stjoseph.fr\/ecole-ste-marie\/nos-parcours-equipe-pedagogique\/","url":"https:\/\/stemarie-stjoseph.fr\/ecole-ste-marie\/nos-parcours-equipe-pedagogique\/","name":"\u00c9quipe p\u00e9dagogique - \u00c9cole Sainte Marie","isPartOf":{"@id":"https:\/\/stemarie-stjoseph.fr\/ecole-ste-marie\/#website"},"datePublished":"2021-05-26T19:06:10+00:00","dateModified":"2025-02-05T14:12:26+00:00","breadcrumb":{"@id":"https:\/\/stemarie-stjoseph.fr\/ecole-ste-marie\/nos-parcours-equipe-pedagogique\/#breadcrumb"},"inLanguage":"fr-FR","potentialAction":[{"@type":"ReadAction","target":["https:\/\/stemarie-stjoseph.fr\/ecole-ste-marie\/nos-parcours-equipe-pedagogique\/"]}]},{"@type":"BreadcrumbList","@id":"https:\/\/stemarie-stjoseph.fr\/ecole-ste-marie\/nos-parcours-equipe-pedagogique\/#breadcrumb","itemListElement":[{"@type":"ListItem","position":1,"name":"Accueil","item":"https:\/\/stemarie-stjoseph.fr\/ecole-ste-marie\/"},{"@type":"ListItem","position":2,"name":"\u00c9quipe p\u00e9dagogique"}]},{"@type":"WebSite","@id":"https:\/\/stemarie-stjoseph.fr\/ecole-ste-marie\/#website","url":"https:\/\/stemarie-stjoseph.fr\/ecole-ste-marie\/","name":"Groupe Scolaire de Saint Beno\u00eet sur Loire","description":"Un site utilisant WordPress","publisher":{"@id":"https:\/\/stemarie-stjoseph.fr\/ecole-ste-marie\/#organization"},"potentialAction":[{"@type":"SearchAction","target":{"@type":"EntryPoint","urlTemplate":"https:\/\/stemarie-stjoseph.fr\/ecole-ste-marie\/?s={search_term_string}"},"query-input":{"@type":"PropertyValueSpecification","valueRequired":true,"valueName":"search_term_string"}}],"inLanguage":"fr-FR"},{"@type":"Organization","@id":"https:\/\/stemarie-stjoseph.fr\/ecole-ste-marie\/#organization","name":"Etablissement d'enseignement catholique Saint Benoit sur Loire","url":"https:\/\/stemarie-stjoseph.fr\/ecole-ste-marie\/","logo":{"@type":"ImageObject","inLanguage":"fr-FR","@id":"https:\/\/stemarie-stjoseph.fr\/ecole-ste-marie\/#\/schema\/logo\/image\/","url":"https:\/\/stemarie-stjoseph.fr\/ecole-ste-marie\/wp-content\/uploads\/sites\/6\/2021\/05\/logo-enseignement-catholique.png","contentUrl":"https:\/\/stemarie-stjoseph.fr\/ecole-ste-marie\/wp-content\/uploads\/sites\/6\/2021\/05\/logo-enseignement-catholique.png","width":999,"height":602,"caption":"Etablissement d'enseignement catholique Saint Benoit sur Loire"},"image":{"@id":"https:\/\/stemarie-stjoseph.fr\/ecole-ste-marie\/#\/schema\/logo\/image\/"}}]}},"_links":{"self":[{"href":"https:\/\/stemarie-stjoseph.fr\/ecole-ste-marie\/wp-json\/wp\/v2\/pages\/415"}],"collection":[{"href":"https:\/\/stemarie-stjoseph.fr\/ecole-ste-marie\/wp-json\/wp\/v2\/pages"}],"about":[{"href":"https:\/\/stemarie-stjoseph.fr\/ecole-ste-marie\/wp-json\/wp\/v2\/types\/page"}],"author":[{"embeddable":true,"href":"https:\/\/stemarie-stjoseph.fr\/ecole-ste-marie\/wp-json\/wp\/v2\/users\/5"}],"replies":[{"embeddable":true,"href":"https:\/\/stemarie-stjoseph.fr\/ecole-ste-marie\/wp-json\/wp\/v2\/comments?post=415"}],"version-history":[{"count":3,"href":"https:\/\/stemarie-stjoseph.fr\/ecole-ste-marie\/wp-json\/wp\/v2\/pages\/415\/revisions"}],"predecessor-version":[{"id":855,"href":"https:\/\/stemarie-stjoseph.fr\/ecole-ste-marie\/wp-json\/wp\/v2\/pages\/415\/revisions\/855"}],"wp:attachment":[{"href":"https:\/\/stemarie-stjoseph.fr\/ecole-ste-marie\/wp-json\/wp\/v2\/media?parent=415"}],"curies":[{"name":"wp","href":"https:\/\/api.w.org\/{rel}","templated":true}]}}