{"id":526,"date":"2021-06-14T13:01:36","date_gmt":"2021-06-14T11:01:36","guid":{"rendered":"https:\/\/stemarie-stjoseph.fr\/ecole-ste-marie\/?page_id=526"},"modified":"2023-05-04T15:32:53","modified_gmt":"2023-05-04T13:32:53","slug":"infos-pratiques-tarifs-scolarites","status":"publish","type":"page","link":"https:\/\/stemarie-stjoseph.fr\/ecole-ste-marie\/infos-pratiques-tarifs-scolarites\/","title":{"rendered":"Tarifs scolarit\u00e9"},"content":{"rendered":"\n<p>La contribution des familles est destin\u00e9e \u00e0 financer les investissements immobiliers et les \u00e9quipements n\u00e9cessaires, ainsi que les d\u00e9penses li\u00e9es au caract\u00e8re propre de l\u2019\u00e9tablissement et \u00e0 l\u2019organisation de l\u2019enseignement catholique. Afin de permettre \u00e0 un plus grand nombre de famille de scolariser leurs enfants \u00e0 l\u2019\u00e9cole Sainte Marie, nous avons institu\u00e9 une tarification de la scolarit\u00e9 en fonction du quotient familial.<\/p>\n\n\n\n<table id=\"tablepress-1\" class=\"tablepress tablepress-id-1\">\n<thead>\n<tr class=\"row-1\">\n\t<th class=\"column-1\">Cat\u00e9gories en fonction du quotient familial <\/th><th class=\"column-2\">Tranches de <br \/>\nquotient familial (en \u20ac)<\/th><th colspan=\"3\" class=\"column-3\">Contributions annuelles (en \u20ac)<\/th>\n<\/tr>\n<\/thead>\n<tbody class=\"row-striping row-hover\">\n<tr class=\"row-2\">\n\t<td class=\"column-1\"><\/td><td class=\"column-2\"><\/td><td class=\"column-3\">\u00c9cole<\/td><td class=\"column-4\">6\u00e8me  \u2013 5\u00e8me<\/td><td class=\"column-5\">4\u00e8me  \u2013 3\u00e8me<\/td>\n<\/tr>\n<tr class=\"row-3\">\n\t<td class=\"column-1\">A<\/td><td class=\"column-2\">0 \u00e0 5 194<\/td><td class=\"column-3\">433<\/td><td class=\"column-4\">474<\/td><td class=\"column-5\">502<\/td>\n<\/tr>\n<tr class=\"row-4\">\n\t<td class=\"column-1\">B<\/td><td class=\"column-2\">5 195 \u00e0 8 512<\/td><td class=\"column-3\">474<\/td><td class=\"column-4\">531<\/td><td class=\"column-5\">582<\/td>\n<\/tr>\n<tr class=\"row-5\">\n\t<td class=\"column-1\">C<\/td><td class=\"column-2\">8 513 \u00e0 12 358<\/td><td class=\"column-3\">503<\/td><td class=\"column-4\">599<\/td><td class=\"column-5\">628<\/td>\n<\/tr>\n<tr class=\"row-6\">\n\t<td class=\"column-1\">D<\/td><td class=\"column-2\">12 359 \u00e0 17 273<\/td><td class=\"column-3\">553<\/td><td class=\"column-4\">721<\/td><td class=\"column-5\">755<\/td>\n<\/tr>\n<tr class=\"row-7\">\n\t<td class=\"column-1\">E<\/td><td class=\"column-2\">17 274 et plus<\/td><td class=\"column-3\">638<\/td><td class=\"column-4\">812<\/td><td class=\"column-5\">926<\/td>\n<\/tr>\n<\/tbody>\n<\/table>\n<!-- #tablepress-1 from cache -->\n\n\n\n<p>A ces montants, il convient d&rsquo;ajouter la cotisation d&rsquo;assurance accident \u00e9l\u00e8ves de 7,70 euros par an.<\/p>\n\n\n\n<p>Une r\u00e9duction est accord\u00e9e aux familles qui ont plusieurs enfants scolaris\u00e9s dans les \u00e9tablissements catholiques de Saint Benoit sur Loire (\u00e9cole et coll\u00e8ge) :<\/p>\n\n\n\n<ul>\n<li>10% pour le 2\u00e8me enfant<\/li>\n\n\n\n<li>50% pour le 3\u00e8me enfant<\/li>\n\n\n\n<li>75% \u00e0 partir du 4\u00e8me enfant<\/li>\n<\/ul>\n\n\n\n<h5 class=\"wp-block-heading\">MODALIT\u00c9S DE PAIEMENT&nbsp;:<\/h5>\n\n\n\n<p>L\u2019organisme de gestion de l\u2019\u00e9cole (OGEC) propose 3 solutions de paiement \u00e0 votre convenance :<\/p>\n\n\n\n<p>Le paiement mensuel : par pr\u00e9l\u00e8vement automatique le 10 de chaque mois pendant 10 mois (octobre \u00e0 juillet)<\/p>\n\n\n\n<ul>\n<li>Le paiement trimestriel : en trois fois apr\u00e8s r\u00e9ception de facture<\/li>\n\n\n\n<li>Le paiement annuel : 1 seul fois \u00e0 l\u2019inscription<\/li>\n<\/ul>\n","protected":false},"excerpt":{"rendered":"<p>La contribution des familles est destin\u00e9e \u00e0 financer les investissements immobiliers et les \u00e9quipements n\u00e9cessaires, ainsi que les d\u00e9penses li\u00e9es au caract\u00e8re propre de l\u2019\u00e9tablissement et \u00e0 l\u2019organisation de l\u2019enseignement catholique. Afin de permettre \u00e0 un plus grand nombre de famille de scolariser leurs enfants \u00e0 l\u2019\u00e9cole Sainte Marie, nous avons institu\u00e9 une tarification de &hellip;<\/p>\n<p class=\"read-more\"> <a class=\"\" href=\"https:\/\/stemarie-stjoseph.fr\/ecole-ste-marie\/infos-pratiques-tarifs-scolarites\/\"> <span class=\"screen-reader-text\">Tarifs scolarit\u00e9<\/span> Lire la suite\u00a0\u00bb<\/a><\/p>\n","protected":false},"author":5,"featured_media":0,"parent":0,"menu_order":0,"comment_status":"closed","ping_status":"closed","template":"","meta":{"site-sidebar-layout":"default","site-content-layout":"default","ast-main-header-display":"","ast-hfb-above-header-display":"","ast-hfb-below-header-display":"","ast-hfb-mobile-header-display":"","site-post-title":"","ast-breadcrumbs-content":"","ast-featured-img":"","footer-sml-layout":"","theme-transparent-header-meta":"default","adv-header-id-meta":"","stick-header-meta":"","header-above-stick-meta":"","header-main-stick-meta":"","header-below-stick-meta":"","footnotes":""},"yoast_head":"<!-- This site is optimized with the Yoast SEO plugin v24.5 - https:\/\/yoast.com\/wordpress\/plugins\/seo\/ -->\n<title>Tarifs scolarit\u00e9 - \u00c9cole Sainte Marie<\/title>\n<meta name=\"description\" content=\"La contribution des familles est destin\u00e9e \u00e0 financer les investissements immobiliers et les \u00e9quipements n\u00e9cessaires, ainsi que les d\u00e9penses li\u00e9es au caract\u00e8re propre de l\u2019\u00e9tablissement et \u00e0 l\u2019organisation de l\u2019enseignement catholique. Afin de permettre \u00e0 un plus grand nombre de famille de scolariser leurs enfants \u00e0 l\u2019\u00e9cole Sainte Marie, nous avons institu\u00e9 une tarification de la scolarit\u00e9 en fonction du quotient familial.\" \/>\n<meta name=\"robots\" content=\"index, follow, max-snippet:-1, max-image-preview:large, max-video-preview:-1\" \/>\n<link rel=\"canonical\" href=\"https:\/\/stemarie-stjoseph.fr\/ecole-ste-marie\/infos-pratiques-tarifs-scolarites\/\" \/>\n<meta property=\"og:locale\" content=\"fr_FR\" \/>\n<meta property=\"og:type\" content=\"article\" \/>\n<meta property=\"og:title\" content=\"Tarifs scolarit\u00e9 - \u00c9cole Sainte Marie\" \/>\n<meta property=\"og:description\" content=\"La contribution des familles est destin\u00e9e \u00e0 financer les investissements immobiliers et les \u00e9quipements n\u00e9cessaires, ainsi que les d\u00e9penses li\u00e9es au caract\u00e8re propre de l\u2019\u00e9tablissement et \u00e0 l\u2019organisation de l\u2019enseignement catholique. Afin de permettre \u00e0 un plus grand nombre de famille de scolariser leurs enfants \u00e0 l\u2019\u00e9cole Sainte Marie, nous avons institu\u00e9 une tarification de la scolarit\u00e9 en fonction du quotient familial.\" \/>\n<meta property=\"og:url\" content=\"https:\/\/stemarie-stjoseph.fr\/ecole-ste-marie\/infos-pratiques-tarifs-scolarites\/\" \/>\n<meta property=\"og:site_name\" content=\"\u00c9cole Sainte Marie\" \/>\n<meta property=\"article:modified_time\" content=\"2023-05-04T13:32:53+00:00\" \/>\n<meta name=\"twitter:card\" content=\"summary_large_image\" \/>\n<meta name=\"twitter:label1\" content=\"Dur\u00e9e de lecture estim\u00e9e\" \/>\n\t<meta name=\"twitter:data1\" content=\"1 minute\" \/>\n<script type=\"application\/ld+json\" class=\"yoast-schema-graph\">{\"@context\":\"https:\/\/schema.org\",\"@graph\":[{\"@type\":\"WebPage\",\"@id\":\"https:\/\/stemarie-stjoseph.fr\/ecole-ste-marie\/infos-pratiques-tarifs-scolarites\/\",\"url\":\"https:\/\/stemarie-stjoseph.fr\/ecole-ste-marie\/infos-pratiques-tarifs-scolarites\/\",\"name\":\"Tarifs scolarit\u00e9 - \u00c9cole Sainte Marie\",\"isPartOf\":{\"@id\":\"https:\/\/stemarie-stjoseph.fr\/ecole-ste-marie\/#website\"},\"datePublished\":\"2021-06-14T11:01:36+00:00\",\"dateModified\":\"2023-05-04T13:32:53+00:00\",\"description\":\"La contribution des familles est destin\u00e9e \u00e0 financer les investissements immobiliers et les \u00e9quipements n\u00e9cessaires, ainsi que les d\u00e9penses li\u00e9es au caract\u00e8re propre de l\u2019\u00e9tablissement et \u00e0 l\u2019organisation de l\u2019enseignement catholique. Afin de permettre \u00e0 un plus grand nombre de famille de scolariser leurs enfants \u00e0 l\u2019\u00e9cole Sainte Marie, nous avons institu\u00e9 une tarification de la scolarit\u00e9 en fonction du quotient familial.\",\"breadcrumb\":{\"@id\":\"https:\/\/stemarie-stjoseph.fr\/ecole-ste-marie\/infos-pratiques-tarifs-scolarites\/#breadcrumb\"},\"inLanguage\":\"fr-FR\",\"potentialAction\":[{\"@type\":\"ReadAction\",\"target\":[\"https:\/\/stemarie-stjoseph.fr\/ecole-ste-marie\/infos-pratiques-tarifs-scolarites\/\"]}]},{\"@type\":\"BreadcrumbList\",\"@id\":\"https:\/\/stemarie-stjoseph.fr\/ecole-ste-marie\/infos-pratiques-tarifs-scolarites\/#breadcrumb\",\"itemListElement\":[{\"@type\":\"ListItem\",\"position\":1,\"name\":\"Accueil\",\"item\":\"https:\/\/stemarie-stjoseph.fr\/ecole-ste-marie\/\"},{\"@type\":\"ListItem\",\"position\":2,\"name\":\"Tarifs scolarit\u00e9\"}]},{\"@type\":\"WebSite\",\"@id\":\"https:\/\/stemarie-stjoseph.fr\/ecole-ste-marie\/#website\",\"url\":\"https:\/\/stemarie-stjoseph.fr\/ecole-ste-marie\/\",\"name\":\"Groupe Scolaire de Saint Beno\u00eet sur Loire\",\"description\":\"Un site utilisant WordPress\",\"publisher\":{\"@id\":\"https:\/\/stemarie-stjoseph.fr\/ecole-ste-marie\/#organization\"},\"potentialAction\":[{\"@type\":\"SearchAction\",\"target\":{\"@type\":\"EntryPoint\",\"urlTemplate\":\"https:\/\/stemarie-stjoseph.fr\/ecole-ste-marie\/?s={search_term_string}\"},\"query-input\":{\"@type\":\"PropertyValueSpecification\",\"valueRequired\":true,\"valueName\":\"search_term_string\"}}],\"inLanguage\":\"fr-FR\"},{\"@type\":\"Organization\",\"@id\":\"https:\/\/stemarie-stjoseph.fr\/ecole-ste-marie\/#organization\",\"name\":\"Etablissement d'enseignement catholique Saint Benoit sur Loire\",\"url\":\"https:\/\/stemarie-stjoseph.fr\/ecole-ste-marie\/\",\"logo\":{\"@type\":\"ImageObject\",\"inLanguage\":\"fr-FR\",\"@id\":\"https:\/\/stemarie-stjoseph.fr\/ecole-ste-marie\/#\/schema\/logo\/image\/\",\"url\":\"https:\/\/stemarie-stjoseph.fr\/ecole-ste-marie\/wp-content\/uploads\/sites\/6\/2021\/05\/logo-enseignement-catholique.png\",\"contentUrl\":\"https:\/\/stemarie-stjoseph.fr\/ecole-ste-marie\/wp-content\/uploads\/sites\/6\/2021\/05\/logo-enseignement-catholique.png\",\"width\":999,\"height\":602,\"caption\":\"Etablissement d'enseignement catholique Saint Benoit sur Loire\"},\"image\":{\"@id\":\"https:\/\/stemarie-stjoseph.fr\/ecole-ste-marie\/#\/schema\/logo\/image\/\"}}]}<\/script>\n<!-- \/ Yoast SEO plugin. -->","yoast_head_json":{"title":"Tarifs scolarit\u00e9 - \u00c9cole Sainte Marie","description":"La contribution des familles est destin\u00e9e \u00e0 financer les investissements immobiliers et les \u00e9quipements n\u00e9cessaires, ainsi que les d\u00e9penses li\u00e9es au caract\u00e8re propre de l\u2019\u00e9tablissement et \u00e0 l\u2019organisation de l\u2019enseignement catholique. Afin de permettre \u00e0 un plus grand nombre de famille de scolariser leurs enfants \u00e0 l\u2019\u00e9cole Sainte Marie, nous avons institu\u00e9 une tarification de la scolarit\u00e9 en fonction du quotient familial.","robots":{"index":"index","follow":"follow","max-snippet":"max-snippet:-1","max-image-preview":"max-image-preview:large","max-video-preview":"max-video-preview:-1"},"canonical":"https:\/\/stemarie-stjoseph.fr\/ecole-ste-marie\/infos-pratiques-tarifs-scolarites\/","og_locale":"fr_FR","og_type":"article","og_title":"Tarifs scolarit\u00e9 - \u00c9cole Sainte Marie","og_description":"La contribution des familles est destin\u00e9e \u00e0 financer les investissements immobiliers et les \u00e9quipements n\u00e9cessaires, ainsi que les d\u00e9penses li\u00e9es au caract\u00e8re propre de l\u2019\u00e9tablissement et \u00e0 l\u2019organisation de l\u2019enseignement catholique. Afin de permettre \u00e0 un plus grand nombre de famille de scolariser leurs enfants \u00e0 l\u2019\u00e9cole Sainte Marie, nous avons institu\u00e9 une tarification de la scolarit\u00e9 en fonction du quotient familial.","og_url":"https:\/\/stemarie-stjoseph.fr\/ecole-ste-marie\/infos-pratiques-tarifs-scolarites\/","og_site_name":"\u00c9cole Sainte Marie","article_modified_time":"2023-05-04T13:32:53+00:00","twitter_card":"summary_large_image","twitter_misc":{"Dur\u00e9e de lecture estim\u00e9e":"1 minute"},"schema":{"@context":"https:\/\/schema.org","@graph":[{"@type":"WebPage","@id":"https:\/\/stemarie-stjoseph.fr\/ecole-ste-marie\/infos-pratiques-tarifs-scolarites\/","url":"https:\/\/stemarie-stjoseph.fr\/ecole-ste-marie\/infos-pratiques-tarifs-scolarites\/","name":"Tarifs scolarit\u00e9 - \u00c9cole Sainte Marie","isPartOf":{"@id":"https:\/\/stemarie-stjoseph.fr\/ecole-ste-marie\/#website"},"datePublished":"2021-06-14T11:01:36+00:00","dateModified":"2023-05-04T13:32:53+00:00","description":"La contribution des familles est destin\u00e9e \u00e0 financer les investissements immobiliers et les \u00e9quipements n\u00e9cessaires, ainsi que les d\u00e9penses li\u00e9es au caract\u00e8re propre de l\u2019\u00e9tablissement et \u00e0 l\u2019organisation de l\u2019enseignement catholique. Afin de permettre \u00e0 un plus grand nombre de famille de scolariser leurs enfants \u00e0 l\u2019\u00e9cole Sainte Marie, nous avons institu\u00e9 une tarification de la scolarit\u00e9 en fonction du quotient familial.","breadcrumb":{"@id":"https:\/\/stemarie-stjoseph.fr\/ecole-ste-marie\/infos-pratiques-tarifs-scolarites\/#breadcrumb"},"inLanguage":"fr-FR","potentialAction":[{"@type":"ReadAction","target":["https:\/\/stemarie-stjoseph.fr\/ecole-ste-marie\/infos-pratiques-tarifs-scolarites\/"]}]},{"@type":"BreadcrumbList","@id":"https:\/\/stemarie-stjoseph.fr\/ecole-ste-marie\/infos-pratiques-tarifs-scolarites\/#breadcrumb","itemListElement":[{"@type":"ListItem","position":1,"name":"Accueil","item":"https:\/\/stemarie-stjoseph.fr\/ecole-ste-marie\/"},{"@type":"ListItem","position":2,"name":"Tarifs scolarit\u00e9"}]},{"@type":"WebSite","@id":"https:\/\/stemarie-stjoseph.fr\/ecole-ste-marie\/#website","url":"https:\/\/stemarie-stjoseph.fr\/ecole-ste-marie\/","name":"Groupe Scolaire de Saint Beno\u00eet sur Loire","description":"Un site utilisant WordPress","publisher":{"@id":"https:\/\/stemarie-stjoseph.fr\/ecole-ste-marie\/#organization"},"potentialAction":[{"@type":"SearchAction","target":{"@type":"EntryPoint","urlTemplate":"https:\/\/stemarie-stjoseph.fr\/ecole-ste-marie\/?s={search_term_string}"},"query-input":{"@type":"PropertyValueSpecification","valueRequired":true,"valueName":"search_term_string"}}],"inLanguage":"fr-FR"},{"@type":"Organization","@id":"https:\/\/stemarie-stjoseph.fr\/ecole-ste-marie\/#organization","name":"Etablissement d'enseignement catholique Saint Benoit sur Loire","url":"https:\/\/stemarie-stjoseph.fr\/ecole-ste-marie\/","logo":{"@type":"ImageObject","inLanguage":"fr-FR","@id":"https:\/\/stemarie-stjoseph.fr\/ecole-ste-marie\/#\/schema\/logo\/image\/","url":"https:\/\/stemarie-stjoseph.fr\/ecole-ste-marie\/wp-content\/uploads\/sites\/6\/2021\/05\/logo-enseignement-catholique.png","contentUrl":"https:\/\/stemarie-stjoseph.fr\/ecole-ste-marie\/wp-content\/uploads\/sites\/6\/2021\/05\/logo-enseignement-catholique.png","width":999,"height":602,"caption":"Etablissement d'enseignement catholique Saint Benoit sur Loire"},"image":{"@id":"https:\/\/stemarie-stjoseph.fr\/ecole-ste-marie\/#\/schema\/logo\/image\/"}}]}},"_links":{"self":[{"href":"https:\/\/stemarie-stjoseph.fr\/ecole-ste-marie\/wp-json\/wp\/v2\/pages\/526"}],"collection":[{"href":"https:\/\/stemarie-stjoseph.fr\/ecole-ste-marie\/wp-json\/wp\/v2\/pages"}],"about":[{"href":"https:\/\/stemarie-stjoseph.fr\/ecole-ste-marie\/wp-json\/wp\/v2\/types\/page"}],"author":[{"embeddable":true,"href":"https:\/\/stemarie-stjoseph.fr\/ecole-ste-marie\/wp-json\/wp\/v2\/users\/5"}],"replies":[{"embeddable":true,"href":"https:\/\/stemarie-stjoseph.fr\/ecole-ste-marie\/wp-json\/wp\/v2\/comments?post=526"}],"version-history":[{"count":12,"href":"https:\/\/stemarie-stjoseph.fr\/ecole-ste-marie\/wp-json\/wp\/v2\/pages\/526\/revisions"}],"predecessor-version":[{"id":823,"href":"https:\/\/stemarie-stjoseph.fr\/ecole-ste-marie\/wp-json\/wp\/v2\/pages\/526\/revisions\/823"}],"wp:attachment":[{"href":"https:\/\/stemarie-stjoseph.fr\/ecole-ste-marie\/wp-json\/wp\/v2\/media?parent=526"}],"curies":[{"name":"wp","href":"https:\/\/api.w.org\/{rel}","templated":true}]}}