{"id":530,"date":"2021-06-14T13:05:31","date_gmt":"2021-06-14T11:05:31","guid":{"rendered":"https:\/\/stemarie-stjoseph.fr\/ecole-ste-marie\/?page_id=530"},"modified":"2021-06-25T09:02:40","modified_gmt":"2021-06-25T07:02:40","slug":"infos-pratiques-transports","status":"publish","type":"page","link":"https:\/\/stemarie-stjoseph.fr\/ecole-ste-marie\/infos-pratiques-transports\/","title":{"rendered":"Transports"},"content":{"rendered":"\n<p>Les transports sont organis\u00e9s par la r\u00e9gion Centre.<\/p>\n\n\n\n<p>Le co\u00fbt est de 50 euros pour l\u2019ann\u00e9e avec des frais de dossier de 25 euros la premi\u00e8re ann\u00e9e.<\/p>\n\n\n\n<p>L\u2019arriv\u00e9e et le d\u00e9part sont \u00e0 proximit\u00e9 de l\u2019\u00e9cole avec un trajet \u00e0 pied accompagn\u00e9\u00a0par un adulte.<\/p>\n","protected":false},"excerpt":{"rendered":"<p>Les transports sont organis\u00e9s par la r\u00e9gion Centre. Le co\u00fbt est de 50 euros pour l\u2019ann\u00e9e avec des frais de dossier de 25 euros la premi\u00e8re ann\u00e9e. L\u2019arriv\u00e9e et le d\u00e9part sont \u00e0 proximit\u00e9 de l\u2019\u00e9cole avec un trajet \u00e0 pied accompagn\u00e9\u00a0par un adulte.<\/p>\n","protected":false},"author":5,"featured_media":0,"parent":0,"menu_order":0,"comment_status":"closed","ping_status":"closed","template":"","meta":{"site-sidebar-layout":"default","site-content-layout":"default","ast-main-header-display":"","ast-hfb-above-header-display":"","ast-hfb-below-header-display":"","ast-hfb-mobile-header-display":"","site-post-title":"","ast-breadcrumbs-content":"","ast-featured-img":"","footer-sml-layout":"","theme-transparent-header-meta":"default","adv-header-id-meta":"","stick-header-meta":"","header-above-stick-meta":"","header-main-stick-meta":"","header-below-stick-meta":"","footnotes":""},"yoast_head":"<!-- This site is optimized with the Yoast SEO plugin v24.5 - https:\/\/yoast.com\/wordpress\/plugins\/seo\/ -->\n<title>Transports - \u00c9cole Sainte Marie<\/title>\n<meta name=\"robots\" content=\"index, follow, max-snippet:-1, max-image-preview:large, max-video-preview:-1\" \/>\n<link rel=\"canonical\" href=\"https:\/\/stemarie-stjoseph.fr\/ecole-ste-marie\/infos-pratiques-transports\/\" \/>\n<meta property=\"og:locale\" content=\"fr_FR\" \/>\n<meta property=\"og:type\" content=\"article\" \/>\n<meta property=\"og:title\" content=\"Transports - \u00c9cole Sainte Marie\" \/>\n<meta property=\"og:description\" content=\"Les transports sont organis\u00e9s par la r\u00e9gion Centre. Le co\u00fbt est de 50 euros pour l\u2019ann\u00e9e avec des frais de dossier de 25 euros la premi\u00e8re ann\u00e9e. L\u2019arriv\u00e9e et le d\u00e9part sont \u00e0 proximit\u00e9 de l\u2019\u00e9cole avec un trajet \u00e0 pied accompagn\u00e9\u00a0par un adulte.\" \/>\n<meta property=\"og:url\" content=\"https:\/\/stemarie-stjoseph.fr\/ecole-ste-marie\/infos-pratiques-transports\/\" \/>\n<meta property=\"og:site_name\" content=\"\u00c9cole Sainte Marie\" \/>\n<meta property=\"article:modified_time\" content=\"2021-06-25T07:02:40+00:00\" \/>\n<meta name=\"twitter:card\" content=\"summary_large_image\" \/>\n<meta name=\"twitter:label1\" content=\"Dur\u00e9e de lecture estim\u00e9e\" \/>\n\t<meta name=\"twitter:data1\" content=\"1 minute\" \/>\n<script type=\"application\/ld+json\" class=\"yoast-schema-graph\">{\"@context\":\"https:\/\/schema.org\",\"@graph\":[{\"@type\":\"WebPage\",\"@id\":\"https:\/\/stemarie-stjoseph.fr\/ecole-ste-marie\/infos-pratiques-transports\/\",\"url\":\"https:\/\/stemarie-stjoseph.fr\/ecole-ste-marie\/infos-pratiques-transports\/\",\"name\":\"Transports - \u00c9cole Sainte Marie\",\"isPartOf\":{\"@id\":\"https:\/\/stemarie-stjoseph.fr\/ecole-ste-marie\/#website\"},\"datePublished\":\"2021-06-14T11:05:31+00:00\",\"dateModified\":\"2021-06-25T07:02:40+00:00\",\"breadcrumb\":{\"@id\":\"https:\/\/stemarie-stjoseph.fr\/ecole-ste-marie\/infos-pratiques-transports\/#breadcrumb\"},\"inLanguage\":\"fr-FR\",\"potentialAction\":[{\"@type\":\"ReadAction\",\"target\":[\"https:\/\/stemarie-stjoseph.fr\/ecole-ste-marie\/infos-pratiques-transports\/\"]}]},{\"@type\":\"BreadcrumbList\",\"@id\":\"https:\/\/stemarie-stjoseph.fr\/ecole-ste-marie\/infos-pratiques-transports\/#breadcrumb\",\"itemListElement\":[{\"@type\":\"ListItem\",\"position\":1,\"name\":\"Accueil\",\"item\":\"https:\/\/stemarie-stjoseph.fr\/ecole-ste-marie\/\"},{\"@type\":\"ListItem\",\"position\":2,\"name\":\"Transports\"}]},{\"@type\":\"WebSite\",\"@id\":\"https:\/\/stemarie-stjoseph.fr\/ecole-ste-marie\/#website\",\"url\":\"https:\/\/stemarie-stjoseph.fr\/ecole-ste-marie\/\",\"name\":\"Groupe Scolaire de Saint Beno\u00eet sur Loire\",\"description\":\"Un site utilisant WordPress\",\"publisher\":{\"@id\":\"https:\/\/stemarie-stjoseph.fr\/ecole-ste-marie\/#organization\"},\"potentialAction\":[{\"@type\":\"SearchAction\",\"target\":{\"@type\":\"EntryPoint\",\"urlTemplate\":\"https:\/\/stemarie-stjoseph.fr\/ecole-ste-marie\/?s={search_term_string}\"},\"query-input\":{\"@type\":\"PropertyValueSpecification\",\"valueRequired\":true,\"valueName\":\"search_term_string\"}}],\"inLanguage\":\"fr-FR\"},{\"@type\":\"Organization\",\"@id\":\"https:\/\/stemarie-stjoseph.fr\/ecole-ste-marie\/#organization\",\"name\":\"Etablissement d'enseignement catholique Saint Benoit sur Loire\",\"url\":\"https:\/\/stemarie-stjoseph.fr\/ecole-ste-marie\/\",\"logo\":{\"@type\":\"ImageObject\",\"inLanguage\":\"fr-FR\",\"@id\":\"https:\/\/stemarie-stjoseph.fr\/ecole-ste-marie\/#\/schema\/logo\/image\/\",\"url\":\"https:\/\/stemarie-stjoseph.fr\/ecole-ste-marie\/wp-content\/uploads\/sites\/6\/2021\/05\/logo-enseignement-catholique.png\",\"contentUrl\":\"https:\/\/stemarie-stjoseph.fr\/ecole-ste-marie\/wp-content\/uploads\/sites\/6\/2021\/05\/logo-enseignement-catholique.png\",\"width\":999,\"height\":602,\"caption\":\"Etablissement d'enseignement catholique Saint Benoit sur Loire\"},\"image\":{\"@id\":\"https:\/\/stemarie-stjoseph.fr\/ecole-ste-marie\/#\/schema\/logo\/image\/\"}}]}<\/script>\n<!-- \/ Yoast SEO plugin. -->","yoast_head_json":{"title":"Transports - \u00c9cole Sainte Marie","robots":{"index":"index","follow":"follow","max-snippet":"max-snippet:-1","max-image-preview":"max-image-preview:large","max-video-preview":"max-video-preview:-1"},"canonical":"https:\/\/stemarie-stjoseph.fr\/ecole-ste-marie\/infos-pratiques-transports\/","og_locale":"fr_FR","og_type":"article","og_title":"Transports - \u00c9cole Sainte Marie","og_description":"Les transports sont organis\u00e9s par la r\u00e9gion Centre. Le co\u00fbt est de 50 euros pour l\u2019ann\u00e9e avec des frais de dossier de 25 euros la premi\u00e8re ann\u00e9e. L\u2019arriv\u00e9e et le d\u00e9part sont \u00e0 proximit\u00e9 de l\u2019\u00e9cole avec un trajet \u00e0 pied accompagn\u00e9\u00a0par un adulte.","og_url":"https:\/\/stemarie-stjoseph.fr\/ecole-ste-marie\/infos-pratiques-transports\/","og_site_name":"\u00c9cole Sainte Marie","article_modified_time":"2021-06-25T07:02:40+00:00","twitter_card":"summary_large_image","twitter_misc":{"Dur\u00e9e de lecture estim\u00e9e":"1 minute"},"schema":{"@context":"https:\/\/schema.org","@graph":[{"@type":"WebPage","@id":"https:\/\/stemarie-stjoseph.fr\/ecole-ste-marie\/infos-pratiques-transports\/","url":"https:\/\/stemarie-stjoseph.fr\/ecole-ste-marie\/infos-pratiques-transports\/","name":"Transports - \u00c9cole Sainte Marie","isPartOf":{"@id":"https:\/\/stemarie-stjoseph.fr\/ecole-ste-marie\/#website"},"datePublished":"2021-06-14T11:05:31+00:00","dateModified":"2021-06-25T07:02:40+00:00","breadcrumb":{"@id":"https:\/\/stemarie-stjoseph.fr\/ecole-ste-marie\/infos-pratiques-transports\/#breadcrumb"},"inLanguage":"fr-FR","potentialAction":[{"@type":"ReadAction","target":["https:\/\/stemarie-stjoseph.fr\/ecole-ste-marie\/infos-pratiques-transports\/"]}]},{"@type":"BreadcrumbList","@id":"https:\/\/stemarie-stjoseph.fr\/ecole-ste-marie\/infos-pratiques-transports\/#breadcrumb","itemListElement":[{"@type":"ListItem","position":1,"name":"Accueil","item":"https:\/\/stemarie-stjoseph.fr\/ecole-ste-marie\/"},{"@type":"ListItem","position":2,"name":"Transports"}]},{"@type":"WebSite","@id":"https:\/\/stemarie-stjoseph.fr\/ecole-ste-marie\/#website","url":"https:\/\/stemarie-stjoseph.fr\/ecole-ste-marie\/","name":"Groupe Scolaire de Saint Beno\u00eet sur Loire","description":"Un site utilisant WordPress","publisher":{"@id":"https:\/\/stemarie-stjoseph.fr\/ecole-ste-marie\/#organization"},"potentialAction":[{"@type":"SearchAction","target":{"@type":"EntryPoint","urlTemplate":"https:\/\/stemarie-stjoseph.fr\/ecole-ste-marie\/?s={search_term_string}"},"query-input":{"@type":"PropertyValueSpecification","valueRequired":true,"valueName":"search_term_string"}}],"inLanguage":"fr-FR"},{"@type":"Organization","@id":"https:\/\/stemarie-stjoseph.fr\/ecole-ste-marie\/#organization","name":"Etablissement d'enseignement catholique Saint Benoit sur Loire","url":"https:\/\/stemarie-stjoseph.fr\/ecole-ste-marie\/","logo":{"@type":"ImageObject","inLanguage":"fr-FR","@id":"https:\/\/stemarie-stjoseph.fr\/ecole-ste-marie\/#\/schema\/logo\/image\/","url":"https:\/\/stemarie-stjoseph.fr\/ecole-ste-marie\/wp-content\/uploads\/sites\/6\/2021\/05\/logo-enseignement-catholique.png","contentUrl":"https:\/\/stemarie-stjoseph.fr\/ecole-ste-marie\/wp-content\/uploads\/sites\/6\/2021\/05\/logo-enseignement-catholique.png","width":999,"height":602,"caption":"Etablissement d'enseignement catholique Saint Benoit sur Loire"},"image":{"@id":"https:\/\/stemarie-stjoseph.fr\/ecole-ste-marie\/#\/schema\/logo\/image\/"}}]}},"_links":{"self":[{"href":"https:\/\/stemarie-stjoseph.fr\/ecole-ste-marie\/wp-json\/wp\/v2\/pages\/530"}],"collection":[{"href":"https:\/\/stemarie-stjoseph.fr\/ecole-ste-marie\/wp-json\/wp\/v2\/pages"}],"about":[{"href":"https:\/\/stemarie-stjoseph.fr\/ecole-ste-marie\/wp-json\/wp\/v2\/types\/page"}],"author":[{"embeddable":true,"href":"https:\/\/stemarie-stjoseph.fr\/ecole-ste-marie\/wp-json\/wp\/v2\/users\/5"}],"replies":[{"embeddable":true,"href":"https:\/\/stemarie-stjoseph.fr\/ecole-ste-marie\/wp-json\/wp\/v2\/comments?post=530"}],"version-history":[{"count":2,"href":"https:\/\/stemarie-stjoseph.fr\/ecole-ste-marie\/wp-json\/wp\/v2\/pages\/530\/revisions"}],"predecessor-version":[{"id":735,"href":"https:\/\/stemarie-stjoseph.fr\/ecole-ste-marie\/wp-json\/wp\/v2\/pages\/530\/revisions\/735"}],"wp:attachment":[{"href":"https:\/\/stemarie-stjoseph.fr\/ecole-ste-marie\/wp-json\/wp\/v2\/media?parent=530"}],"curies":[{"name":"wp","href":"https:\/\/api.w.org\/{rel}","templated":true}]}}