{"id":532,"date":"2021-06-14T13:06:27","date_gmt":"2021-06-14T11:06:27","guid":{"rendered":"https:\/\/stemarie-stjoseph.fr\/ecole-ste-marie\/?page_id=532"},"modified":"2024-04-05T15:29:22","modified_gmt":"2024-04-05T13:29:22","slug":"infos-pratiques-etude-accompagnee","status":"publish","type":"page","link":"https:\/\/stemarie-stjoseph.fr\/ecole-ste-marie\/infos-pratiques-etude-accompagnee\/","title":{"rendered":"\u00c9tude accompagn\u00e9e"},"content":{"rendered":"\n<p>Une \u00e9tude accompagn\u00e9e est accessible <strong>aux \u00e9l\u00e8ves de CM<\/strong> de 17h00 \u00e0 18h00 soumis \u00e0 une inscription de 260 euros pour l\u2019ann\u00e9e.<\/p>\n","protected":false},"excerpt":{"rendered":"<p>Une \u00e9tude accompagn\u00e9e est accessible aux \u00e9l\u00e8ves de CM de 17h00 \u00e0 18h00 soumis \u00e0 une inscription de 260 euros pour l\u2019ann\u00e9e.<\/p>\n","protected":false},"author":5,"featured_media":0,"parent":0,"menu_order":0,"comment_status":"closed","ping_status":"closed","template":"","meta":{"site-sidebar-layout":"default","site-content-layout":"default","ast-main-header-display":"","ast-hfb-above-header-display":"","ast-hfb-below-header-display":"","ast-hfb-mobile-header-display":"","site-post-title":"","ast-breadcrumbs-content":"","ast-featured-img":"","footer-sml-layout":"","theme-transparent-header-meta":"default","adv-header-id-meta":"","stick-header-meta":"","header-above-stick-meta":"","header-main-stick-meta":"","header-below-stick-meta":"","footnotes":""},"yoast_head":"<!-- This site is optimized with the Yoast SEO plugin v24.5 - https:\/\/yoast.com\/wordpress\/plugins\/seo\/ -->\n<title>\u00c9tude accompagn\u00e9e - \u00c9cole Sainte Marie<\/title>\n<meta name=\"robots\" content=\"index, follow, max-snippet:-1, max-image-preview:large, max-video-preview:-1\" \/>\n<link rel=\"canonical\" href=\"https:\/\/stemarie-stjoseph.fr\/ecole-ste-marie\/infos-pratiques-etude-accompagnee\/\" \/>\n<meta property=\"og:locale\" content=\"fr_FR\" \/>\n<meta property=\"og:type\" content=\"article\" \/>\n<meta property=\"og:title\" content=\"\u00c9tude accompagn\u00e9e - \u00c9cole Sainte Marie\" \/>\n<meta property=\"og:description\" content=\"Une \u00e9tude accompagn\u00e9e est accessible aux \u00e9l\u00e8ves de CM de 17h00 \u00e0 18h00 soumis \u00e0 une inscription de 260 euros pour l\u2019ann\u00e9e.\" \/>\n<meta property=\"og:url\" content=\"https:\/\/stemarie-stjoseph.fr\/ecole-ste-marie\/infos-pratiques-etude-accompagnee\/\" \/>\n<meta property=\"og:site_name\" content=\"\u00c9cole Sainte Marie\" \/>\n<meta property=\"article:modified_time\" content=\"2024-04-05T13:29:22+00:00\" \/>\n<meta name=\"twitter:card\" content=\"summary_large_image\" \/>\n<meta name=\"twitter:label1\" content=\"Dur\u00e9e de lecture estim\u00e9e\" \/>\n\t<meta name=\"twitter:data1\" content=\"1 minute\" \/>\n<script type=\"application\/ld+json\" class=\"yoast-schema-graph\">{\"@context\":\"https:\/\/schema.org\",\"@graph\":[{\"@type\":\"WebPage\",\"@id\":\"https:\/\/stemarie-stjoseph.fr\/ecole-ste-marie\/infos-pratiques-etude-accompagnee\/\",\"url\":\"https:\/\/stemarie-stjoseph.fr\/ecole-ste-marie\/infos-pratiques-etude-accompagnee\/\",\"name\":\"\u00c9tude accompagn\u00e9e - \u00c9cole Sainte Marie\",\"isPartOf\":{\"@id\":\"https:\/\/stemarie-stjoseph.fr\/ecole-ste-marie\/#website\"},\"datePublished\":\"2021-06-14T11:06:27+00:00\",\"dateModified\":\"2024-04-05T13:29:22+00:00\",\"breadcrumb\":{\"@id\":\"https:\/\/stemarie-stjoseph.fr\/ecole-ste-marie\/infos-pratiques-etude-accompagnee\/#breadcrumb\"},\"inLanguage\":\"fr-FR\",\"potentialAction\":[{\"@type\":\"ReadAction\",\"target\":[\"https:\/\/stemarie-stjoseph.fr\/ecole-ste-marie\/infos-pratiques-etude-accompagnee\/\"]}]},{\"@type\":\"BreadcrumbList\",\"@id\":\"https:\/\/stemarie-stjoseph.fr\/ecole-ste-marie\/infos-pratiques-etude-accompagnee\/#breadcrumb\",\"itemListElement\":[{\"@type\":\"ListItem\",\"position\":1,\"name\":\"Accueil\",\"item\":\"https:\/\/stemarie-stjoseph.fr\/ecole-ste-marie\/\"},{\"@type\":\"ListItem\",\"position\":2,\"name\":\"\u00c9tude accompagn\u00e9e\"}]},{\"@type\":\"WebSite\",\"@id\":\"https:\/\/stemarie-stjoseph.fr\/ecole-ste-marie\/#website\",\"url\":\"https:\/\/stemarie-stjoseph.fr\/ecole-ste-marie\/\",\"name\":\"Groupe Scolaire de Saint Beno\u00eet sur Loire\",\"description\":\"Un site utilisant WordPress\",\"publisher\":{\"@id\":\"https:\/\/stemarie-stjoseph.fr\/ecole-ste-marie\/#organization\"},\"potentialAction\":[{\"@type\":\"SearchAction\",\"target\":{\"@type\":\"EntryPoint\",\"urlTemplate\":\"https:\/\/stemarie-stjoseph.fr\/ecole-ste-marie\/?s={search_term_string}\"},\"query-input\":{\"@type\":\"PropertyValueSpecification\",\"valueRequired\":true,\"valueName\":\"search_term_string\"}}],\"inLanguage\":\"fr-FR\"},{\"@type\":\"Organization\",\"@id\":\"https:\/\/stemarie-stjoseph.fr\/ecole-ste-marie\/#organization\",\"name\":\"Etablissement d'enseignement catholique Saint Benoit sur Loire\",\"url\":\"https:\/\/stemarie-stjoseph.fr\/ecole-ste-marie\/\",\"logo\":{\"@type\":\"ImageObject\",\"inLanguage\":\"fr-FR\",\"@id\":\"https:\/\/stemarie-stjoseph.fr\/ecole-ste-marie\/#\/schema\/logo\/image\/\",\"url\":\"https:\/\/stemarie-stjoseph.fr\/ecole-ste-marie\/wp-content\/uploads\/sites\/6\/2021\/05\/logo-enseignement-catholique.png\",\"contentUrl\":\"https:\/\/stemarie-stjoseph.fr\/ecole-ste-marie\/wp-content\/uploads\/sites\/6\/2021\/05\/logo-enseignement-catholique.png\",\"width\":999,\"height\":602,\"caption\":\"Etablissement d'enseignement catholique Saint Benoit sur Loire\"},\"image\":{\"@id\":\"https:\/\/stemarie-stjoseph.fr\/ecole-ste-marie\/#\/schema\/logo\/image\/\"}}]}<\/script>\n<!-- \/ Yoast SEO plugin. -->","yoast_head_json":{"title":"\u00c9tude accompagn\u00e9e - \u00c9cole Sainte Marie","robots":{"index":"index","follow":"follow","max-snippet":"max-snippet:-1","max-image-preview":"max-image-preview:large","max-video-preview":"max-video-preview:-1"},"canonical":"https:\/\/stemarie-stjoseph.fr\/ecole-ste-marie\/infos-pratiques-etude-accompagnee\/","og_locale":"fr_FR","og_type":"article","og_title":"\u00c9tude accompagn\u00e9e - \u00c9cole Sainte Marie","og_description":"Une \u00e9tude accompagn\u00e9e est accessible aux \u00e9l\u00e8ves de CM de 17h00 \u00e0 18h00 soumis \u00e0 une inscription de 260 euros pour l\u2019ann\u00e9e.","og_url":"https:\/\/stemarie-stjoseph.fr\/ecole-ste-marie\/infos-pratiques-etude-accompagnee\/","og_site_name":"\u00c9cole Sainte Marie","article_modified_time":"2024-04-05T13:29:22+00:00","twitter_card":"summary_large_image","twitter_misc":{"Dur\u00e9e de lecture estim\u00e9e":"1 minute"},"schema":{"@context":"https:\/\/schema.org","@graph":[{"@type":"WebPage","@id":"https:\/\/stemarie-stjoseph.fr\/ecole-ste-marie\/infos-pratiques-etude-accompagnee\/","url":"https:\/\/stemarie-stjoseph.fr\/ecole-ste-marie\/infos-pratiques-etude-accompagnee\/","name":"\u00c9tude accompagn\u00e9e - \u00c9cole Sainte Marie","isPartOf":{"@id":"https:\/\/stemarie-stjoseph.fr\/ecole-ste-marie\/#website"},"datePublished":"2021-06-14T11:06:27+00:00","dateModified":"2024-04-05T13:29:22+00:00","breadcrumb":{"@id":"https:\/\/stemarie-stjoseph.fr\/ecole-ste-marie\/infos-pratiques-etude-accompagnee\/#breadcrumb"},"inLanguage":"fr-FR","potentialAction":[{"@type":"ReadAction","target":["https:\/\/stemarie-stjoseph.fr\/ecole-ste-marie\/infos-pratiques-etude-accompagnee\/"]}]},{"@type":"BreadcrumbList","@id":"https:\/\/stemarie-stjoseph.fr\/ecole-ste-marie\/infos-pratiques-etude-accompagnee\/#breadcrumb","itemListElement":[{"@type":"ListItem","position":1,"name":"Accueil","item":"https:\/\/stemarie-stjoseph.fr\/ecole-ste-marie\/"},{"@type":"ListItem","position":2,"name":"\u00c9tude accompagn\u00e9e"}]},{"@type":"WebSite","@id":"https:\/\/stemarie-stjoseph.fr\/ecole-ste-marie\/#website","url":"https:\/\/stemarie-stjoseph.fr\/ecole-ste-marie\/","name":"Groupe Scolaire de Saint Beno\u00eet sur Loire","description":"Un site utilisant WordPress","publisher":{"@id":"https:\/\/stemarie-stjoseph.fr\/ecole-ste-marie\/#organization"},"potentialAction":[{"@type":"SearchAction","target":{"@type":"EntryPoint","urlTemplate":"https:\/\/stemarie-stjoseph.fr\/ecole-ste-marie\/?s={search_term_string}"},"query-input":{"@type":"PropertyValueSpecification","valueRequired":true,"valueName":"search_term_string"}}],"inLanguage":"fr-FR"},{"@type":"Organization","@id":"https:\/\/stemarie-stjoseph.fr\/ecole-ste-marie\/#organization","name":"Etablissement d'enseignement catholique Saint Benoit sur Loire","url":"https:\/\/stemarie-stjoseph.fr\/ecole-ste-marie\/","logo":{"@type":"ImageObject","inLanguage":"fr-FR","@id":"https:\/\/stemarie-stjoseph.fr\/ecole-ste-marie\/#\/schema\/logo\/image\/","url":"https:\/\/stemarie-stjoseph.fr\/ecole-ste-marie\/wp-content\/uploads\/sites\/6\/2021\/05\/logo-enseignement-catholique.png","contentUrl":"https:\/\/stemarie-stjoseph.fr\/ecole-ste-marie\/wp-content\/uploads\/sites\/6\/2021\/05\/logo-enseignement-catholique.png","width":999,"height":602,"caption":"Etablissement d'enseignement catholique Saint Benoit sur Loire"},"image":{"@id":"https:\/\/stemarie-stjoseph.fr\/ecole-ste-marie\/#\/schema\/logo\/image\/"}}]}},"_links":{"self":[{"href":"https:\/\/stemarie-stjoseph.fr\/ecole-ste-marie\/wp-json\/wp\/v2\/pages\/532"}],"collection":[{"href":"https:\/\/stemarie-stjoseph.fr\/ecole-ste-marie\/wp-json\/wp\/v2\/pages"}],"about":[{"href":"https:\/\/stemarie-stjoseph.fr\/ecole-ste-marie\/wp-json\/wp\/v2\/types\/page"}],"author":[{"embeddable":true,"href":"https:\/\/stemarie-stjoseph.fr\/ecole-ste-marie\/wp-json\/wp\/v2\/users\/5"}],"replies":[{"embeddable":true,"href":"https:\/\/stemarie-stjoseph.fr\/ecole-ste-marie\/wp-json\/wp\/v2\/comments?post=532"}],"version-history":[{"count":5,"href":"https:\/\/stemarie-stjoseph.fr\/ecole-ste-marie\/wp-json\/wp\/v2\/pages\/532\/revisions"}],"predecessor-version":[{"id":842,"href":"https:\/\/stemarie-stjoseph.fr\/ecole-ste-marie\/wp-json\/wp\/v2\/pages\/532\/revisions\/842"}],"wp:attachment":[{"href":"https:\/\/stemarie-stjoseph.fr\/ecole-ste-marie\/wp-json\/wp\/v2\/media?parent=532"}],"curies":[{"name":"wp","href":"https:\/\/api.w.org\/{rel}","templated":true}]}}