{"id":803,"date":"2022-11-25T11:16:12","date_gmt":"2022-11-25T10:16:12","guid":{"rendered":"https:\/\/stemarie-stjoseph.fr\/ecole-ste-marie\/?page_id=803"},"modified":"2022-11-25T11:24:07","modified_gmt":"2022-11-25T10:24:07","slug":"liens-utiles","status":"publish","type":"page","link":"https:\/\/stemarie-stjoseph.fr\/ecole-ste-marie\/liens-utiles\/","title":{"rendered":"Liens utiles"},"content":{"rendered":"\n<ul><li><a href=\"https:\/\/www.mediateur-consommation-smp.fr\/professionnels-signataires\/ogec-saint-joseph-sainte-marie\/\" target=\"_blank\" rel=\"noreferrer noopener\">M\u00e9diateur des litiges de la consommation<\/a><\/li><li><a href=\"https:\/\/ec-berryloiret.fr\/\" target=\"_blank\" rel=\"noreferrer noopener\">Enseignement Catholique Berry Loiret<\/a><\/li><li><a href=\"https:\/\/www.abbaye-fleury.com\/\" target=\"_blank\" rel=\"noreferrer noopener\">Abbaye de Fleury<\/a><\/li><li><a href=\"https:\/\/saint-benoit-sur-loire.fr\/\" target=\"_blank\" rel=\"noreferrer noopener\">Mairie de Saint-Beno\u00eet-sur-Loire<\/a><\/li><\/ul>\n","protected":false},"excerpt":{"rendered":"<p>M\u00e9diateur des litiges de la consommation Enseignement Catholique Berry Loiret Abbaye de Fleury Mairie de Saint-Beno\u00eet-sur-Loire<\/p>\n","protected":false},"author":4,"featured_media":0,"parent":0,"menu_order":0,"comment_status":"closed","ping_status":"closed","template":"","meta":{"site-sidebar-layout":"","site-content-layout":"","ast-main-header-display":"","ast-hfb-above-header-display":"","ast-hfb-below-header-display":"","ast-hfb-mobile-header-display":"","site-post-title":"","ast-breadcrumbs-content":"","ast-featured-img":"","footer-sml-layout":"","theme-transparent-header-meta":"","adv-header-id-meta":"","stick-header-meta":"","header-above-stick-meta":"","header-main-stick-meta":"","header-below-stick-meta":"","footnotes":""},"yoast_head":"<!-- This site is optimized with the Yoast SEO plugin v24.5 - https:\/\/yoast.com\/wordpress\/plugins\/seo\/ -->\n<title>Liens utiles - \u00c9cole Sainte Marie<\/title>\n<meta name=\"robots\" content=\"index, follow, max-snippet:-1, max-image-preview:large, max-video-preview:-1\" \/>\n<link rel=\"canonical\" href=\"https:\/\/stemarie-stjoseph.fr\/ecole-ste-marie\/liens-utiles\/\" \/>\n<meta property=\"og:locale\" content=\"fr_FR\" \/>\n<meta property=\"og:type\" content=\"article\" \/>\n<meta property=\"og:title\" content=\"Liens utiles - \u00c9cole Sainte Marie\" \/>\n<meta property=\"og:description\" content=\"M\u00e9diateur des litiges de la consommation Enseignement Catholique Berry Loiret Abbaye de Fleury Mairie de Saint-Beno\u00eet-sur-Loire\" \/>\n<meta property=\"og:url\" content=\"https:\/\/stemarie-stjoseph.fr\/ecole-ste-marie\/liens-utiles\/\" \/>\n<meta property=\"og:site_name\" content=\"\u00c9cole Sainte Marie\" \/>\n<meta property=\"article:modified_time\" content=\"2022-11-25T10:24:07+00:00\" \/>\n<meta name=\"twitter:card\" content=\"summary_large_image\" \/>\n<meta name=\"twitter:label1\" content=\"Dur\u00e9e de lecture estim\u00e9e\" \/>\n\t<meta name=\"twitter:data1\" content=\"1 minute\" \/>\n<script type=\"application\/ld+json\" class=\"yoast-schema-graph\">{\"@context\":\"https:\/\/schema.org\",\"@graph\":[{\"@type\":\"WebPage\",\"@id\":\"https:\/\/stemarie-stjoseph.fr\/ecole-ste-marie\/liens-utiles\/\",\"url\":\"https:\/\/stemarie-stjoseph.fr\/ecole-ste-marie\/liens-utiles\/\",\"name\":\"Liens utiles - \u00c9cole Sainte Marie\",\"isPartOf\":{\"@id\":\"https:\/\/stemarie-stjoseph.fr\/ecole-ste-marie\/#website\"},\"datePublished\":\"2022-11-25T10:16:12+00:00\",\"dateModified\":\"2022-11-25T10:24:07+00:00\",\"breadcrumb\":{\"@id\":\"https:\/\/stemarie-stjoseph.fr\/ecole-ste-marie\/liens-utiles\/#breadcrumb\"},\"inLanguage\":\"fr-FR\",\"potentialAction\":[{\"@type\":\"ReadAction\",\"target\":[\"https:\/\/stemarie-stjoseph.fr\/ecole-ste-marie\/liens-utiles\/\"]}]},{\"@type\":\"BreadcrumbList\",\"@id\":\"https:\/\/stemarie-stjoseph.fr\/ecole-ste-marie\/liens-utiles\/#breadcrumb\",\"itemListElement\":[{\"@type\":\"ListItem\",\"position\":1,\"name\":\"Accueil\",\"item\":\"https:\/\/stemarie-stjoseph.fr\/ecole-ste-marie\/\"},{\"@type\":\"ListItem\",\"position\":2,\"name\":\"Liens utiles\"}]},{\"@type\":\"WebSite\",\"@id\":\"https:\/\/stemarie-stjoseph.fr\/ecole-ste-marie\/#website\",\"url\":\"https:\/\/stemarie-stjoseph.fr\/ecole-ste-marie\/\",\"name\":\"Groupe Scolaire de Saint Beno\u00eet sur Loire\",\"description\":\"Un site utilisant WordPress\",\"publisher\":{\"@id\":\"https:\/\/stemarie-stjoseph.fr\/ecole-ste-marie\/#organization\"},\"potentialAction\":[{\"@type\":\"SearchAction\",\"target\":{\"@type\":\"EntryPoint\",\"urlTemplate\":\"https:\/\/stemarie-stjoseph.fr\/ecole-ste-marie\/?s={search_term_string}\"},\"query-input\":{\"@type\":\"PropertyValueSpecification\",\"valueRequired\":true,\"valueName\":\"search_term_string\"}}],\"inLanguage\":\"fr-FR\"},{\"@type\":\"Organization\",\"@id\":\"https:\/\/stemarie-stjoseph.fr\/ecole-ste-marie\/#organization\",\"name\":\"Etablissement d'enseignement catholique Saint Benoit sur Loire\",\"url\":\"https:\/\/stemarie-stjoseph.fr\/ecole-ste-marie\/\",\"logo\":{\"@type\":\"ImageObject\",\"inLanguage\":\"fr-FR\",\"@id\":\"https:\/\/stemarie-stjoseph.fr\/ecole-ste-marie\/#\/schema\/logo\/image\/\",\"url\":\"https:\/\/stemarie-stjoseph.fr\/ecole-ste-marie\/wp-content\/uploads\/sites\/6\/2021\/05\/logo-enseignement-catholique.png\",\"contentUrl\":\"https:\/\/stemarie-stjoseph.fr\/ecole-ste-marie\/wp-content\/uploads\/sites\/6\/2021\/05\/logo-enseignement-catholique.png\",\"width\":999,\"height\":602,\"caption\":\"Etablissement d'enseignement catholique Saint Benoit sur Loire\"},\"image\":{\"@id\":\"https:\/\/stemarie-stjoseph.fr\/ecole-ste-marie\/#\/schema\/logo\/image\/\"}}]}<\/script>\n<!-- \/ Yoast SEO plugin. -->","yoast_head_json":{"title":"Liens utiles - \u00c9cole Sainte Marie","robots":{"index":"index","follow":"follow","max-snippet":"max-snippet:-1","max-image-preview":"max-image-preview:large","max-video-preview":"max-video-preview:-1"},"canonical":"https:\/\/stemarie-stjoseph.fr\/ecole-ste-marie\/liens-utiles\/","og_locale":"fr_FR","og_type":"article","og_title":"Liens utiles - \u00c9cole Sainte Marie","og_description":"M\u00e9diateur des litiges de la consommation Enseignement Catholique Berry Loiret Abbaye de Fleury Mairie de Saint-Beno\u00eet-sur-Loire","og_url":"https:\/\/stemarie-stjoseph.fr\/ecole-ste-marie\/liens-utiles\/","og_site_name":"\u00c9cole Sainte Marie","article_modified_time":"2022-11-25T10:24:07+00:00","twitter_card":"summary_large_image","twitter_misc":{"Dur\u00e9e de lecture estim\u00e9e":"1 minute"},"schema":{"@context":"https:\/\/schema.org","@graph":[{"@type":"WebPage","@id":"https:\/\/stemarie-stjoseph.fr\/ecole-ste-marie\/liens-utiles\/","url":"https:\/\/stemarie-stjoseph.fr\/ecole-ste-marie\/liens-utiles\/","name":"Liens utiles - \u00c9cole Sainte Marie","isPartOf":{"@id":"https:\/\/stemarie-stjoseph.fr\/ecole-ste-marie\/#website"},"datePublished":"2022-11-25T10:16:12+00:00","dateModified":"2022-11-25T10:24:07+00:00","breadcrumb":{"@id":"https:\/\/stemarie-stjoseph.fr\/ecole-ste-marie\/liens-utiles\/#breadcrumb"},"inLanguage":"fr-FR","potentialAction":[{"@type":"ReadAction","target":["https:\/\/stemarie-stjoseph.fr\/ecole-ste-marie\/liens-utiles\/"]}]},{"@type":"BreadcrumbList","@id":"https:\/\/stemarie-stjoseph.fr\/ecole-ste-marie\/liens-utiles\/#breadcrumb","itemListElement":[{"@type":"ListItem","position":1,"name":"Accueil","item":"https:\/\/stemarie-stjoseph.fr\/ecole-ste-marie\/"},{"@type":"ListItem","position":2,"name":"Liens utiles"}]},{"@type":"WebSite","@id":"https:\/\/stemarie-stjoseph.fr\/ecole-ste-marie\/#website","url":"https:\/\/stemarie-stjoseph.fr\/ecole-ste-marie\/","name":"Groupe Scolaire de Saint Beno\u00eet sur Loire","description":"Un site utilisant WordPress","publisher":{"@id":"https:\/\/stemarie-stjoseph.fr\/ecole-ste-marie\/#organization"},"potentialAction":[{"@type":"SearchAction","target":{"@type":"EntryPoint","urlTemplate":"https:\/\/stemarie-stjoseph.fr\/ecole-ste-marie\/?s={search_term_string}"},"query-input":{"@type":"PropertyValueSpecification","valueRequired":true,"valueName":"search_term_string"}}],"inLanguage":"fr-FR"},{"@type":"Organization","@id":"https:\/\/stemarie-stjoseph.fr\/ecole-ste-marie\/#organization","name":"Etablissement d'enseignement catholique Saint Benoit sur Loire","url":"https:\/\/stemarie-stjoseph.fr\/ecole-ste-marie\/","logo":{"@type":"ImageObject","inLanguage":"fr-FR","@id":"https:\/\/stemarie-stjoseph.fr\/ecole-ste-marie\/#\/schema\/logo\/image\/","url":"https:\/\/stemarie-stjoseph.fr\/ecole-ste-marie\/wp-content\/uploads\/sites\/6\/2021\/05\/logo-enseignement-catholique.png","contentUrl":"https:\/\/stemarie-stjoseph.fr\/ecole-ste-marie\/wp-content\/uploads\/sites\/6\/2021\/05\/logo-enseignement-catholique.png","width":999,"height":602,"caption":"Etablissement d'enseignement catholique Saint Benoit sur Loire"},"image":{"@id":"https:\/\/stemarie-stjoseph.fr\/ecole-ste-marie\/#\/schema\/logo\/image\/"}}]}},"_links":{"self":[{"href":"https:\/\/stemarie-stjoseph.fr\/ecole-ste-marie\/wp-json\/wp\/v2\/pages\/803"}],"collection":[{"href":"https:\/\/stemarie-stjoseph.fr\/ecole-ste-marie\/wp-json\/wp\/v2\/pages"}],"about":[{"href":"https:\/\/stemarie-stjoseph.fr\/ecole-ste-marie\/wp-json\/wp\/v2\/types\/page"}],"author":[{"embeddable":true,"href":"https:\/\/stemarie-stjoseph.fr\/ecole-ste-marie\/wp-json\/wp\/v2\/users\/4"}],"replies":[{"embeddable":true,"href":"https:\/\/stemarie-stjoseph.fr\/ecole-ste-marie\/wp-json\/wp\/v2\/comments?post=803"}],"version-history":[{"count":4,"href":"https:\/\/stemarie-stjoseph.fr\/ecole-ste-marie\/wp-json\/wp\/v2\/pages\/803\/revisions"}],"predecessor-version":[{"id":812,"href":"https:\/\/stemarie-stjoseph.fr\/ecole-ste-marie\/wp-json\/wp\/v2\/pages\/803\/revisions\/812"}],"wp:attachment":[{"href":"https:\/\/stemarie-stjoseph.fr\/ecole-ste-marie\/wp-json\/wp\/v2\/media?parent=803"}],"curies":[{"name":"wp","href":"https:\/\/api.w.org\/{rel}","templated":true}]}}